{"id":711,"date":"2020-09-08T22:07:23","date_gmt":"2020-09-08T20:07:23","guid":{"rendered":"http:\/\/pataconte.fr\/?page_id=711"},"modified":"2024-08-17T17:37:07","modified_gmt":"2024-08-17T15:37:07","slug":"la-grande-boite-en-carton","status":"publish","type":"page","link":"https:\/\/pataconte.fr\/index.php\/les-spectacles\/les-valisettes\/la-grande-boite-en-carton\/","title":{"rendered":"LA GRANDE BOITE EN CARTON"},"content":{"rendered":"\n<figure class=\"wp-block-image size-large is-resized\"><img fetchpriority=\"high\" decoding=\"async\" src=\"https:\/\/pataconte.fr\/wp-content\/uploads\/2020\/09\/Composition-la-grande-bo\u00eete-en-carton-1024x512.jpg\" alt=\"\" class=\"wp-image-712\" width=\"838\" height=\"419\" srcset=\"https:\/\/pataconte.fr\/wp-content\/uploads\/2020\/09\/Composition-la-grande-bo\u00eete-en-carton-1024x512.jpg 1024w, https:\/\/pataconte.fr\/wp-content\/uploads\/2020\/09\/Composition-la-grande-bo\u00eete-en-carton-300x150.jpg 300w, https:\/\/pataconte.fr\/wp-content\/uploads\/2020\/09\/Composition-la-grande-bo\u00eete-en-carton-768x384.jpg 768w, https:\/\/pataconte.fr\/wp-content\/uploads\/2020\/09\/Composition-la-grande-bo\u00eete-en-carton-1536x768.jpg 1536w, https:\/\/pataconte.fr\/wp-content\/uploads\/2020\/09\/Composition-la-grande-bo\u00eete-en-carton-2048x1024.jpg 2048w, https:\/\/pataconte.fr\/wp-content\/uploads\/2020\/09\/Composition-la-grande-bo\u00eete-en-carton-1160x580.jpg 1160w\" sizes=\"(max-width: 838px) 100vw, 838px\" \/><\/figure>\n\n\n\n<div style=\"height:100px\" aria-hidden=\"true\" class=\"wp-block-spacer\"><\/div>\n\n\n\n<div class=\"wp-block-media-text alignwide is-stacked-on-mobile\" style=\"grid-template-columns:29% auto\"><figure class=\"wp-block-media-text__media\"><img decoding=\"async\" width=\"357\" height=\"536\" src=\"https:\/\/pataconte.fr\/wp-content\/uploads\/2024\/08\/@JP-DEBATS-2-1.jpg\" alt=\"\" class=\"wp-image-1747 size-full\" srcset=\"https:\/\/pataconte.fr\/wp-content\/uploads\/2024\/08\/@JP-DEBATS-2-1.jpg 357w, https:\/\/pataconte.fr\/wp-content\/uploads\/2024\/08\/@JP-DEBATS-2-1-200x300.jpg 200w\" sizes=\"(max-width: 357px) 100vw, 357px\" \/><\/figure><div class=\"wp-block-media-text__content\">\n<p><\/p>\n\n\n\n<p>Les vacances sont finies.<\/p>\n\n\n\n<p>Petit Bonhomme est rentr\u00e9 chez lui plein d\u2019\u00e9nergie.<\/p>\n\n\n\n<p>Dans sa chambre, rien n\u2019a boug\u00e9&nbsp;:<\/p>\n\n\n\n<p>Son petit lit douillet et son \u00e9tag\u00e8re pleine de jouets.<\/p>\n\n\n\n<p>Sa lanterne qui luit et sa grosse tortue Sidonie,<\/p>\n\n\n\n<p>Son terrible de dragon et son ours tout mignon.<\/p>\n\n\n\n<p>Tiens&nbsp;! une bo\u00eete en carton. Et si c\u2019\u00e9tait\u2026le tracteur de Papi&nbsp;! Le bateau d\u2019un gentil pirate&nbsp;! Le ch\u00e2teau-fort d\u2019un courageux chevalier&nbsp;!&nbsp; Une maison pour r\u00eaver&nbsp;! Un avion pour s\u2019\u00e9vader&nbsp;!<\/p>\n\n\n\n<p>Pas question de tourner en rond avec cette grande bo\u00eete en carton&nbsp;!<\/p>\n\n\n\n<p>Une histoire pour les tout-petits, en valise et en musique, pour jouer avec son imagination.<\/p>\n<\/div><\/div>\n","protected":false},"excerpt":{"rendered":"<p>Les vacances sont finies. Petit Bonhomme est rentr\u00e9 chez lui plein d\u2019\u00e9nergie. Dans sa chambre, rien n\u2019a boug\u00e9&nbsp;: Son petit lit douillet et son \u00e9tag\u00e8re pleine de jouets. Sa lanterne qui luit et sa grosse tortue Sidonie, Son terrible de dragon et son ours tout mignon. Tiens&nbsp;! une bo\u00eete en carton. Et si c\u2019\u00e9tait\u2026le tracteur de Papi&nbsp;! Le bateau d\u2019un gentil pirate&nbsp;! Le ch\u00e2teau-fort d\u2019un courageux chevalier&nbsp;!&nbsp; Une maison pour r\u00eaver&nbsp;! Un avion pour s\u2019\u00e9vader&nbsp;! Pas question de tourner en rond avec cette grande bo\u00eete en carton&nbsp;! Une histoire pour les tout-petits, en valise et en musique, pour jouer avec son imagination.<\/p>\n","protected":false},"author":1,"featured_media":0,"parent":101,"menu_order":12,"comment_status":"closed","ping_status":"closed","template":"","meta":{"footnotes":""},"class_list":["post-711","page","type-page","status-publish","hentry"],"yoast_head":"<!-- This site is optimized with the Yoast SEO plugin v26.8 - https:\/\/yoast.com\/product\/yoast-seo-wordpress\/ -->\n<title>LA GRANDE BOITE EN CARTON - Compagnie Pataconte<\/title>\n<meta name=\"robots\" content=\"index, follow, max-snippet:-1, max-image-preview:large, max-video-preview:-1\" \/>\n<link rel=\"canonical\" href=\"https:\/\/pataconte.fr\/index.php\/les-spectacles\/les-valisettes\/la-grande-boite-en-carton\/\" \/>\n<meta property=\"og:locale\" content=\"fr_FR\" \/>\n<meta property=\"og:type\" content=\"article\" \/>\n<meta property=\"og:title\" content=\"LA GRANDE BOITE EN CARTON - Compagnie Pataconte\" \/>\n<meta property=\"og:description\" content=\"Les vacances sont finies. Petit Bonhomme est rentr\u00e9 chez lui plein d\u2019\u00e9nergie. Dans sa chambre, rien n\u2019a boug\u00e9&nbsp;: Son petit lit douillet et son \u00e9tag\u00e8re pleine de jouets. Sa lanterne qui luit et sa grosse tortue Sidonie, Son terrible de dragon et son ours tout mignon. Tiens&nbsp;! une bo\u00eete en carton. Et si c\u2019\u00e9tait\u2026le tracteur de Papi&nbsp;! Le bateau d\u2019un gentil pirate&nbsp;! Le ch\u00e2teau-fort d\u2019un courageux chevalier&nbsp;!&nbsp; Une maison pour r\u00eaver&nbsp;! Un avion pour s\u2019\u00e9vader&nbsp;! Pas question de tourner en rond avec cette grande bo\u00eete en carton&nbsp;! Une histoire pour les tout-petits, en valise et en musique, pour jouer avec son imagination.\" \/>\n<meta property=\"og:url\" content=\"https:\/\/pataconte.fr\/index.php\/les-spectacles\/les-valisettes\/la-grande-boite-en-carton\/\" \/>\n<meta property=\"og:site_name\" content=\"Compagnie Pataconte\" \/>\n<meta property=\"article:modified_time\" content=\"2024-08-17T15:37:07+00:00\" \/>\n<meta property=\"og:image\" content=\"https:\/\/pataconte.fr\/wp-content\/uploads\/2024\/08\/@JP-DEBATS-2-1.jpg\" \/>\n<meta name=\"twitter:card\" content=\"summary_large_image\" \/>\n<meta name=\"twitter:label1\" content=\"Dur\u00e9e de lecture estim\u00e9e\" \/>\n\t<meta name=\"twitter:data1\" content=\"1 minute\" \/>\n<script type=\"application\/ld+json\" class=\"yoast-schema-graph\">{\"@context\":\"https:\/\/schema.org\",\"@graph\":[{\"@type\":\"WebPage\",\"@id\":\"https:\/\/pataconte.fr\/index.php\/les-spectacles\/les-valisettes\/la-grande-boite-en-carton\/\",\"url\":\"https:\/\/pataconte.fr\/index.php\/les-spectacles\/les-valisettes\/la-grande-boite-en-carton\/\",\"name\":\"LA GRANDE BOITE EN CARTON - Compagnie Pataconte\",\"isPartOf\":{\"@id\":\"https:\/\/pataconte.fr\/#website\"},\"primaryImageOfPage\":{\"@id\":\"https:\/\/pataconte.fr\/index.php\/les-spectacles\/les-valisettes\/la-grande-boite-en-carton\/#primaryimage\"},\"image\":{\"@id\":\"https:\/\/pataconte.fr\/index.php\/les-spectacles\/les-valisettes\/la-grande-boite-en-carton\/#primaryimage\"},\"thumbnailUrl\":\"https:\/\/pataconte.fr\/wp-content\/uploads\/2024\/08\/@JP-DEBATS-2-1.jpg\",\"datePublished\":\"2020-09-08T20:07:23+00:00\",\"dateModified\":\"2024-08-17T15:37:07+00:00\",\"breadcrumb\":{\"@id\":\"https:\/\/pataconte.fr\/index.php\/les-spectacles\/les-valisettes\/la-grande-boite-en-carton\/#breadcrumb\"},\"inLanguage\":\"fr-FR\",\"potentialAction\":[{\"@type\":\"ReadAction\",\"target\":[\"https:\/\/pataconte.fr\/index.php\/les-spectacles\/les-valisettes\/la-grande-boite-en-carton\/\"]}]},{\"@type\":\"ImageObject\",\"inLanguage\":\"fr-FR\",\"@id\":\"https:\/\/pataconte.fr\/index.php\/les-spectacles\/les-valisettes\/la-grande-boite-en-carton\/#primaryimage\",\"url\":\"https:\/\/pataconte.fr\/wp-content\/uploads\/2024\/08\/@JP-DEBATS-2-1.jpg\",\"contentUrl\":\"https:\/\/pataconte.fr\/wp-content\/uploads\/2024\/08\/@JP-DEBATS-2-1.jpg\",\"width\":357,\"height\":536},{\"@type\":\"BreadcrumbList\",\"@id\":\"https:\/\/pataconte.fr\/index.php\/les-spectacles\/les-valisettes\/la-grande-boite-en-carton\/#breadcrumb\",\"itemListElement\":[{\"@type\":\"ListItem\",\"position\":1,\"name\":\"Accueil\",\"item\":\"https:\/\/pataconte.fr\/\"},{\"@type\":\"ListItem\",\"position\":2,\"name\":\"Spectacles\",\"item\":\"https:\/\/pataconte.fr\/index.php\/les-spectacles\/\"},{\"@type\":\"ListItem\",\"position\":3,\"name\":\"Les petites valisettes!\",\"item\":\"https:\/\/pataconte.fr\/index.php\/les-spectacles\/les-valisettes\/\"},{\"@type\":\"ListItem\",\"position\":4,\"name\":\"LA GRANDE BOITE EN CARTON\"}]},{\"@type\":\"WebSite\",\"@id\":\"https:\/\/pataconte.fr\/#website\",\"url\":\"https:\/\/pataconte.fr\/\",\"name\":\"Compagnie Pataconte\",\"description\":\"\",\"publisher\":{\"@id\":\"https:\/\/pataconte.fr\/#organization\"},\"potentialAction\":[{\"@type\":\"SearchAction\",\"target\":{\"@type\":\"EntryPoint\",\"urlTemplate\":\"https:\/\/pataconte.fr\/?s={search_term_string}\"},\"query-input\":{\"@type\":\"PropertyValueSpecification\",\"valueRequired\":true,\"valueName\":\"search_term_string\"}}],\"inLanguage\":\"fr-FR\"},{\"@type\":\"Organization\",\"@id\":\"https:\/\/pataconte.fr\/#organization\",\"name\":\"Compagnie Pataconte\",\"url\":\"https:\/\/pataconte.fr\/\",\"logo\":{\"@type\":\"ImageObject\",\"inLanguage\":\"fr-FR\",\"@id\":\"https:\/\/pataconte.fr\/#\/schema\/logo\/image\/\",\"url\":\"https:\/\/pataconte.fr\/wp-content\/uploads\/2019\/06\/Logo-redessine\u0301.jpg\",\"contentUrl\":\"https:\/\/pataconte.fr\/wp-content\/uploads\/2019\/06\/Logo-redessine\u0301.jpg\",\"width\":3049,\"height\":2881,\"caption\":\"Compagnie Pataconte\"},\"image\":{\"@id\":\"https:\/\/pataconte.fr\/#\/schema\/logo\/image\/\"}}]}<\/script>\n<!-- \/ Yoast SEO plugin. -->","yoast_head_json":{"title":"LA GRANDE BOITE EN CARTON - Compagnie Pataconte","robots":{"index":"index","follow":"follow","max-snippet":"max-snippet:-1","max-image-preview":"max-image-preview:large","max-video-preview":"max-video-preview:-1"},"canonical":"https:\/\/pataconte.fr\/index.php\/les-spectacles\/les-valisettes\/la-grande-boite-en-carton\/","og_locale":"fr_FR","og_type":"article","og_title":"LA GRANDE BOITE EN CARTON - Compagnie Pataconte","og_description":"Les vacances sont finies. Petit Bonhomme est rentr\u00e9 chez lui plein d\u2019\u00e9nergie. Dans sa chambre, rien n\u2019a boug\u00e9&nbsp;: Son petit lit douillet et son \u00e9tag\u00e8re pleine de jouets. Sa lanterne qui luit et sa grosse tortue Sidonie, Son terrible de dragon et son ours tout mignon. Tiens&nbsp;! une bo\u00eete en carton. Et si c\u2019\u00e9tait\u2026le tracteur de Papi&nbsp;! Le bateau d\u2019un gentil pirate&nbsp;! Le ch\u00e2teau-fort d\u2019un courageux chevalier&nbsp;!&nbsp; Une maison pour r\u00eaver&nbsp;! Un avion pour s\u2019\u00e9vader&nbsp;! Pas question de tourner en rond avec cette grande bo\u00eete en carton&nbsp;! Une histoire pour les tout-petits, en valise et en musique, pour jouer avec son imagination.","og_url":"https:\/\/pataconte.fr\/index.php\/les-spectacles\/les-valisettes\/la-grande-boite-en-carton\/","og_site_name":"Compagnie Pataconte","article_modified_time":"2024-08-17T15:37:07+00:00","og_image":[{"url":"https:\/\/pataconte.fr\/wp-content\/uploads\/2024\/08\/@JP-DEBATS-2-1.jpg","type":"","width":"","height":""}],"twitter_card":"summary_large_image","twitter_misc":{"Dur\u00e9e de lecture estim\u00e9e":"1 minute"},"schema":{"@context":"https:\/\/schema.org","@graph":[{"@type":"WebPage","@id":"https:\/\/pataconte.fr\/index.php\/les-spectacles\/les-valisettes\/la-grande-boite-en-carton\/","url":"https:\/\/pataconte.fr\/index.php\/les-spectacles\/les-valisettes\/la-grande-boite-en-carton\/","name":"LA GRANDE BOITE EN CARTON - Compagnie Pataconte","isPartOf":{"@id":"https:\/\/pataconte.fr\/#website"},"primaryImageOfPage":{"@id":"https:\/\/pataconte.fr\/index.php\/les-spectacles\/les-valisettes\/la-grande-boite-en-carton\/#primaryimage"},"image":{"@id":"https:\/\/pataconte.fr\/index.php\/les-spectacles\/les-valisettes\/la-grande-boite-en-carton\/#primaryimage"},"thumbnailUrl":"https:\/\/pataconte.fr\/wp-content\/uploads\/2024\/08\/@JP-DEBATS-2-1.jpg","datePublished":"2020-09-08T20:07:23+00:00","dateModified":"2024-08-17T15:37:07+00:00","breadcrumb":{"@id":"https:\/\/pataconte.fr\/index.php\/les-spectacles\/les-valisettes\/la-grande-boite-en-carton\/#breadcrumb"},"inLanguage":"fr-FR","potentialAction":[{"@type":"ReadAction","target":["https:\/\/pataconte.fr\/index.php\/les-spectacles\/les-valisettes\/la-grande-boite-en-carton\/"]}]},{"@type":"ImageObject","inLanguage":"fr-FR","@id":"https:\/\/pataconte.fr\/index.php\/les-spectacles\/les-valisettes\/la-grande-boite-en-carton\/#primaryimage","url":"https:\/\/pataconte.fr\/wp-content\/uploads\/2024\/08\/@JP-DEBATS-2-1.jpg","contentUrl":"https:\/\/pataconte.fr\/wp-content\/uploads\/2024\/08\/@JP-DEBATS-2-1.jpg","width":357,"height":536},{"@type":"BreadcrumbList","@id":"https:\/\/pataconte.fr\/index.php\/les-spectacles\/les-valisettes\/la-grande-boite-en-carton\/#breadcrumb","itemListElement":[{"@type":"ListItem","position":1,"name":"Accueil","item":"https:\/\/pataconte.fr\/"},{"@type":"ListItem","position":2,"name":"Spectacles","item":"https:\/\/pataconte.fr\/index.php\/les-spectacles\/"},{"@type":"ListItem","position":3,"name":"Les petites valisettes!","item":"https:\/\/pataconte.fr\/index.php\/les-spectacles\/les-valisettes\/"},{"@type":"ListItem","position":4,"name":"LA GRANDE BOITE EN CARTON"}]},{"@type":"WebSite","@id":"https:\/\/pataconte.fr\/#website","url":"https:\/\/pataconte.fr\/","name":"Compagnie Pataconte","description":"","publisher":{"@id":"https:\/\/pataconte.fr\/#organization"},"potentialAction":[{"@type":"SearchAction","target":{"@type":"EntryPoint","urlTemplate":"https:\/\/pataconte.fr\/?s={search_term_string}"},"query-input":{"@type":"PropertyValueSpecification","valueRequired":true,"valueName":"search_term_string"}}],"inLanguage":"fr-FR"},{"@type":"Organization","@id":"https:\/\/pataconte.fr\/#organization","name":"Compagnie Pataconte","url":"https:\/\/pataconte.fr\/","logo":{"@type":"ImageObject","inLanguage":"fr-FR","@id":"https:\/\/pataconte.fr\/#\/schema\/logo\/image\/","url":"https:\/\/pataconte.fr\/wp-content\/uploads\/2019\/06\/Logo-redessine\u0301.jpg","contentUrl":"https:\/\/pataconte.fr\/wp-content\/uploads\/2019\/06\/Logo-redessine\u0301.jpg","width":3049,"height":2881,"caption":"Compagnie Pataconte"},"image":{"@id":"https:\/\/pataconte.fr\/#\/schema\/logo\/image\/"}}]}},"acf":[],"_links":{"self":[{"href":"https:\/\/pataconte.fr\/index.php\/wp-json\/wp\/v2\/pages\/711","targetHints":{"allow":["GET"]}}],"collection":[{"href":"https:\/\/pataconte.fr\/index.php\/wp-json\/wp\/v2\/pages"}],"about":[{"href":"https:\/\/pataconte.fr\/index.php\/wp-json\/wp\/v2\/types\/page"}],"author":[{"embeddable":true,"href":"https:\/\/pataconte.fr\/index.php\/wp-json\/wp\/v2\/users\/1"}],"replies":[{"embeddable":true,"href":"https:\/\/pataconte.fr\/index.php\/wp-json\/wp\/v2\/comments?post=711"}],"version-history":[{"count":4,"href":"https:\/\/pataconte.fr\/index.php\/wp-json\/wp\/v2\/pages\/711\/revisions"}],"predecessor-version":[{"id":1751,"href":"https:\/\/pataconte.fr\/index.php\/wp-json\/wp\/v2\/pages\/711\/revisions\/1751"}],"up":[{"embeddable":true,"href":"https:\/\/pataconte.fr\/index.php\/wp-json\/wp\/v2\/pages\/101"}],"wp:attachment":[{"href":"https:\/\/pataconte.fr\/index.php\/wp-json\/wp\/v2\/media?parent=711"}],"curies":[{"name":"wp","href":"https:\/\/api.w.org\/{rel}","templated":true}]}}