{"id":661,"date":"2020-01-11T12:59:00","date_gmt":"2020-01-11T11:59:00","guid":{"rendered":"http:\/\/pataconte.fr\/?page_id=661"},"modified":"2024-04-22T16:15:53","modified_gmt":"2024-04-22T14:15:53","slug":"lhistoire-du-beau-ver-dodu","status":"publish","type":"page","link":"https:\/\/pataconte.fr\/index.php\/les-spectacles\/les-valisettes\/lhistoire-du-beau-ver-dodu\/","title":{"rendered":"L&rsquo;histoire du beau ver dodu"},"content":{"rendered":"\n<p>(version avec ou sans accord\u00e9on)<\/p>\n\n\n\n<p><\/p>\n\n\n\n<figure class=\"wp-block-image size-large\"><img fetchpriority=\"high\" decoding=\"async\" width=\"1024\" height=\"512\" src=\"https:\/\/pataconte.fr\/wp-content\/uploads\/2020\/01\/Composition-simple-Le-beau-ver-dodu-1-1024x512.jpg\" alt=\"\" class=\"wp-image-656\" srcset=\"https:\/\/pataconte.fr\/wp-content\/uploads\/2020\/01\/Composition-simple-Le-beau-ver-dodu-1-1024x512.jpg 1024w, https:\/\/pataconte.fr\/wp-content\/uploads\/2020\/01\/Composition-simple-Le-beau-ver-dodu-1-300x150.jpg 300w, https:\/\/pataconte.fr\/wp-content\/uploads\/2020\/01\/Composition-simple-Le-beau-ver-dodu-1-768x384.jpg 768w, https:\/\/pataconte.fr\/wp-content\/uploads\/2020\/01\/Composition-simple-Le-beau-ver-dodu-1-1536x768.jpg 1536w, https:\/\/pataconte.fr\/wp-content\/uploads\/2020\/01\/Composition-simple-Le-beau-ver-dodu-1-2048x1024.jpg 2048w, https:\/\/pataconte.fr\/wp-content\/uploads\/2020\/01\/Composition-simple-Le-beau-ver-dodu-1-1160x580.jpg 1160w\" sizes=\"(max-width: 1024px) 100vw, 1024px\" \/><\/figure>\n\n\n\n<figure class=\"wp-block-video\"><video height=\"720\" style=\"aspect-ratio: 1280 \/ 720;\" width=\"1280\" controls src=\"https:\/\/pataconte.fr\/wp-content\/uploads\/2023\/08\/Teaser-lhistoire-du-beau-ver-dodu.mp4\"><\/video><\/figure>\n\n\n\n<figure class=\"wp-block-gallery has-nested-images columns-default wp-block-gallery-1 is-layout-flex wp-block-gallery-is-layout-flex\">\n<figure class=\"wp-block-image size-large is-style-default\"><img decoding=\"async\" width=\"1024\" height=\"683\" data-id=\"1623\" src=\"https:\/\/pataconte.fr\/wp-content\/uploads\/2023\/09\/2023-07-04-Photos-Beau-Ver-Dodu-35-copie-1024x683.jpg\" alt=\"\" class=\"wp-image-1623\" srcset=\"https:\/\/pataconte.fr\/wp-content\/uploads\/2023\/09\/2023-07-04-Photos-Beau-Ver-Dodu-35-copie-1024x683.jpg 1024w, https:\/\/pataconte.fr\/wp-content\/uploads\/2023\/09\/2023-07-04-Photos-Beau-Ver-Dodu-35-copie-300x200.jpg 300w, https:\/\/pataconte.fr\/wp-content\/uploads\/2023\/09\/2023-07-04-Photos-Beau-Ver-Dodu-35-copie-768x512.jpg 768w, https:\/\/pataconte.fr\/wp-content\/uploads\/2023\/09\/2023-07-04-Photos-Beau-Ver-Dodu-35-copie-1536x1024.jpg 1536w, https:\/\/pataconte.fr\/wp-content\/uploads\/2023\/09\/2023-07-04-Photos-Beau-Ver-Dodu-35-copie-2048x1365.jpg 2048w, https:\/\/pataconte.fr\/wp-content\/uploads\/2023\/09\/2023-07-04-Photos-Beau-Ver-Dodu-35-copie-1160x773.jpg 1160w\" sizes=\"(max-width: 1024px) 100vw, 1024px\" \/><\/figure>\n\n\n\n<figure class=\"wp-block-image size-large is-style-default\"><img decoding=\"async\" width=\"1024\" height=\"683\" data-id=\"1631\" src=\"https:\/\/pataconte.fr\/wp-content\/uploads\/2023\/09\/2023-07-04-Photos-Beau-Ver-Dodu-4-1-1024x683.jpg\" alt=\"\" class=\"wp-image-1631\" srcset=\"https:\/\/pataconte.fr\/wp-content\/uploads\/2023\/09\/2023-07-04-Photos-Beau-Ver-Dodu-4-1-1024x683.jpg 1024w, https:\/\/pataconte.fr\/wp-content\/uploads\/2023\/09\/2023-07-04-Photos-Beau-Ver-Dodu-4-1-300x200.jpg 300w, https:\/\/pataconte.fr\/wp-content\/uploads\/2023\/09\/2023-07-04-Photos-Beau-Ver-Dodu-4-1-768x512.jpg 768w, https:\/\/pataconte.fr\/wp-content\/uploads\/2023\/09\/2023-07-04-Photos-Beau-Ver-Dodu-4-1-1536x1024.jpg 1536w, https:\/\/pataconte.fr\/wp-content\/uploads\/2023\/09\/2023-07-04-Photos-Beau-Ver-Dodu-4-1-2048x1365.jpg 2048w, https:\/\/pataconte.fr\/wp-content\/uploads\/2023\/09\/2023-07-04-Photos-Beau-Ver-Dodu-4-1-1160x773.jpg 1160w\" sizes=\"(max-width: 1024px) 100vw, 1024px\" \/><\/figure>\n\n\n\n<figure class=\"wp-block-image size-large is-style-default\"><img loading=\"lazy\" decoding=\"async\" width=\"1024\" height=\"683\" data-id=\"1624\" src=\"https:\/\/pataconte.fr\/wp-content\/uploads\/2023\/09\/2023-07-04-Photos-Beau-Ver-Dodu-11copie-1024x683.jpg\" alt=\"\" class=\"wp-image-1624\" srcset=\"https:\/\/pataconte.fr\/wp-content\/uploads\/2023\/09\/2023-07-04-Photos-Beau-Ver-Dodu-11copie-1024x683.jpg 1024w, https:\/\/pataconte.fr\/wp-content\/uploads\/2023\/09\/2023-07-04-Photos-Beau-Ver-Dodu-11copie-300x200.jpg 300w, https:\/\/pataconte.fr\/wp-content\/uploads\/2023\/09\/2023-07-04-Photos-Beau-Ver-Dodu-11copie-768x512.jpg 768w, https:\/\/pataconte.fr\/wp-content\/uploads\/2023\/09\/2023-07-04-Photos-Beau-Ver-Dodu-11copie-1536x1024.jpg 1536w, https:\/\/pataconte.fr\/wp-content\/uploads\/2023\/09\/2023-07-04-Photos-Beau-Ver-Dodu-11copie-2048x1365.jpg 2048w, https:\/\/pataconte.fr\/wp-content\/uploads\/2023\/09\/2023-07-04-Photos-Beau-Ver-Dodu-11copie-1160x773.jpg 1160w\" sizes=\"(max-width: 1024px) 100vw, 1024px\" \/><\/figure>\n\n\n\n<figure class=\"wp-block-image size-large is-style-default\"><img loading=\"lazy\" decoding=\"async\" width=\"1024\" height=\"683\" data-id=\"1625\" src=\"https:\/\/pataconte.fr\/wp-content\/uploads\/2023\/09\/2023-07-04-Photos-Beau-Ver-Dodu-18-1024x683.jpg\" alt=\"\" class=\"wp-image-1625\" srcset=\"https:\/\/pataconte.fr\/wp-content\/uploads\/2023\/09\/2023-07-04-Photos-Beau-Ver-Dodu-18-1024x683.jpg 1024w, https:\/\/pataconte.fr\/wp-content\/uploads\/2023\/09\/2023-07-04-Photos-Beau-Ver-Dodu-18-300x200.jpg 300w, https:\/\/pataconte.fr\/wp-content\/uploads\/2023\/09\/2023-07-04-Photos-Beau-Ver-Dodu-18-768x512.jpg 768w, https:\/\/pataconte.fr\/wp-content\/uploads\/2023\/09\/2023-07-04-Photos-Beau-Ver-Dodu-18-1536x1024.jpg 1536w, https:\/\/pataconte.fr\/wp-content\/uploads\/2023\/09\/2023-07-04-Photos-Beau-Ver-Dodu-18-2048x1365.jpg 2048w, https:\/\/pataconte.fr\/wp-content\/uploads\/2023\/09\/2023-07-04-Photos-Beau-Ver-Dodu-18-1160x773.jpg 1160w\" sizes=\"(max-width: 1024px) 100vw, 1024px\" \/><\/figure>\n\n\n\n<figure class=\"wp-block-image size-large is-style-default\"><img loading=\"lazy\" decoding=\"async\" width=\"1024\" height=\"683\" data-id=\"1637\" src=\"https:\/\/pataconte.fr\/wp-content\/uploads\/2023\/09\/2023-07-04-Photos-Beau-Ver-Dodu-125-1024x683.jpg\" alt=\"\" class=\"wp-image-1637\" srcset=\"https:\/\/pataconte.fr\/wp-content\/uploads\/2023\/09\/2023-07-04-Photos-Beau-Ver-Dodu-125-1024x683.jpg 1024w, https:\/\/pataconte.fr\/wp-content\/uploads\/2023\/09\/2023-07-04-Photos-Beau-Ver-Dodu-125-300x200.jpg 300w, https:\/\/pataconte.fr\/wp-content\/uploads\/2023\/09\/2023-07-04-Photos-Beau-Ver-Dodu-125-768x512.jpg 768w, https:\/\/pataconte.fr\/wp-content\/uploads\/2023\/09\/2023-07-04-Photos-Beau-Ver-Dodu-125-1536x1024.jpg 1536w, https:\/\/pataconte.fr\/wp-content\/uploads\/2023\/09\/2023-07-04-Photos-Beau-Ver-Dodu-125-2048x1365.jpg 2048w, https:\/\/pataconte.fr\/wp-content\/uploads\/2023\/09\/2023-07-04-Photos-Beau-Ver-Dodu-125-1160x773.jpg 1160w\" sizes=\"(max-width: 1024px) 100vw, 1024px\" \/><\/figure>\n\n\n\n<figure class=\"wp-block-image size-large is-style-default\"><img loading=\"lazy\" decoding=\"async\" width=\"1024\" height=\"683\" data-id=\"1627\" src=\"https:\/\/pataconte.fr\/wp-content\/uploads\/2023\/09\/2023-07-04-Photos-Beau-Ver-Dodu-62-1024x683.jpg\" alt=\"\" class=\"wp-image-1627\" srcset=\"https:\/\/pataconte.fr\/wp-content\/uploads\/2023\/09\/2023-07-04-Photos-Beau-Ver-Dodu-62-1024x683.jpg 1024w, https:\/\/pataconte.fr\/wp-content\/uploads\/2023\/09\/2023-07-04-Photos-Beau-Ver-Dodu-62-300x200.jpg 300w, https:\/\/pataconte.fr\/wp-content\/uploads\/2023\/09\/2023-07-04-Photos-Beau-Ver-Dodu-62-768x512.jpg 768w, https:\/\/pataconte.fr\/wp-content\/uploads\/2023\/09\/2023-07-04-Photos-Beau-Ver-Dodu-62-1536x1024.jpg 1536w, https:\/\/pataconte.fr\/wp-content\/uploads\/2023\/09\/2023-07-04-Photos-Beau-Ver-Dodu-62-2048x1365.jpg 2048w, https:\/\/pataconte.fr\/wp-content\/uploads\/2023\/09\/2023-07-04-Photos-Beau-Ver-Dodu-62-1160x773.jpg 1160w\" sizes=\"(max-width: 1024px) 100vw, 1024px\" \/><\/figure>\n\n\n\n<figure class=\"wp-block-image size-large is-style-default\"><img loading=\"lazy\" decoding=\"async\" width=\"1024\" height=\"683\" data-id=\"1628\" src=\"https:\/\/pataconte.fr\/wp-content\/uploads\/2023\/09\/2023-07-04-Photos-Beau-Ver-Dodu-41-1024x683.jpg\" alt=\"\" class=\"wp-image-1628\" srcset=\"https:\/\/pataconte.fr\/wp-content\/uploads\/2023\/09\/2023-07-04-Photos-Beau-Ver-Dodu-41-1024x683.jpg 1024w, https:\/\/pataconte.fr\/wp-content\/uploads\/2023\/09\/2023-07-04-Photos-Beau-Ver-Dodu-41-300x200.jpg 300w, https:\/\/pataconte.fr\/wp-content\/uploads\/2023\/09\/2023-07-04-Photos-Beau-Ver-Dodu-41-768x512.jpg 768w, https:\/\/pataconte.fr\/wp-content\/uploads\/2023\/09\/2023-07-04-Photos-Beau-Ver-Dodu-41-1536x1024.jpg 1536w, https:\/\/pataconte.fr\/wp-content\/uploads\/2023\/09\/2023-07-04-Photos-Beau-Ver-Dodu-41-2048x1366.jpg 2048w, https:\/\/pataconte.fr\/wp-content\/uploads\/2023\/09\/2023-07-04-Photos-Beau-Ver-Dodu-41-1160x774.jpg 1160w\" sizes=\"(max-width: 1024px) 100vw, 1024px\" \/><\/figure>\n\n\n\n<figure class=\"wp-block-image size-large is-style-default\"><img loading=\"lazy\" decoding=\"async\" width=\"1024\" height=\"683\" data-id=\"1626\" src=\"https:\/\/pataconte.fr\/wp-content\/uploads\/2023\/09\/2023-07-04-Photos-Beau-Ver-Dodu-53modif-1024x683.jpg\" alt=\"\" class=\"wp-image-1626\" srcset=\"https:\/\/pataconte.fr\/wp-content\/uploads\/2023\/09\/2023-07-04-Photos-Beau-Ver-Dodu-53modif-1024x683.jpg 1024w, https:\/\/pataconte.fr\/wp-content\/uploads\/2023\/09\/2023-07-04-Photos-Beau-Ver-Dodu-53modif-300x200.jpg 300w, https:\/\/pataconte.fr\/wp-content\/uploads\/2023\/09\/2023-07-04-Photos-Beau-Ver-Dodu-53modif-768x512.jpg 768w, https:\/\/pataconte.fr\/wp-content\/uploads\/2023\/09\/2023-07-04-Photos-Beau-Ver-Dodu-53modif-1536x1024.jpg 1536w, https:\/\/pataconte.fr\/wp-content\/uploads\/2023\/09\/2023-07-04-Photos-Beau-Ver-Dodu-53modif-2048x1365.jpg 2048w, https:\/\/pataconte.fr\/wp-content\/uploads\/2023\/09\/2023-07-04-Photos-Beau-Ver-Dodu-53modif-1160x773.jpg 1160w\" sizes=\"(max-width: 1024px) 100vw, 1024px\" \/><\/figure>\n\n\n\n<figure class=\"wp-block-image size-large is-style-default\"><img loading=\"lazy\" decoding=\"async\" width=\"1024\" height=\"683\" data-id=\"1629\" src=\"https:\/\/pataconte.fr\/wp-content\/uploads\/2023\/09\/2023-07-04-Photos-Beau-Ver-Dodu-58-1024x683.jpg\" alt=\"\" class=\"wp-image-1629\" srcset=\"https:\/\/pataconte.fr\/wp-content\/uploads\/2023\/09\/2023-07-04-Photos-Beau-Ver-Dodu-58-1024x683.jpg 1024w, https:\/\/pataconte.fr\/wp-content\/uploads\/2023\/09\/2023-07-04-Photos-Beau-Ver-Dodu-58-300x200.jpg 300w, https:\/\/pataconte.fr\/wp-content\/uploads\/2023\/09\/2023-07-04-Photos-Beau-Ver-Dodu-58-768x512.jpg 768w, https:\/\/pataconte.fr\/wp-content\/uploads\/2023\/09\/2023-07-04-Photos-Beau-Ver-Dodu-58-1536x1024.jpg 1536w, https:\/\/pataconte.fr\/wp-content\/uploads\/2023\/09\/2023-07-04-Photos-Beau-Ver-Dodu-58-2048x1365.jpg 2048w, https:\/\/pataconte.fr\/wp-content\/uploads\/2023\/09\/2023-07-04-Photos-Beau-Ver-Dodu-58-1160x773.jpg 1160w\" sizes=\"(max-width: 1024px) 100vw, 1024px\" \/><\/figure>\n\n\n\n<figure class=\"wp-block-image size-large is-style-default\"><img loading=\"lazy\" decoding=\"async\" width=\"1024\" height=\"683\" data-id=\"859\" src=\"https:\/\/pataconte.fr\/wp-content\/uploads\/2021\/09\/DEBATS-JP-9253-1024x683.jpg\" alt=\"\" class=\"wp-image-859\" srcset=\"https:\/\/pataconte.fr\/wp-content\/uploads\/2021\/09\/DEBATS-JP-9253-1024x683.jpg 1024w, https:\/\/pataconte.fr\/wp-content\/uploads\/2021\/09\/DEBATS-JP-9253-300x200.jpg 300w, https:\/\/pataconte.fr\/wp-content\/uploads\/2021\/09\/DEBATS-JP-9253-768x512.jpg 768w, https:\/\/pataconte.fr\/wp-content\/uploads\/2021\/09\/DEBATS-JP-9253-1536x1024.jpg 1536w, https:\/\/pataconte.fr\/wp-content\/uploads\/2021\/09\/DEBATS-JP-9253-2048x1365.jpg 2048w, https:\/\/pataconte.fr\/wp-content\/uploads\/2021\/09\/DEBATS-JP-9253-1160x773.jpg 1160w\" sizes=\"(max-width: 1024px) 100vw, 1024px\" \/><\/figure>\n\n\n\n<figure class=\"wp-block-image size-large is-style-default\"><img loading=\"lazy\" decoding=\"async\" width=\"1024\" height=\"683\" data-id=\"1636\" src=\"https:\/\/pataconte.fr\/wp-content\/uploads\/2023\/09\/2023-07-04-Photos-Beau-Ver-Dodu-38-1024x683.jpg\" alt=\"\" class=\"wp-image-1636\" srcset=\"https:\/\/pataconte.fr\/wp-content\/uploads\/2023\/09\/2023-07-04-Photos-Beau-Ver-Dodu-38-1024x683.jpg 1024w, https:\/\/pataconte.fr\/wp-content\/uploads\/2023\/09\/2023-07-04-Photos-Beau-Ver-Dodu-38-300x200.jpg 300w, https:\/\/pataconte.fr\/wp-content\/uploads\/2023\/09\/2023-07-04-Photos-Beau-Ver-Dodu-38-768x512.jpg 768w, https:\/\/pataconte.fr\/wp-content\/uploads\/2023\/09\/2023-07-04-Photos-Beau-Ver-Dodu-38-1536x1024.jpg 1536w, https:\/\/pataconte.fr\/wp-content\/uploads\/2023\/09\/2023-07-04-Photos-Beau-Ver-Dodu-38-2048x1365.jpg 2048w, https:\/\/pataconte.fr\/wp-content\/uploads\/2023\/09\/2023-07-04-Photos-Beau-Ver-Dodu-38-1160x773.jpg 1160w\" sizes=\"(max-width: 1024px) 100vw, 1024px\" \/><\/figure>\n\n\n\n<figure class=\"wp-block-image size-large is-style-default\"><img loading=\"lazy\" decoding=\"async\" width=\"1024\" height=\"683\" data-id=\"1633\" src=\"https:\/\/pataconte.fr\/wp-content\/uploads\/2023\/09\/2023-07-04-Photos-Beau-Ver-Dodu-111-1024x683.jpg\" alt=\"\" class=\"wp-image-1633\" srcset=\"https:\/\/pataconte.fr\/wp-content\/uploads\/2023\/09\/2023-07-04-Photos-Beau-Ver-Dodu-111-1024x683.jpg 1024w, https:\/\/pataconte.fr\/wp-content\/uploads\/2023\/09\/2023-07-04-Photos-Beau-Ver-Dodu-111-300x200.jpg 300w, https:\/\/pataconte.fr\/wp-content\/uploads\/2023\/09\/2023-07-04-Photos-Beau-Ver-Dodu-111-768x512.jpg 768w, https:\/\/pataconte.fr\/wp-content\/uploads\/2023\/09\/2023-07-04-Photos-Beau-Ver-Dodu-111-1536x1024.jpg 1536w, https:\/\/pataconte.fr\/wp-content\/uploads\/2023\/09\/2023-07-04-Photos-Beau-Ver-Dodu-111-2048x1365.jpg 2048w, https:\/\/pataconte.fr\/wp-content\/uploads\/2023\/09\/2023-07-04-Photos-Beau-Ver-Dodu-111-1160x773.jpg 1160w\" sizes=\"(max-width: 1024px) 100vw, 1024px\" \/><\/figure>\n<\/figure>\n\n\n\n<div data-wp-interactive=\"core\/file\" class=\"wp-block-file\"><object data-wp-bind--hidden=\"!state.hasPdfPreview\" hidden class=\"wp-block-file__embed\" data=\"https:\/\/pataconte.fr\/wp-content\/uploads\/2024\/04\/DP-numerique-neutre.pdf\" type=\"application\/pdf\" style=\"width:100%;height:600px\" aria-label=\"Contenu embarqu\u00e9 DP-numerique-neutre.\"><\/object><a id=\"wp-block-file--media-5ad58461-acd3-4268-9132-b1601184dbe2\" href=\"https:\/\/pataconte.fr\/wp-content\/uploads\/2024\/04\/DP-numerique-neutre.pdf\">DP-numerique-neutre<\/a><a href=\"https:\/\/pataconte.fr\/wp-content\/uploads\/2024\/04\/DP-numerique-neutre.pdf\" class=\"wp-block-file__button wp-element-button\" download aria-describedby=\"wp-block-file--media-5ad58461-acd3-4268-9132-b1601184dbe2\">T\u00e9l\u00e9charger<\/a><\/div>\n\n\n\n<hr class=\"wp-block-separator has-css-opacity\"\/>\n\n\n\n<p class=\"has-text-align-center\">Vous souhaitez nous faire un retour : laisser un message sur <a href=\"https:\/\/pataconte.fr\/index.php\/vos-retours\/\">le livre d&rsquo;or<\/a>. <br>Si vous \u00eates int\u00e9ress\u00e9 par nos spectacles, contactez-nous <a href=\"https:\/\/pataconte.fr\/index.php\/contact\/\">ici<\/a>.<\/p>\n","protected":false},"excerpt":{"rendered":"<p>(version avec ou sans accord\u00e9on)<\/p>\n","protected":false},"author":1,"featured_media":0,"parent":101,"menu_order":0,"comment_status":"closed","ping_status":"closed","template":"","meta":{"footnotes":""},"class_list":["post-661","page","type-page","status-publish","hentry"],"yoast_head":"<!-- This site is optimized with the Yoast SEO plugin v26.8 - https:\/\/yoast.com\/product\/yoast-seo-wordpress\/ -->\n<title>L&#039;histoire du beau ver dodu - Compagnie Pataconte<\/title>\n<meta name=\"robots\" content=\"index, follow, max-snippet:-1, max-image-preview:large, max-video-preview:-1\" \/>\n<link rel=\"canonical\" href=\"https:\/\/pataconte.fr\/index.php\/les-spectacles\/les-valisettes\/lhistoire-du-beau-ver-dodu\/\" \/>\n<meta property=\"og:locale\" content=\"fr_FR\" \/>\n<meta property=\"og:type\" content=\"article\" \/>\n<meta property=\"og:title\" content=\"L&#039;histoire du beau ver dodu - Compagnie Pataconte\" \/>\n<meta property=\"og:description\" content=\"(version avec ou sans accord\u00e9on)\" \/>\n<meta property=\"og:url\" content=\"https:\/\/pataconte.fr\/index.php\/les-spectacles\/les-valisettes\/lhistoire-du-beau-ver-dodu\/\" \/>\n<meta property=\"og:site_name\" content=\"Compagnie Pataconte\" \/>\n<meta property=\"article:modified_time\" content=\"2024-04-22T14:15:53+00:00\" \/>\n<meta property=\"og:image\" content=\"http:\/\/pataconte.fr\/wp-content\/uploads\/2020\/01\/Composition-simple-Le-beau-ver-dodu-1-1024x512.jpg\" \/>\n<meta name=\"twitter:card\" content=\"summary_large_image\" \/>\n<meta name=\"twitter:label1\" content=\"Dur\u00e9e de lecture estim\u00e9e\" \/>\n\t<meta name=\"twitter:data1\" content=\"3 minutes\" \/>\n<script type=\"application\/ld+json\" class=\"yoast-schema-graph\">{\"@context\":\"https:\/\/schema.org\",\"@graph\":[{\"@type\":\"WebPage\",\"@id\":\"https:\/\/pataconte.fr\/index.php\/les-spectacles\/les-valisettes\/lhistoire-du-beau-ver-dodu\/\",\"url\":\"https:\/\/pataconte.fr\/index.php\/les-spectacles\/les-valisettes\/lhistoire-du-beau-ver-dodu\/\",\"name\":\"L'histoire du beau ver dodu - Compagnie Pataconte\",\"isPartOf\":{\"@id\":\"https:\/\/pataconte.fr\/#website\"},\"primaryImageOfPage\":{\"@id\":\"https:\/\/pataconte.fr\/index.php\/les-spectacles\/les-valisettes\/lhistoire-du-beau-ver-dodu\/#primaryimage\"},\"image\":{\"@id\":\"https:\/\/pataconte.fr\/index.php\/les-spectacles\/les-valisettes\/lhistoire-du-beau-ver-dodu\/#primaryimage\"},\"thumbnailUrl\":\"http:\/\/pataconte.fr\/wp-content\/uploads\/2020\/01\/Composition-simple-Le-beau-ver-dodu-1-1024x512.jpg\",\"datePublished\":\"2020-01-11T11:59:00+00:00\",\"dateModified\":\"2024-04-22T14:15:53+00:00\",\"breadcrumb\":{\"@id\":\"https:\/\/pataconte.fr\/index.php\/les-spectacles\/les-valisettes\/lhistoire-du-beau-ver-dodu\/#breadcrumb\"},\"inLanguage\":\"fr-FR\",\"potentialAction\":[{\"@type\":\"ReadAction\",\"target\":[\"https:\/\/pataconte.fr\/index.php\/les-spectacles\/les-valisettes\/lhistoire-du-beau-ver-dodu\/\"]}]},{\"@type\":\"ImageObject\",\"inLanguage\":\"fr-FR\",\"@id\":\"https:\/\/pataconte.fr\/index.php\/les-spectacles\/les-valisettes\/lhistoire-du-beau-ver-dodu\/#primaryimage\",\"url\":\"http:\/\/pataconte.fr\/wp-content\/uploads\/2020\/01\/Composition-simple-Le-beau-ver-dodu-1-1024x512.jpg\",\"contentUrl\":\"http:\/\/pataconte.fr\/wp-content\/uploads\/2020\/01\/Composition-simple-Le-beau-ver-dodu-1-1024x512.jpg\"},{\"@type\":\"BreadcrumbList\",\"@id\":\"https:\/\/pataconte.fr\/index.php\/les-spectacles\/les-valisettes\/lhistoire-du-beau-ver-dodu\/#breadcrumb\",\"itemListElement\":[{\"@type\":\"ListItem\",\"position\":1,\"name\":\"Accueil\",\"item\":\"https:\/\/pataconte.fr\/\"},{\"@type\":\"ListItem\",\"position\":2,\"name\":\"Spectacles\",\"item\":\"https:\/\/pataconte.fr\/index.php\/les-spectacles\/\"},{\"@type\":\"ListItem\",\"position\":3,\"name\":\"Les petites valisettes!\",\"item\":\"https:\/\/pataconte.fr\/index.php\/les-spectacles\/les-valisettes\/\"},{\"@type\":\"ListItem\",\"position\":4,\"name\":\"L&#8217;histoire du beau ver dodu\"}]},{\"@type\":\"WebSite\",\"@id\":\"https:\/\/pataconte.fr\/#website\",\"url\":\"https:\/\/pataconte.fr\/\",\"name\":\"Compagnie Pataconte\",\"description\":\"\",\"publisher\":{\"@id\":\"https:\/\/pataconte.fr\/#organization\"},\"potentialAction\":[{\"@type\":\"SearchAction\",\"target\":{\"@type\":\"EntryPoint\",\"urlTemplate\":\"https:\/\/pataconte.fr\/?s={search_term_string}\"},\"query-input\":{\"@type\":\"PropertyValueSpecification\",\"valueRequired\":true,\"valueName\":\"search_term_string\"}}],\"inLanguage\":\"fr-FR\"},{\"@type\":\"Organization\",\"@id\":\"https:\/\/pataconte.fr\/#organization\",\"name\":\"Compagnie Pataconte\",\"url\":\"https:\/\/pataconte.fr\/\",\"logo\":{\"@type\":\"ImageObject\",\"inLanguage\":\"fr-FR\",\"@id\":\"https:\/\/pataconte.fr\/#\/schema\/logo\/image\/\",\"url\":\"https:\/\/pataconte.fr\/wp-content\/uploads\/2019\/06\/Logo-redessine\u0301.jpg\",\"contentUrl\":\"https:\/\/pataconte.fr\/wp-content\/uploads\/2019\/06\/Logo-redessine\u0301.jpg\",\"width\":3049,\"height\":2881,\"caption\":\"Compagnie Pataconte\"},\"image\":{\"@id\":\"https:\/\/pataconte.fr\/#\/schema\/logo\/image\/\"}}]}<\/script>\n<!-- \/ Yoast SEO plugin. -->","yoast_head_json":{"title":"L'histoire du beau ver dodu - Compagnie Pataconte","robots":{"index":"index","follow":"follow","max-snippet":"max-snippet:-1","max-image-preview":"max-image-preview:large","max-video-preview":"max-video-preview:-1"},"canonical":"https:\/\/pataconte.fr\/index.php\/les-spectacles\/les-valisettes\/lhistoire-du-beau-ver-dodu\/","og_locale":"fr_FR","og_type":"article","og_title":"L'histoire du beau ver dodu - Compagnie Pataconte","og_description":"(version avec ou sans accord\u00e9on)","og_url":"https:\/\/pataconte.fr\/index.php\/les-spectacles\/les-valisettes\/lhistoire-du-beau-ver-dodu\/","og_site_name":"Compagnie Pataconte","article_modified_time":"2024-04-22T14:15:53+00:00","og_image":[{"url":"http:\/\/pataconte.fr\/wp-content\/uploads\/2020\/01\/Composition-simple-Le-beau-ver-dodu-1-1024x512.jpg","type":"","width":"","height":""}],"twitter_card":"summary_large_image","twitter_misc":{"Dur\u00e9e de lecture estim\u00e9e":"3 minutes"},"schema":{"@context":"https:\/\/schema.org","@graph":[{"@type":"WebPage","@id":"https:\/\/pataconte.fr\/index.php\/les-spectacles\/les-valisettes\/lhistoire-du-beau-ver-dodu\/","url":"https:\/\/pataconte.fr\/index.php\/les-spectacles\/les-valisettes\/lhistoire-du-beau-ver-dodu\/","name":"L'histoire du beau ver dodu - Compagnie Pataconte","isPartOf":{"@id":"https:\/\/pataconte.fr\/#website"},"primaryImageOfPage":{"@id":"https:\/\/pataconte.fr\/index.php\/les-spectacles\/les-valisettes\/lhistoire-du-beau-ver-dodu\/#primaryimage"},"image":{"@id":"https:\/\/pataconte.fr\/index.php\/les-spectacles\/les-valisettes\/lhistoire-du-beau-ver-dodu\/#primaryimage"},"thumbnailUrl":"http:\/\/pataconte.fr\/wp-content\/uploads\/2020\/01\/Composition-simple-Le-beau-ver-dodu-1-1024x512.jpg","datePublished":"2020-01-11T11:59:00+00:00","dateModified":"2024-04-22T14:15:53+00:00","breadcrumb":{"@id":"https:\/\/pataconte.fr\/index.php\/les-spectacles\/les-valisettes\/lhistoire-du-beau-ver-dodu\/#breadcrumb"},"inLanguage":"fr-FR","potentialAction":[{"@type":"ReadAction","target":["https:\/\/pataconte.fr\/index.php\/les-spectacles\/les-valisettes\/lhistoire-du-beau-ver-dodu\/"]}]},{"@type":"ImageObject","inLanguage":"fr-FR","@id":"https:\/\/pataconte.fr\/index.php\/les-spectacles\/les-valisettes\/lhistoire-du-beau-ver-dodu\/#primaryimage","url":"http:\/\/pataconte.fr\/wp-content\/uploads\/2020\/01\/Composition-simple-Le-beau-ver-dodu-1-1024x512.jpg","contentUrl":"http:\/\/pataconte.fr\/wp-content\/uploads\/2020\/01\/Composition-simple-Le-beau-ver-dodu-1-1024x512.jpg"},{"@type":"BreadcrumbList","@id":"https:\/\/pataconte.fr\/index.php\/les-spectacles\/les-valisettes\/lhistoire-du-beau-ver-dodu\/#breadcrumb","itemListElement":[{"@type":"ListItem","position":1,"name":"Accueil","item":"https:\/\/pataconte.fr\/"},{"@type":"ListItem","position":2,"name":"Spectacles","item":"https:\/\/pataconte.fr\/index.php\/les-spectacles\/"},{"@type":"ListItem","position":3,"name":"Les petites valisettes!","item":"https:\/\/pataconte.fr\/index.php\/les-spectacles\/les-valisettes\/"},{"@type":"ListItem","position":4,"name":"L&#8217;histoire du beau ver dodu"}]},{"@type":"WebSite","@id":"https:\/\/pataconte.fr\/#website","url":"https:\/\/pataconte.fr\/","name":"Compagnie Pataconte","description":"","publisher":{"@id":"https:\/\/pataconte.fr\/#organization"},"potentialAction":[{"@type":"SearchAction","target":{"@type":"EntryPoint","urlTemplate":"https:\/\/pataconte.fr\/?s={search_term_string}"},"query-input":{"@type":"PropertyValueSpecification","valueRequired":true,"valueName":"search_term_string"}}],"inLanguage":"fr-FR"},{"@type":"Organization","@id":"https:\/\/pataconte.fr\/#organization","name":"Compagnie Pataconte","url":"https:\/\/pataconte.fr\/","logo":{"@type":"ImageObject","inLanguage":"fr-FR","@id":"https:\/\/pataconte.fr\/#\/schema\/logo\/image\/","url":"https:\/\/pataconte.fr\/wp-content\/uploads\/2019\/06\/Logo-redessine\u0301.jpg","contentUrl":"https:\/\/pataconte.fr\/wp-content\/uploads\/2019\/06\/Logo-redessine\u0301.jpg","width":3049,"height":2881,"caption":"Compagnie Pataconte"},"image":{"@id":"https:\/\/pataconte.fr\/#\/schema\/logo\/image\/"}}]}},"acf":[],"_links":{"self":[{"href":"https:\/\/pataconte.fr\/index.php\/wp-json\/wp\/v2\/pages\/661","targetHints":{"allow":["GET"]}}],"collection":[{"href":"https:\/\/pataconte.fr\/index.php\/wp-json\/wp\/v2\/pages"}],"about":[{"href":"https:\/\/pataconte.fr\/index.php\/wp-json\/wp\/v2\/types\/page"}],"author":[{"embeddable":true,"href":"https:\/\/pataconte.fr\/index.php\/wp-json\/wp\/v2\/users\/1"}],"replies":[{"embeddable":true,"href":"https:\/\/pataconte.fr\/index.php\/wp-json\/wp\/v2\/comments?post=661"}],"version-history":[{"count":10,"href":"https:\/\/pataconte.fr\/index.php\/wp-json\/wp\/v2\/pages\/661\/revisions"}],"predecessor-version":[{"id":1718,"href":"https:\/\/pataconte.fr\/index.php\/wp-json\/wp\/v2\/pages\/661\/revisions\/1718"}],"up":[{"embeddable":true,"href":"https:\/\/pataconte.fr\/index.php\/wp-json\/wp\/v2\/pages\/101"}],"wp:attachment":[{"href":"https:\/\/pataconte.fr\/index.php\/wp-json\/wp\/v2\/media?parent=661"}],"curies":[{"name":"wp","href":"https:\/\/api.w.org\/{rel}","templated":true}]}}