{"id":261,"date":"2019-06-30T10:08:20","date_gmt":"2019-06-30T08:08:20","guid":{"rendered":"http:\/\/pataconte.fr\/?page_id=261"},"modified":"2023-04-05T09:59:30","modified_gmt":"2023-04-05T07:59:30","slug":"miyuki-et-les-trois-ours","status":"publish","type":"page","link":"https:\/\/pataconte.fr\/index.php\/les-spectacles\/les-valisettes\/miyuki-et-les-trois-ours\/","title":{"rendered":"Miyuki et les trois ours"},"content":{"rendered":"\n<figure class=\"wp-block-image size-large\"><img fetchpriority=\"high\" decoding=\"async\" width=\"1024\" height=\"512\" src=\"https:\/\/pataconte.fr\/wp-content\/uploads\/2023\/04\/Composition-Miyuki-et-les-trois-ours2-1024x512.jpg\" alt=\"\" class=\"wp-image-1478\" srcset=\"https:\/\/pataconte.fr\/wp-content\/uploads\/2023\/04\/Composition-Miyuki-et-les-trois-ours2-1024x512.jpg 1024w, https:\/\/pataconte.fr\/wp-content\/uploads\/2023\/04\/Composition-Miyuki-et-les-trois-ours2-300x150.jpg 300w, https:\/\/pataconte.fr\/wp-content\/uploads\/2023\/04\/Composition-Miyuki-et-les-trois-ours2-768x384.jpg 768w, https:\/\/pataconte.fr\/wp-content\/uploads\/2023\/04\/Composition-Miyuki-et-les-trois-ours2-1536x768.jpg 1536w, https:\/\/pataconte.fr\/wp-content\/uploads\/2023\/04\/Composition-Miyuki-et-les-trois-ours2-2048x1024.jpg 2048w, https:\/\/pataconte.fr\/wp-content\/uploads\/2023\/04\/Composition-Miyuki-et-les-trois-ours2-1160x580.jpg 1160w\" sizes=\"(max-width: 1024px) 100vw, 1024px\" \/><\/figure>\n\n\n\n<figure class=\"wp-block-gallery has-nested-images columns-default wp-block-gallery-1 is-layout-flex wp-block-gallery-is-layout-flex\">\n<figure class=\"wp-block-image size-full is-style-default\"><img decoding=\"async\" width=\"2558\" height=\"2560\" data-id=\"1034\" src=\"https:\/\/pataconte.fr\/wp-content\/uploads\/2021\/10\/DEBATS-JP-HELENE-5686-scaled.jpg\" alt=\"\" class=\"wp-image-1034\" srcset=\"https:\/\/pataconte.fr\/wp-content\/uploads\/2021\/10\/DEBATS-JP-HELENE-5686-scaled.jpg 2558w, https:\/\/pataconte.fr\/wp-content\/uploads\/2021\/10\/DEBATS-JP-HELENE-5686-300x300.jpg 300w, https:\/\/pataconte.fr\/wp-content\/uploads\/2021\/10\/DEBATS-JP-HELENE-5686-1024x1024.jpg 1024w, https:\/\/pataconte.fr\/wp-content\/uploads\/2021\/10\/DEBATS-JP-HELENE-5686-150x150.jpg 150w, https:\/\/pataconte.fr\/wp-content\/uploads\/2021\/10\/DEBATS-JP-HELENE-5686-768x769.jpg 768w, https:\/\/pataconte.fr\/wp-content\/uploads\/2021\/10\/DEBATS-JP-HELENE-5686-1536x1536.jpg 1536w, https:\/\/pataconte.fr\/wp-content\/uploads\/2021\/10\/DEBATS-JP-HELENE-5686-2046x2048.jpg 2046w, https:\/\/pataconte.fr\/wp-content\/uploads\/2021\/10\/DEBATS-JP-HELENE-5686-1160x1161.jpg 1160w, https:\/\/pataconte.fr\/wp-content\/uploads\/2021\/10\/DEBATS-JP-HELENE-5686-75x75.jpg 75w\" sizes=\"(max-width: 2558px) 100vw, 2558px\" \/><\/figure>\n\n\n\n<figure class=\"wp-block-image size-full is-style-default\"><img decoding=\"async\" width=\"2560\" height=\"2560\" data-id=\"1031\" src=\"https:\/\/pataconte.fr\/wp-content\/uploads\/2021\/10\/DEBATS-JP-HELENE-5659-scaled.jpg\" alt=\"\" class=\"wp-image-1031\" srcset=\"https:\/\/pataconte.fr\/wp-content\/uploads\/2021\/10\/DEBATS-JP-HELENE-5659-scaled.jpg 2560w, https:\/\/pataconte.fr\/wp-content\/uploads\/2021\/10\/DEBATS-JP-HELENE-5659-300x300.jpg 300w, https:\/\/pataconte.fr\/wp-content\/uploads\/2021\/10\/DEBATS-JP-HELENE-5659-1024x1024.jpg 1024w, https:\/\/pataconte.fr\/wp-content\/uploads\/2021\/10\/DEBATS-JP-HELENE-5659-150x150.jpg 150w, https:\/\/pataconte.fr\/wp-content\/uploads\/2021\/10\/DEBATS-JP-HELENE-5659-768x768.jpg 768w, https:\/\/pataconte.fr\/wp-content\/uploads\/2021\/10\/DEBATS-JP-HELENE-5659-1536x1536.jpg 1536w, https:\/\/pataconte.fr\/wp-content\/uploads\/2021\/10\/DEBATS-JP-HELENE-5659-2048x2048.jpg 2048w, https:\/\/pataconte.fr\/wp-content\/uploads\/2021\/10\/DEBATS-JP-HELENE-5659-1160x1160.jpg 1160w, https:\/\/pataconte.fr\/wp-content\/uploads\/2021\/10\/DEBATS-JP-HELENE-5659-75x75.jpg 75w\" sizes=\"(max-width: 2560px) 100vw, 2560px\" \/><\/figure>\n\n\n\n<figure class=\"wp-block-image size-full is-style-default\"><img loading=\"lazy\" decoding=\"async\" width=\"2557\" height=\"2560\" data-id=\"1029\" src=\"https:\/\/pataconte.fr\/wp-content\/uploads\/2021\/10\/DEBATS-JP-HELENE-5632-scaled.jpg\" alt=\"\" class=\"wp-image-1029\" srcset=\"https:\/\/pataconte.fr\/wp-content\/uploads\/2021\/10\/DEBATS-JP-HELENE-5632-scaled.jpg 2557w, https:\/\/pataconte.fr\/wp-content\/uploads\/2021\/10\/DEBATS-JP-HELENE-5632-300x300.jpg 300w, https:\/\/pataconte.fr\/wp-content\/uploads\/2021\/10\/DEBATS-JP-HELENE-5632-1024x1024.jpg 1024w, https:\/\/pataconte.fr\/wp-content\/uploads\/2021\/10\/DEBATS-JP-HELENE-5632-150x150.jpg 150w, https:\/\/pataconte.fr\/wp-content\/uploads\/2021\/10\/DEBATS-JP-HELENE-5632-768x769.jpg 768w, https:\/\/pataconte.fr\/wp-content\/uploads\/2021\/10\/DEBATS-JP-HELENE-5632-1534x1536.jpg 1534w, https:\/\/pataconte.fr\/wp-content\/uploads\/2021\/10\/DEBATS-JP-HELENE-5632-2046x2048.jpg 2046w, https:\/\/pataconte.fr\/wp-content\/uploads\/2021\/10\/DEBATS-JP-HELENE-5632-1160x1161.jpg 1160w, https:\/\/pataconte.fr\/wp-content\/uploads\/2021\/10\/DEBATS-JP-HELENE-5632-75x75.jpg 75w\" sizes=\"(max-width: 2557px) 100vw, 2557px\" \/><\/figure>\n\n\n\n<figure class=\"wp-block-image size-full is-style-default\"><img loading=\"lazy\" decoding=\"async\" width=\"2560\" height=\"1707\" data-id=\"1046\" src=\"https:\/\/pataconte.fr\/wp-content\/uploads\/2021\/10\/DEBATS-JP-HELENE-5876-scaled.jpg\" alt=\"\" class=\"wp-image-1046\" srcset=\"https:\/\/pataconte.fr\/wp-content\/uploads\/2021\/10\/DEBATS-JP-HELENE-5876-scaled.jpg 2560w, https:\/\/pataconte.fr\/wp-content\/uploads\/2021\/10\/DEBATS-JP-HELENE-5876-300x200.jpg 300w, https:\/\/pataconte.fr\/wp-content\/uploads\/2021\/10\/DEBATS-JP-HELENE-5876-1024x683.jpg 1024w, https:\/\/pataconte.fr\/wp-content\/uploads\/2021\/10\/DEBATS-JP-HELENE-5876-768x512.jpg 768w, https:\/\/pataconte.fr\/wp-content\/uploads\/2021\/10\/DEBATS-JP-HELENE-5876-1536x1024.jpg 1536w, https:\/\/pataconte.fr\/wp-content\/uploads\/2021\/10\/DEBATS-JP-HELENE-5876-2048x1365.jpg 2048w, https:\/\/pataconte.fr\/wp-content\/uploads\/2021\/10\/DEBATS-JP-HELENE-5876-1160x773.jpg 1160w\" sizes=\"(max-width: 2560px) 100vw, 2560px\" \/><\/figure>\n\n\n\n<figure class=\"wp-block-image size-full is-style-default\"><img loading=\"lazy\" decoding=\"async\" width=\"2560\" height=\"1707\" data-id=\"1045\" src=\"https:\/\/pataconte.fr\/wp-content\/uploads\/2021\/10\/DEBATS-JP-HELENE-5875-scaled.jpg\" alt=\"\" class=\"wp-image-1045\" srcset=\"https:\/\/pataconte.fr\/wp-content\/uploads\/2021\/10\/DEBATS-JP-HELENE-5875-scaled.jpg 2560w, https:\/\/pataconte.fr\/wp-content\/uploads\/2021\/10\/DEBATS-JP-HELENE-5875-300x200.jpg 300w, https:\/\/pataconte.fr\/wp-content\/uploads\/2021\/10\/DEBATS-JP-HELENE-5875-1024x683.jpg 1024w, https:\/\/pataconte.fr\/wp-content\/uploads\/2021\/10\/DEBATS-JP-HELENE-5875-768x512.jpg 768w, https:\/\/pataconte.fr\/wp-content\/uploads\/2021\/10\/DEBATS-JP-HELENE-5875-1536x1024.jpg 1536w, https:\/\/pataconte.fr\/wp-content\/uploads\/2021\/10\/DEBATS-JP-HELENE-5875-2048x1365.jpg 2048w, https:\/\/pataconte.fr\/wp-content\/uploads\/2021\/10\/DEBATS-JP-HELENE-5875-1160x773.jpg 1160w\" sizes=\"(max-width: 2560px) 100vw, 2560px\" \/><\/figure>\n\n\n\n<figure class=\"wp-block-image size-full is-style-default\"><img loading=\"lazy\" decoding=\"async\" width=\"2560\" height=\"1707\" data-id=\"1043\" src=\"https:\/\/pataconte.fr\/wp-content\/uploads\/2021\/10\/DEBATS-JP-HELENE-5873-scaled.jpg\" alt=\"\" class=\"wp-image-1043\" srcset=\"https:\/\/pataconte.fr\/wp-content\/uploads\/2021\/10\/DEBATS-JP-HELENE-5873-scaled.jpg 2560w, https:\/\/pataconte.fr\/wp-content\/uploads\/2021\/10\/DEBATS-JP-HELENE-5873-300x200.jpg 300w, https:\/\/pataconte.fr\/wp-content\/uploads\/2021\/10\/DEBATS-JP-HELENE-5873-1024x683.jpg 1024w, https:\/\/pataconte.fr\/wp-content\/uploads\/2021\/10\/DEBATS-JP-HELENE-5873-768x512.jpg 768w, https:\/\/pataconte.fr\/wp-content\/uploads\/2021\/10\/DEBATS-JP-HELENE-5873-1536x1024.jpg 1536w, https:\/\/pataconte.fr\/wp-content\/uploads\/2021\/10\/DEBATS-JP-HELENE-5873-2048x1365.jpg 2048w, https:\/\/pataconte.fr\/wp-content\/uploads\/2021\/10\/DEBATS-JP-HELENE-5873-1160x773.jpg 1160w\" sizes=\"(max-width: 2560px) 100vw, 2560px\" \/><\/figure>\n\n\n\n<figure class=\"wp-block-image size-full is-style-default\"><img loading=\"lazy\" decoding=\"async\" width=\"1707\" height=\"2560\" data-id=\"1040\" src=\"https:\/\/pataconte.fr\/wp-content\/uploads\/2021\/10\/DEBATS-JP-HELENE-5836-scaled.jpg\" alt=\"\" class=\"wp-image-1040\" srcset=\"https:\/\/pataconte.fr\/wp-content\/uploads\/2021\/10\/DEBATS-JP-HELENE-5836-scaled.jpg 1707w, https:\/\/pataconte.fr\/wp-content\/uploads\/2021\/10\/DEBATS-JP-HELENE-5836-200x300.jpg 200w, https:\/\/pataconte.fr\/wp-content\/uploads\/2021\/10\/DEBATS-JP-HELENE-5836-683x1024.jpg 683w, https:\/\/pataconte.fr\/wp-content\/uploads\/2021\/10\/DEBATS-JP-HELENE-5836-768x1152.jpg 768w, https:\/\/pataconte.fr\/wp-content\/uploads\/2021\/10\/DEBATS-JP-HELENE-5836-1024x1536.jpg 1024w, https:\/\/pataconte.fr\/wp-content\/uploads\/2021\/10\/DEBATS-JP-HELENE-5836-1365x2048.jpg 1365w, https:\/\/pataconte.fr\/wp-content\/uploads\/2021\/10\/DEBATS-JP-HELENE-5836-1160x1740.jpg 1160w\" sizes=\"(max-width: 1707px) 100vw, 1707px\" \/><\/figure>\n\n\n\n<figure class=\"wp-block-image size-full is-style-default\"><img loading=\"lazy\" decoding=\"async\" width=\"1707\" height=\"2560\" data-id=\"1037\" src=\"https:\/\/pataconte.fr\/wp-content\/uploads\/2021\/10\/DEBATS-JP-HELENE-5752-scaled.jpg\" alt=\"\" class=\"wp-image-1037\" srcset=\"https:\/\/pataconte.fr\/wp-content\/uploads\/2021\/10\/DEBATS-JP-HELENE-5752-scaled.jpg 1707w, https:\/\/pataconte.fr\/wp-content\/uploads\/2021\/10\/DEBATS-JP-HELENE-5752-200x300.jpg 200w, https:\/\/pataconte.fr\/wp-content\/uploads\/2021\/10\/DEBATS-JP-HELENE-5752-683x1024.jpg 683w, https:\/\/pataconte.fr\/wp-content\/uploads\/2021\/10\/DEBATS-JP-HELENE-5752-768x1152.jpg 768w, https:\/\/pataconte.fr\/wp-content\/uploads\/2021\/10\/DEBATS-JP-HELENE-5752-1024x1536.jpg 1024w, https:\/\/pataconte.fr\/wp-content\/uploads\/2021\/10\/DEBATS-JP-HELENE-5752-1365x2048.jpg 1365w, https:\/\/pataconte.fr\/wp-content\/uploads\/2021\/10\/DEBATS-JP-HELENE-5752-1160x1740.jpg 1160w\" sizes=\"(max-width: 1707px) 100vw, 1707px\" \/><\/figure>\n\n\n\n<figure class=\"wp-block-image size-full is-style-default\"><img loading=\"lazy\" decoding=\"async\" width=\"1707\" height=\"2560\" data-id=\"1036\" src=\"https:\/\/pataconte.fr\/wp-content\/uploads\/2021\/10\/DEBATS-JP-HELENE-5720-scaled.jpg\" alt=\"\" class=\"wp-image-1036\" srcset=\"https:\/\/pataconte.fr\/wp-content\/uploads\/2021\/10\/DEBATS-JP-HELENE-5720-scaled.jpg 1707w, https:\/\/pataconte.fr\/wp-content\/uploads\/2021\/10\/DEBATS-JP-HELENE-5720-200x300.jpg 200w, https:\/\/pataconte.fr\/wp-content\/uploads\/2021\/10\/DEBATS-JP-HELENE-5720-683x1024.jpg 683w, https:\/\/pataconte.fr\/wp-content\/uploads\/2021\/10\/DEBATS-JP-HELENE-5720-768x1152.jpg 768w, https:\/\/pataconte.fr\/wp-content\/uploads\/2021\/10\/DEBATS-JP-HELENE-5720-1024x1536.jpg 1024w, https:\/\/pataconte.fr\/wp-content\/uploads\/2021\/10\/DEBATS-JP-HELENE-5720-1365x2048.jpg 1365w, https:\/\/pataconte.fr\/wp-content\/uploads\/2021\/10\/DEBATS-JP-HELENE-5720-1160x1740.jpg 1160w\" sizes=\"(max-width: 1707px) 100vw, 1707px\" \/><\/figure>\n\n\n\n<figure class=\"wp-block-image size-full is-style-default\"><img loading=\"lazy\" decoding=\"async\" width=\"2560\" height=\"1707\" data-id=\"1033\" src=\"https:\/\/pataconte.fr\/wp-content\/uploads\/2021\/10\/DEBATS-JP-HELENE-5678-scaled.jpg\" alt=\"\" class=\"wp-image-1033\" srcset=\"https:\/\/pataconte.fr\/wp-content\/uploads\/2021\/10\/DEBATS-JP-HELENE-5678-scaled.jpg 2560w, https:\/\/pataconte.fr\/wp-content\/uploads\/2021\/10\/DEBATS-JP-HELENE-5678-300x200.jpg 300w, https:\/\/pataconte.fr\/wp-content\/uploads\/2021\/10\/DEBATS-JP-HELENE-5678-1024x683.jpg 1024w, https:\/\/pataconte.fr\/wp-content\/uploads\/2021\/10\/DEBATS-JP-HELENE-5678-768x512.jpg 768w, https:\/\/pataconte.fr\/wp-content\/uploads\/2021\/10\/DEBATS-JP-HELENE-5678-1536x1024.jpg 1536w, https:\/\/pataconte.fr\/wp-content\/uploads\/2021\/10\/DEBATS-JP-HELENE-5678-2048x1365.jpg 2048w, https:\/\/pataconte.fr\/wp-content\/uploads\/2021\/10\/DEBATS-JP-HELENE-5678-1160x773.jpg 1160w\" sizes=\"(max-width: 2560px) 100vw, 2560px\" \/><\/figure>\n\n\n\n<figure class=\"wp-block-image size-full is-style-default\"><img loading=\"lazy\" decoding=\"async\" width=\"2560\" height=\"1707\" data-id=\"1035\" src=\"https:\/\/pataconte.fr\/wp-content\/uploads\/2021\/10\/DEBATS-JP-HELENE-5704-scaled.jpg\" alt=\"\" class=\"wp-image-1035\" srcset=\"https:\/\/pataconte.fr\/wp-content\/uploads\/2021\/10\/DEBATS-JP-HELENE-5704-scaled.jpg 2560w, https:\/\/pataconte.fr\/wp-content\/uploads\/2021\/10\/DEBATS-JP-HELENE-5704-300x200.jpg 300w, https:\/\/pataconte.fr\/wp-content\/uploads\/2021\/10\/DEBATS-JP-HELENE-5704-1024x683.jpg 1024w, https:\/\/pataconte.fr\/wp-content\/uploads\/2021\/10\/DEBATS-JP-HELENE-5704-768x512.jpg 768w, https:\/\/pataconte.fr\/wp-content\/uploads\/2021\/10\/DEBATS-JP-HELENE-5704-1536x1024.jpg 1536w, https:\/\/pataconte.fr\/wp-content\/uploads\/2021\/10\/DEBATS-JP-HELENE-5704-2048x1365.jpg 2048w, https:\/\/pataconte.fr\/wp-content\/uploads\/2021\/10\/DEBATS-JP-HELENE-5704-1160x773.jpg 1160w\" sizes=\"(max-width: 2560px) 100vw, 2560px\" \/><\/figure>\n\n\n\n<figure class=\"wp-block-image size-full is-style-default\"><img loading=\"lazy\" decoding=\"async\" width=\"2560\" height=\"1707\" data-id=\"1025\" src=\"https:\/\/pataconte.fr\/wp-content\/uploads\/2021\/10\/DEBATS-JP-HELENE-5622-scaled.jpg\" alt=\"\" class=\"wp-image-1025\" srcset=\"https:\/\/pataconte.fr\/wp-content\/uploads\/2021\/10\/DEBATS-JP-HELENE-5622-scaled.jpg 2560w, https:\/\/pataconte.fr\/wp-content\/uploads\/2021\/10\/DEBATS-JP-HELENE-5622-300x200.jpg 300w, https:\/\/pataconte.fr\/wp-content\/uploads\/2021\/10\/DEBATS-JP-HELENE-5622-1024x683.jpg 1024w, https:\/\/pataconte.fr\/wp-content\/uploads\/2021\/10\/DEBATS-JP-HELENE-5622-768x512.jpg 768w, https:\/\/pataconte.fr\/wp-content\/uploads\/2021\/10\/DEBATS-JP-HELENE-5622-1536x1024.jpg 1536w, https:\/\/pataconte.fr\/wp-content\/uploads\/2021\/10\/DEBATS-JP-HELENE-5622-2048x1365.jpg 2048w, https:\/\/pataconte.fr\/wp-content\/uploads\/2021\/10\/DEBATS-JP-HELENE-5622-1160x773.jpg 1160w\" sizes=\"(max-width: 2560px) 100vw, 2560px\" \/><\/figure>\n\n\n\n<figure class=\"wp-block-image size-full is-style-default\"><img loading=\"lazy\" decoding=\"async\" width=\"2560\" height=\"2560\" data-id=\"1026\" src=\"https:\/\/pataconte.fr\/wp-content\/uploads\/2021\/10\/DEBATS-JP-HELENE-5624-scaled.jpg\" alt=\"\" class=\"wp-image-1026\" srcset=\"https:\/\/pataconte.fr\/wp-content\/uploads\/2021\/10\/DEBATS-JP-HELENE-5624-scaled.jpg 2560w, https:\/\/pataconte.fr\/wp-content\/uploads\/2021\/10\/DEBATS-JP-HELENE-5624-300x300.jpg 300w, https:\/\/pataconte.fr\/wp-content\/uploads\/2021\/10\/DEBATS-JP-HELENE-5624-1024x1024.jpg 1024w, https:\/\/pataconte.fr\/wp-content\/uploads\/2021\/10\/DEBATS-JP-HELENE-5624-150x150.jpg 150w, https:\/\/pataconte.fr\/wp-content\/uploads\/2021\/10\/DEBATS-JP-HELENE-5624-768x768.jpg 768w, https:\/\/pataconte.fr\/wp-content\/uploads\/2021\/10\/DEBATS-JP-HELENE-5624-1536x1536.jpg 1536w, https:\/\/pataconte.fr\/wp-content\/uploads\/2021\/10\/DEBATS-JP-HELENE-5624-2048x2048.jpg 2048w, https:\/\/pataconte.fr\/wp-content\/uploads\/2021\/10\/DEBATS-JP-HELENE-5624-1160x1161.jpg 1160w, https:\/\/pataconte.fr\/wp-content\/uploads\/2021\/10\/DEBATS-JP-HELENE-5624-75x75.jpg 75w\" sizes=\"(max-width: 2560px) 100vw, 2560px\" \/><\/figure>\n\n\n\n<figure class=\"wp-block-image size-full is-style-default\"><img loading=\"lazy\" decoding=\"async\" width=\"2560\" height=\"2113\" data-id=\"1027\" src=\"https:\/\/pataconte.fr\/wp-content\/uploads\/2021\/10\/DEBATS-JP-HELENE-5625-scaled.jpg\" alt=\"\" class=\"wp-image-1027\" srcset=\"https:\/\/pataconte.fr\/wp-content\/uploads\/2021\/10\/DEBATS-JP-HELENE-5625-scaled.jpg 2560w, https:\/\/pataconte.fr\/wp-content\/uploads\/2021\/10\/DEBATS-JP-HELENE-5625-300x248.jpg 300w, https:\/\/pataconte.fr\/wp-content\/uploads\/2021\/10\/DEBATS-JP-HELENE-5625-1024x845.jpg 1024w, https:\/\/pataconte.fr\/wp-content\/uploads\/2021\/10\/DEBATS-JP-HELENE-5625-768x634.jpg 768w, https:\/\/pataconte.fr\/wp-content\/uploads\/2021\/10\/DEBATS-JP-HELENE-5625-1536x1268.jpg 1536w, https:\/\/pataconte.fr\/wp-content\/uploads\/2021\/10\/DEBATS-JP-HELENE-5625-2048x1690.jpg 2048w, https:\/\/pataconte.fr\/wp-content\/uploads\/2021\/10\/DEBATS-JP-HELENE-5625-1160x957.jpg 1160w\" sizes=\"(max-width: 2560px) 100vw, 2560px\" \/><\/figure>\n<\/figure>\n\n\n\n<hr class=\"wp-block-separator has-css-opacity\"\/>\n\n\n\n<p class=\"has-text-align-center\">Vous souhaitez nous faire un retour : laisser un message sur <a href=\"https:\/\/pataconte.fr\/index.php\/vos-retours\/\">le livre d&rsquo;or<\/a>. <br>Si vous \u00eates int\u00e9ress\u00e9 par nos spectacles, contactez-nous <a href=\"https:\/\/pataconte.fr\/index.php\/contact\/\">ici<\/a>.<\/p>\n","protected":false},"excerpt":{"rendered":"","protected":false},"author":1,"featured_media":0,"parent":101,"menu_order":9,"comment_status":"closed","ping_status":"closed","template":"","meta":{"footnotes":""},"class_list":["post-261","page","type-page","status-publish","hentry"],"yoast_head":"<!-- This site is optimized with the Yoast SEO plugin v26.8 - https:\/\/yoast.com\/product\/yoast-seo-wordpress\/ -->\n<title>Miyuki et les trois ours - Compagnie Pataconte<\/title>\n<meta name=\"robots\" content=\"index, follow, max-snippet:-1, max-image-preview:large, max-video-preview:-1\" \/>\n<link rel=\"canonical\" href=\"https:\/\/pataconte.fr\/index.php\/les-spectacles\/les-valisettes\/miyuki-et-les-trois-ours\/\" \/>\n<meta property=\"og:locale\" content=\"fr_FR\" \/>\n<meta property=\"og:type\" content=\"article\" \/>\n<meta property=\"og:title\" content=\"Miyuki et les trois ours - Compagnie Pataconte\" \/>\n<meta property=\"og:url\" content=\"https:\/\/pataconte.fr\/index.php\/les-spectacles\/les-valisettes\/miyuki-et-les-trois-ours\/\" \/>\n<meta property=\"og:site_name\" content=\"Compagnie Pataconte\" \/>\n<meta property=\"article:modified_time\" content=\"2023-04-05T07:59:30+00:00\" \/>\n<meta property=\"og:image\" content=\"https:\/\/pataconte.fr\/wp-content\/uploads\/2023\/04\/Composition-Miyuki-et-les-trois-ours2-1024x512.jpg\" \/>\n<meta name=\"twitter:card\" content=\"summary_large_image\" \/>\n<meta name=\"twitter:label1\" content=\"Dur\u00e9e de lecture estim\u00e9e\" \/>\n\t<meta name=\"twitter:data1\" content=\"3 minutes\" \/>\n<script type=\"application\/ld+json\" class=\"yoast-schema-graph\">{\"@context\":\"https:\/\/schema.org\",\"@graph\":[{\"@type\":\"WebPage\",\"@id\":\"https:\/\/pataconte.fr\/index.php\/les-spectacles\/les-valisettes\/miyuki-et-les-trois-ours\/\",\"url\":\"https:\/\/pataconte.fr\/index.php\/les-spectacles\/les-valisettes\/miyuki-et-les-trois-ours\/\",\"name\":\"Miyuki et les trois ours - Compagnie Pataconte\",\"isPartOf\":{\"@id\":\"https:\/\/pataconte.fr\/#website\"},\"primaryImageOfPage\":{\"@id\":\"https:\/\/pataconte.fr\/index.php\/les-spectacles\/les-valisettes\/miyuki-et-les-trois-ours\/#primaryimage\"},\"image\":{\"@id\":\"https:\/\/pataconte.fr\/index.php\/les-spectacles\/les-valisettes\/miyuki-et-les-trois-ours\/#primaryimage\"},\"thumbnailUrl\":\"https:\/\/pataconte.fr\/wp-content\/uploads\/2023\/04\/Composition-Miyuki-et-les-trois-ours2-1024x512.jpg\",\"datePublished\":\"2019-06-30T08:08:20+00:00\",\"dateModified\":\"2023-04-05T07:59:30+00:00\",\"breadcrumb\":{\"@id\":\"https:\/\/pataconte.fr\/index.php\/les-spectacles\/les-valisettes\/miyuki-et-les-trois-ours\/#breadcrumb\"},\"inLanguage\":\"fr-FR\",\"potentialAction\":[{\"@type\":\"ReadAction\",\"target\":[\"https:\/\/pataconte.fr\/index.php\/les-spectacles\/les-valisettes\/miyuki-et-les-trois-ours\/\"]}]},{\"@type\":\"ImageObject\",\"inLanguage\":\"fr-FR\",\"@id\":\"https:\/\/pataconte.fr\/index.php\/les-spectacles\/les-valisettes\/miyuki-et-les-trois-ours\/#primaryimage\",\"url\":\"https:\/\/pataconte.fr\/wp-content\/uploads\/2023\/04\/Composition-Miyuki-et-les-trois-ours2.jpg\",\"contentUrl\":\"https:\/\/pataconte.fr\/wp-content\/uploads\/2023\/04\/Composition-Miyuki-et-les-trois-ours2.jpg\",\"width\":2362,\"height\":1181},{\"@type\":\"BreadcrumbList\",\"@id\":\"https:\/\/pataconte.fr\/index.php\/les-spectacles\/les-valisettes\/miyuki-et-les-trois-ours\/#breadcrumb\",\"itemListElement\":[{\"@type\":\"ListItem\",\"position\":1,\"name\":\"Accueil\",\"item\":\"https:\/\/pataconte.fr\/\"},{\"@type\":\"ListItem\",\"position\":2,\"name\":\"Spectacles\",\"item\":\"https:\/\/pataconte.fr\/index.php\/les-spectacles\/\"},{\"@type\":\"ListItem\",\"position\":3,\"name\":\"Les petites valisettes!\",\"item\":\"https:\/\/pataconte.fr\/index.php\/les-spectacles\/les-valisettes\/\"},{\"@type\":\"ListItem\",\"position\":4,\"name\":\"Miyuki et les trois ours\"}]},{\"@type\":\"WebSite\",\"@id\":\"https:\/\/pataconte.fr\/#website\",\"url\":\"https:\/\/pataconte.fr\/\",\"name\":\"Compagnie Pataconte\",\"description\":\"\",\"publisher\":{\"@id\":\"https:\/\/pataconte.fr\/#organization\"},\"potentialAction\":[{\"@type\":\"SearchAction\",\"target\":{\"@type\":\"EntryPoint\",\"urlTemplate\":\"https:\/\/pataconte.fr\/?s={search_term_string}\"},\"query-input\":{\"@type\":\"PropertyValueSpecification\",\"valueRequired\":true,\"valueName\":\"search_term_string\"}}],\"inLanguage\":\"fr-FR\"},{\"@type\":\"Organization\",\"@id\":\"https:\/\/pataconte.fr\/#organization\",\"name\":\"Compagnie Pataconte\",\"url\":\"https:\/\/pataconte.fr\/\",\"logo\":{\"@type\":\"ImageObject\",\"inLanguage\":\"fr-FR\",\"@id\":\"https:\/\/pataconte.fr\/#\/schema\/logo\/image\/\",\"url\":\"https:\/\/pataconte.fr\/wp-content\/uploads\/2019\/06\/Logo-redessine\u0301.jpg\",\"contentUrl\":\"https:\/\/pataconte.fr\/wp-content\/uploads\/2019\/06\/Logo-redessine\u0301.jpg\",\"width\":3049,\"height\":2881,\"caption\":\"Compagnie Pataconte\"},\"image\":{\"@id\":\"https:\/\/pataconte.fr\/#\/schema\/logo\/image\/\"}}]}<\/script>\n<!-- \/ Yoast SEO plugin. -->","yoast_head_json":{"title":"Miyuki et les trois ours - Compagnie Pataconte","robots":{"index":"index","follow":"follow","max-snippet":"max-snippet:-1","max-image-preview":"max-image-preview:large","max-video-preview":"max-video-preview:-1"},"canonical":"https:\/\/pataconte.fr\/index.php\/les-spectacles\/les-valisettes\/miyuki-et-les-trois-ours\/","og_locale":"fr_FR","og_type":"article","og_title":"Miyuki et les trois ours - Compagnie Pataconte","og_url":"https:\/\/pataconte.fr\/index.php\/les-spectacles\/les-valisettes\/miyuki-et-les-trois-ours\/","og_site_name":"Compagnie Pataconte","article_modified_time":"2023-04-05T07:59:30+00:00","og_image":[{"url":"https:\/\/pataconte.fr\/wp-content\/uploads\/2023\/04\/Composition-Miyuki-et-les-trois-ours2-1024x512.jpg","type":"","width":"","height":""}],"twitter_card":"summary_large_image","twitter_misc":{"Dur\u00e9e de lecture estim\u00e9e":"3 minutes"},"schema":{"@context":"https:\/\/schema.org","@graph":[{"@type":"WebPage","@id":"https:\/\/pataconte.fr\/index.php\/les-spectacles\/les-valisettes\/miyuki-et-les-trois-ours\/","url":"https:\/\/pataconte.fr\/index.php\/les-spectacles\/les-valisettes\/miyuki-et-les-trois-ours\/","name":"Miyuki et les trois ours - Compagnie Pataconte","isPartOf":{"@id":"https:\/\/pataconte.fr\/#website"},"primaryImageOfPage":{"@id":"https:\/\/pataconte.fr\/index.php\/les-spectacles\/les-valisettes\/miyuki-et-les-trois-ours\/#primaryimage"},"image":{"@id":"https:\/\/pataconte.fr\/index.php\/les-spectacles\/les-valisettes\/miyuki-et-les-trois-ours\/#primaryimage"},"thumbnailUrl":"https:\/\/pataconte.fr\/wp-content\/uploads\/2023\/04\/Composition-Miyuki-et-les-trois-ours2-1024x512.jpg","datePublished":"2019-06-30T08:08:20+00:00","dateModified":"2023-04-05T07:59:30+00:00","breadcrumb":{"@id":"https:\/\/pataconte.fr\/index.php\/les-spectacles\/les-valisettes\/miyuki-et-les-trois-ours\/#breadcrumb"},"inLanguage":"fr-FR","potentialAction":[{"@type":"ReadAction","target":["https:\/\/pataconte.fr\/index.php\/les-spectacles\/les-valisettes\/miyuki-et-les-trois-ours\/"]}]},{"@type":"ImageObject","inLanguage":"fr-FR","@id":"https:\/\/pataconte.fr\/index.php\/les-spectacles\/les-valisettes\/miyuki-et-les-trois-ours\/#primaryimage","url":"https:\/\/pataconte.fr\/wp-content\/uploads\/2023\/04\/Composition-Miyuki-et-les-trois-ours2.jpg","contentUrl":"https:\/\/pataconte.fr\/wp-content\/uploads\/2023\/04\/Composition-Miyuki-et-les-trois-ours2.jpg","width":2362,"height":1181},{"@type":"BreadcrumbList","@id":"https:\/\/pataconte.fr\/index.php\/les-spectacles\/les-valisettes\/miyuki-et-les-trois-ours\/#breadcrumb","itemListElement":[{"@type":"ListItem","position":1,"name":"Accueil","item":"https:\/\/pataconte.fr\/"},{"@type":"ListItem","position":2,"name":"Spectacles","item":"https:\/\/pataconte.fr\/index.php\/les-spectacles\/"},{"@type":"ListItem","position":3,"name":"Les petites valisettes!","item":"https:\/\/pataconte.fr\/index.php\/les-spectacles\/les-valisettes\/"},{"@type":"ListItem","position":4,"name":"Miyuki et les trois ours"}]},{"@type":"WebSite","@id":"https:\/\/pataconte.fr\/#website","url":"https:\/\/pataconte.fr\/","name":"Compagnie Pataconte","description":"","publisher":{"@id":"https:\/\/pataconte.fr\/#organization"},"potentialAction":[{"@type":"SearchAction","target":{"@type":"EntryPoint","urlTemplate":"https:\/\/pataconte.fr\/?s={search_term_string}"},"query-input":{"@type":"PropertyValueSpecification","valueRequired":true,"valueName":"search_term_string"}}],"inLanguage":"fr-FR"},{"@type":"Organization","@id":"https:\/\/pataconte.fr\/#organization","name":"Compagnie Pataconte","url":"https:\/\/pataconte.fr\/","logo":{"@type":"ImageObject","inLanguage":"fr-FR","@id":"https:\/\/pataconte.fr\/#\/schema\/logo\/image\/","url":"https:\/\/pataconte.fr\/wp-content\/uploads\/2019\/06\/Logo-redessine\u0301.jpg","contentUrl":"https:\/\/pataconte.fr\/wp-content\/uploads\/2019\/06\/Logo-redessine\u0301.jpg","width":3049,"height":2881,"caption":"Compagnie Pataconte"},"image":{"@id":"https:\/\/pataconte.fr\/#\/schema\/logo\/image\/"}}]}},"acf":[],"_links":{"self":[{"href":"https:\/\/pataconte.fr\/index.php\/wp-json\/wp\/v2\/pages\/261","targetHints":{"allow":["GET"]}}],"collection":[{"href":"https:\/\/pataconte.fr\/index.php\/wp-json\/wp\/v2\/pages"}],"about":[{"href":"https:\/\/pataconte.fr\/index.php\/wp-json\/wp\/v2\/types\/page"}],"author":[{"embeddable":true,"href":"https:\/\/pataconte.fr\/index.php\/wp-json\/wp\/v2\/users\/1"}],"replies":[{"embeddable":true,"href":"https:\/\/pataconte.fr\/index.php\/wp-json\/wp\/v2\/comments?post=261"}],"version-history":[{"count":6,"href":"https:\/\/pataconte.fr\/index.php\/wp-json\/wp\/v2\/pages\/261\/revisions"}],"predecessor-version":[{"id":1481,"href":"https:\/\/pataconte.fr\/index.php\/wp-json\/wp\/v2\/pages\/261\/revisions\/1481"}],"up":[{"embeddable":true,"href":"https:\/\/pataconte.fr\/index.php\/wp-json\/wp\/v2\/pages\/101"}],"wp:attachment":[{"href":"https:\/\/pataconte.fr\/index.php\/wp-json\/wp\/v2\/media?parent=261"}],"curies":[{"name":"wp","href":"https:\/\/api.w.org\/{rel}","templated":true}]}}