{"id":257,"date":"2019-06-30T10:07:23","date_gmt":"2019-06-30T08:07:23","guid":{"rendered":"http:\/\/pataconte.fr\/?page_id=257"},"modified":"2022-03-14T13:41:08","modified_gmt":"2022-03-14T12:41:08","slug":"oh-la-la-cest-quoi-cette-eau-la","status":"publish","type":"page","link":"https:\/\/pataconte.fr\/index.php\/les-spectacles\/les-valisettes\/oh-la-la-cest-quoi-cette-eau-la\/","title":{"rendered":"Oh l\u00e0 l\u00e0, c&rsquo;est quoi cette eau-l\u00e0"},"content":{"rendered":"\n<figure class=\"wp-block-image\"><img fetchpriority=\"high\" decoding=\"async\" width=\"1024\" height=\"512\" src=\"https:\/\/pataconte.fr\/wp-content\/uploads\/2019\/07\/Composition-cest-quoi-cette-eau-l\u00e0-1024x512.jpg\" alt=\"\" class=\"wp-image-393\" srcset=\"https:\/\/pataconte.fr\/wp-content\/uploads\/2019\/07\/Composition-cest-quoi-cette-eau-l\u00e0-1024x512.jpg 1024w, https:\/\/pataconte.fr\/wp-content\/uploads\/2019\/07\/Composition-cest-quoi-cette-eau-l\u00e0-300x150.jpg 300w, https:\/\/pataconte.fr\/wp-content\/uploads\/2019\/07\/Composition-cest-quoi-cette-eau-l\u00e0-768x384.jpg 768w, https:\/\/pataconte.fr\/wp-content\/uploads\/2019\/07\/Composition-cest-quoi-cette-eau-l\u00e0-1160x581.jpg 1160w\" sizes=\"(max-width: 1024px) 100vw, 1024px\" \/><\/figure>\n\n\n\n<figure class=\"wp-block-gallery has-nested-images columns-default wp-block-gallery-1 is-layout-flex wp-block-gallery-is-layout-flex\">\n<figure class=\"wp-block-image size-large is-style-default\"><img decoding=\"async\" width=\"683\" height=\"1024\" data-id=\"1077\" src=\"https:\/\/pataconte.fr\/wp-content\/uploads\/2021\/10\/DEBATS-JP-HELENE-3421-683x1024.jpg\" alt=\"\" class=\"wp-image-1077\" srcset=\"https:\/\/pataconte.fr\/wp-content\/uploads\/2021\/10\/DEBATS-JP-HELENE-3421-683x1024.jpg 683w, https:\/\/pataconte.fr\/wp-content\/uploads\/2021\/10\/DEBATS-JP-HELENE-3421-200x300.jpg 200w, https:\/\/pataconte.fr\/wp-content\/uploads\/2021\/10\/DEBATS-JP-HELENE-3421-768x1152.jpg 768w, https:\/\/pataconte.fr\/wp-content\/uploads\/2021\/10\/DEBATS-JP-HELENE-3421-1024x1536.jpg 1024w, https:\/\/pataconte.fr\/wp-content\/uploads\/2021\/10\/DEBATS-JP-HELENE-3421-1365x2048.jpg 1365w, https:\/\/pataconte.fr\/wp-content\/uploads\/2021\/10\/DEBATS-JP-HELENE-3421-1160x1740.jpg 1160w, https:\/\/pataconte.fr\/wp-content\/uploads\/2021\/10\/DEBATS-JP-HELENE-3421-scaled.jpg 1707w\" sizes=\"(max-width: 683px) 100vw, 683px\" \/><\/figure>\n\n\n\n<figure class=\"wp-block-image size-large is-style-default\"><img decoding=\"async\" width=\"683\" height=\"1024\" data-id=\"1082\" src=\"https:\/\/pataconte.fr\/wp-content\/uploads\/2021\/10\/DEBATS-JP-HELENE-1481-683x1024.jpg\" alt=\"\" class=\"wp-image-1082\" srcset=\"https:\/\/pataconte.fr\/wp-content\/uploads\/2021\/10\/DEBATS-JP-HELENE-1481-683x1024.jpg 683w, https:\/\/pataconte.fr\/wp-content\/uploads\/2021\/10\/DEBATS-JP-HELENE-1481-200x300.jpg 200w, https:\/\/pataconte.fr\/wp-content\/uploads\/2021\/10\/DEBATS-JP-HELENE-1481-768x1152.jpg 768w, https:\/\/pataconte.fr\/wp-content\/uploads\/2021\/10\/DEBATS-JP-HELENE-1481-1024x1536.jpg 1024w, https:\/\/pataconte.fr\/wp-content\/uploads\/2021\/10\/DEBATS-JP-HELENE-1481-1365x2048.jpg 1365w, https:\/\/pataconte.fr\/wp-content\/uploads\/2021\/10\/DEBATS-JP-HELENE-1481-1160x1740.jpg 1160w, https:\/\/pataconte.fr\/wp-content\/uploads\/2021\/10\/DEBATS-JP-HELENE-1481-scaled.jpg 1707w\" sizes=\"(max-width: 683px) 100vw, 683px\" \/><\/figure>\n\n\n\n<figure class=\"wp-block-image size-large is-style-default\"><img loading=\"lazy\" decoding=\"async\" width=\"683\" height=\"1024\" data-id=\"1078\" src=\"https:\/\/pataconte.fr\/wp-content\/uploads\/2021\/10\/DEBATS-JP-HELENE-3426-683x1024.jpg\" alt=\"\" class=\"wp-image-1078\" srcset=\"https:\/\/pataconte.fr\/wp-content\/uploads\/2021\/10\/DEBATS-JP-HELENE-3426-683x1024.jpg 683w, https:\/\/pataconte.fr\/wp-content\/uploads\/2021\/10\/DEBATS-JP-HELENE-3426-200x300.jpg 200w, https:\/\/pataconte.fr\/wp-content\/uploads\/2021\/10\/DEBATS-JP-HELENE-3426-768x1152.jpg 768w, https:\/\/pataconte.fr\/wp-content\/uploads\/2021\/10\/DEBATS-JP-HELENE-3426-1024x1536.jpg 1024w, https:\/\/pataconte.fr\/wp-content\/uploads\/2021\/10\/DEBATS-JP-HELENE-3426-1365x2048.jpg 1365w, https:\/\/pataconte.fr\/wp-content\/uploads\/2021\/10\/DEBATS-JP-HELENE-3426-1160x1740.jpg 1160w, https:\/\/pataconte.fr\/wp-content\/uploads\/2021\/10\/DEBATS-JP-HELENE-3426-scaled.jpg 1707w\" sizes=\"(max-width: 683px) 100vw, 683px\" \/><\/figure>\n\n\n\n<figure class=\"wp-block-image size-large is-style-default\"><img loading=\"lazy\" decoding=\"async\" width=\"1708\" height=\"2560\" data-id=\"1282\" src=\"https:\/\/pataconte.fr\/wp-content\/uploads\/2022\/03\/DEBATS-JP-HELENE-1632-edited-2-scaled.jpg\" alt=\"\" class=\"wp-image-1282\" srcset=\"https:\/\/pataconte.fr\/wp-content\/uploads\/2022\/03\/DEBATS-JP-HELENE-1632-edited-2-scaled.jpg 1708w, https:\/\/pataconte.fr\/wp-content\/uploads\/2022\/03\/DEBATS-JP-HELENE-1632-edited-2-200x300.jpg 200w, https:\/\/pataconte.fr\/wp-content\/uploads\/2022\/03\/DEBATS-JP-HELENE-1632-edited-2-683x1024.jpg 683w, https:\/\/pataconte.fr\/wp-content\/uploads\/2022\/03\/DEBATS-JP-HELENE-1632-edited-2-768x1151.jpg 768w, https:\/\/pataconte.fr\/wp-content\/uploads\/2022\/03\/DEBATS-JP-HELENE-1632-edited-2-1025x1536.jpg 1025w, https:\/\/pataconte.fr\/wp-content\/uploads\/2022\/03\/DEBATS-JP-HELENE-1632-edited-2-1367x2048.jpg 1367w, https:\/\/pataconte.fr\/wp-content\/uploads\/2022\/03\/DEBATS-JP-HELENE-1632-edited-2-1160x1738.jpg 1160w\" sizes=\"(max-width: 1708px) 100vw, 1708px\" \/><\/figure>\n\n\n\n<figure class=\"wp-block-image size-large is-style-default\"><img loading=\"lazy\" decoding=\"async\" width=\"726\" height=\"1024\" data-id=\"1278\" src=\"https:\/\/pataconte.fr\/wp-content\/uploads\/2022\/03\/Affiche-ohlala-cest-quoi-cette-eau-la-726x1024.jpg\" alt=\"\" class=\"wp-image-1278\" srcset=\"https:\/\/pataconte.fr\/wp-content\/uploads\/2022\/03\/Affiche-ohlala-cest-quoi-cette-eau-la-726x1024.jpg 726w, https:\/\/pataconte.fr\/wp-content\/uploads\/2022\/03\/Affiche-ohlala-cest-quoi-cette-eau-la-213x300.jpg 213w, https:\/\/pataconte.fr\/wp-content\/uploads\/2022\/03\/Affiche-ohlala-cest-quoi-cette-eau-la-768x1084.jpg 768w, https:\/\/pataconte.fr\/wp-content\/uploads\/2022\/03\/Affiche-ohlala-cest-quoi-cette-eau-la-1088x1536.jpg 1088w, https:\/\/pataconte.fr\/wp-content\/uploads\/2022\/03\/Affiche-ohlala-cest-quoi-cette-eau-la-1451x2048.jpg 1451w, https:\/\/pataconte.fr\/wp-content\/uploads\/2022\/03\/Affiche-ohlala-cest-quoi-cette-eau-la-1160x1637.jpg 1160w, https:\/\/pataconte.fr\/wp-content\/uploads\/2022\/03\/Affiche-ohlala-cest-quoi-cette-eau-la-scaled.jpg 1814w\" sizes=\"(max-width: 726px) 100vw, 726px\" \/><\/figure>\n\n\n\n<figure class=\"wp-block-image size-large is-style-default\"><img loading=\"lazy\" decoding=\"async\" width=\"683\" height=\"1024\" data-id=\"1087\" src=\"https:\/\/pataconte.fr\/wp-content\/uploads\/2021\/10\/DEBATS-JP-HELENE-1688-683x1024.jpg\" alt=\"\" class=\"wp-image-1087\" srcset=\"https:\/\/pataconte.fr\/wp-content\/uploads\/2021\/10\/DEBATS-JP-HELENE-1688-683x1024.jpg 683w, https:\/\/pataconte.fr\/wp-content\/uploads\/2021\/10\/DEBATS-JP-HELENE-1688-200x300.jpg 200w, https:\/\/pataconte.fr\/wp-content\/uploads\/2021\/10\/DEBATS-JP-HELENE-1688-768x1152.jpg 768w, https:\/\/pataconte.fr\/wp-content\/uploads\/2021\/10\/DEBATS-JP-HELENE-1688-1024x1536.jpg 1024w, https:\/\/pataconte.fr\/wp-content\/uploads\/2021\/10\/DEBATS-JP-HELENE-1688-1365x2048.jpg 1365w, https:\/\/pataconte.fr\/wp-content\/uploads\/2021\/10\/DEBATS-JP-HELENE-1688-1160x1740.jpg 1160w, https:\/\/pataconte.fr\/wp-content\/uploads\/2021\/10\/DEBATS-JP-HELENE-1688-scaled.jpg 1707w\" sizes=\"(max-width: 683px) 100vw, 683px\" \/><\/figure>\n\n\n\n<figure class=\"wp-block-image size-large is-style-default\"><img loading=\"lazy\" decoding=\"async\" width=\"1024\" height=\"683\" data-id=\"1081\" src=\"https:\/\/pataconte.fr\/wp-content\/uploads\/2021\/10\/DEBATS-JP-HELENE-3467-1024x683.jpg\" alt=\"\" class=\"wp-image-1081\" srcset=\"https:\/\/pataconte.fr\/wp-content\/uploads\/2021\/10\/DEBATS-JP-HELENE-3467-1024x683.jpg 1024w, https:\/\/pataconte.fr\/wp-content\/uploads\/2021\/10\/DEBATS-JP-HELENE-3467-300x200.jpg 300w, https:\/\/pataconte.fr\/wp-content\/uploads\/2021\/10\/DEBATS-JP-HELENE-3467-768x512.jpg 768w, https:\/\/pataconte.fr\/wp-content\/uploads\/2021\/10\/DEBATS-JP-HELENE-3467-1536x1024.jpg 1536w, https:\/\/pataconte.fr\/wp-content\/uploads\/2021\/10\/DEBATS-JP-HELENE-3467-2048x1365.jpg 2048w, https:\/\/pataconte.fr\/wp-content\/uploads\/2021\/10\/DEBATS-JP-HELENE-3467-1160x773.jpg 1160w\" sizes=\"(max-width: 1024px) 100vw, 1024px\" \/><\/figure>\n<\/figure>\n\n\n\n<hr class=\"wp-block-separator has-css-opacity\"\/>\n\n\n\n<p class=\"has-text-align-center\">Vous souhaitez nous faire un retour : laisser un message sur <a href=\"https:\/\/pataconte.fr\/index.php\/vos-retours\/\">le livre d&rsquo;or<\/a>. <br>Si vous \u00eates int\u00e9ress\u00e9 par nos spectacles, contactez-nous <a href=\"https:\/\/pataconte.fr\/index.php\/contact\/\">ici<\/a>.<\/p>\n","protected":false},"excerpt":{"rendered":"","protected":false},"author":1,"featured_media":0,"parent":101,"menu_order":7,"comment_status":"closed","ping_status":"closed","template":"","meta":{"footnotes":""},"class_list":["post-257","page","type-page","status-publish","hentry"],"yoast_head":"<!-- This site is optimized with the Yoast SEO plugin v26.8 - https:\/\/yoast.com\/product\/yoast-seo-wordpress\/ -->\n<title>Oh l\u00e0 l\u00e0, c&#039;est quoi cette eau-l\u00e0 - Compagnie Pataconte<\/title>\n<meta name=\"robots\" content=\"index, follow, max-snippet:-1, max-image-preview:large, max-video-preview:-1\" \/>\n<link rel=\"canonical\" href=\"https:\/\/pataconte.fr\/index.php\/les-spectacles\/les-valisettes\/oh-la-la-cest-quoi-cette-eau-la\/\" \/>\n<meta property=\"og:locale\" content=\"fr_FR\" \/>\n<meta property=\"og:type\" content=\"article\" \/>\n<meta property=\"og:title\" content=\"Oh l\u00e0 l\u00e0, c&#039;est quoi cette eau-l\u00e0 - Compagnie Pataconte\" \/>\n<meta property=\"og:url\" content=\"https:\/\/pataconte.fr\/index.php\/les-spectacles\/les-valisettes\/oh-la-la-cest-quoi-cette-eau-la\/\" \/>\n<meta property=\"og:site_name\" content=\"Compagnie Pataconte\" \/>\n<meta property=\"article:modified_time\" content=\"2022-03-14T12:41:08+00:00\" \/>\n<meta property=\"og:image\" content=\"http:\/\/pataconte.fr\/wp-content\/uploads\/2019\/07\/Composition-cest-quoi-cette-eau-l\u00e0-1024x512.jpg\" \/>\n<meta name=\"twitter:card\" content=\"summary_large_image\" \/>\n<meta name=\"twitter:label1\" content=\"Dur\u00e9e de lecture estim\u00e9e\" \/>\n\t<meta name=\"twitter:data1\" content=\"2 minutes\" \/>\n<script type=\"application\/ld+json\" class=\"yoast-schema-graph\">{\"@context\":\"https:\/\/schema.org\",\"@graph\":[{\"@type\":\"WebPage\",\"@id\":\"https:\/\/pataconte.fr\/index.php\/les-spectacles\/les-valisettes\/oh-la-la-cest-quoi-cette-eau-la\/\",\"url\":\"https:\/\/pataconte.fr\/index.php\/les-spectacles\/les-valisettes\/oh-la-la-cest-quoi-cette-eau-la\/\",\"name\":\"Oh l\u00e0 l\u00e0, c'est quoi cette eau-l\u00e0 - Compagnie Pataconte\",\"isPartOf\":{\"@id\":\"https:\/\/pataconte.fr\/#website\"},\"primaryImageOfPage\":{\"@id\":\"https:\/\/pataconte.fr\/index.php\/les-spectacles\/les-valisettes\/oh-la-la-cest-quoi-cette-eau-la\/#primaryimage\"},\"image\":{\"@id\":\"https:\/\/pataconte.fr\/index.php\/les-spectacles\/les-valisettes\/oh-la-la-cest-quoi-cette-eau-la\/#primaryimage\"},\"thumbnailUrl\":\"http:\/\/pataconte.fr\/wp-content\/uploads\/2021\/10\/DEBATS-JP-HELENE-3421-683x1024.jpg\",\"datePublished\":\"2019-06-30T08:07:23+00:00\",\"dateModified\":\"2022-03-14T12:41:08+00:00\",\"breadcrumb\":{\"@id\":\"https:\/\/pataconte.fr\/index.php\/les-spectacles\/les-valisettes\/oh-la-la-cest-quoi-cette-eau-la\/#breadcrumb\"},\"inLanguage\":\"fr-FR\",\"potentialAction\":[{\"@type\":\"ReadAction\",\"target\":[\"https:\/\/pataconte.fr\/index.php\/les-spectacles\/les-valisettes\/oh-la-la-cest-quoi-cette-eau-la\/\"]}]},{\"@type\":\"ImageObject\",\"inLanguage\":\"fr-FR\",\"@id\":\"https:\/\/pataconte.fr\/index.php\/les-spectacles\/les-valisettes\/oh-la-la-cest-quoi-cette-eau-la\/#primaryimage\",\"url\":\"http:\/\/pataconte.fr\/wp-content\/uploads\/2021\/10\/DEBATS-JP-HELENE-3421-683x1024.jpg\",\"contentUrl\":\"http:\/\/pataconte.fr\/wp-content\/uploads\/2021\/10\/DEBATS-JP-HELENE-3421-683x1024.jpg\"},{\"@type\":\"BreadcrumbList\",\"@id\":\"https:\/\/pataconte.fr\/index.php\/les-spectacles\/les-valisettes\/oh-la-la-cest-quoi-cette-eau-la\/#breadcrumb\",\"itemListElement\":[{\"@type\":\"ListItem\",\"position\":1,\"name\":\"Accueil\",\"item\":\"https:\/\/pataconte.fr\/\"},{\"@type\":\"ListItem\",\"position\":2,\"name\":\"Spectacles\",\"item\":\"https:\/\/pataconte.fr\/index.php\/les-spectacles\/\"},{\"@type\":\"ListItem\",\"position\":3,\"name\":\"Les petites valisettes!\",\"item\":\"https:\/\/pataconte.fr\/index.php\/les-spectacles\/les-valisettes\/\"},{\"@type\":\"ListItem\",\"position\":4,\"name\":\"Oh l\u00e0 l\u00e0, c&rsquo;est quoi cette eau-l\u00e0\"}]},{\"@type\":\"WebSite\",\"@id\":\"https:\/\/pataconte.fr\/#website\",\"url\":\"https:\/\/pataconte.fr\/\",\"name\":\"Compagnie Pataconte\",\"description\":\"\",\"publisher\":{\"@id\":\"https:\/\/pataconte.fr\/#organization\"},\"potentialAction\":[{\"@type\":\"SearchAction\",\"target\":{\"@type\":\"EntryPoint\",\"urlTemplate\":\"https:\/\/pataconte.fr\/?s={search_term_string}\"},\"query-input\":{\"@type\":\"PropertyValueSpecification\",\"valueRequired\":true,\"valueName\":\"search_term_string\"}}],\"inLanguage\":\"fr-FR\"},{\"@type\":\"Organization\",\"@id\":\"https:\/\/pataconte.fr\/#organization\",\"name\":\"Compagnie Pataconte\",\"url\":\"https:\/\/pataconte.fr\/\",\"logo\":{\"@type\":\"ImageObject\",\"inLanguage\":\"fr-FR\",\"@id\":\"https:\/\/pataconte.fr\/#\/schema\/logo\/image\/\",\"url\":\"https:\/\/pataconte.fr\/wp-content\/uploads\/2019\/06\/Logo-redessine\u0301.jpg\",\"contentUrl\":\"https:\/\/pataconte.fr\/wp-content\/uploads\/2019\/06\/Logo-redessine\u0301.jpg\",\"width\":3049,\"height\":2881,\"caption\":\"Compagnie Pataconte\"},\"image\":{\"@id\":\"https:\/\/pataconte.fr\/#\/schema\/logo\/image\/\"}}]}<\/script>\n<!-- \/ Yoast SEO plugin. -->","yoast_head_json":{"title":"Oh l\u00e0 l\u00e0, c'est quoi cette eau-l\u00e0 - Compagnie Pataconte","robots":{"index":"index","follow":"follow","max-snippet":"max-snippet:-1","max-image-preview":"max-image-preview:large","max-video-preview":"max-video-preview:-1"},"canonical":"https:\/\/pataconte.fr\/index.php\/les-spectacles\/les-valisettes\/oh-la-la-cest-quoi-cette-eau-la\/","og_locale":"fr_FR","og_type":"article","og_title":"Oh l\u00e0 l\u00e0, c'est quoi cette eau-l\u00e0 - Compagnie Pataconte","og_url":"https:\/\/pataconte.fr\/index.php\/les-spectacles\/les-valisettes\/oh-la-la-cest-quoi-cette-eau-la\/","og_site_name":"Compagnie Pataconte","article_modified_time":"2022-03-14T12:41:08+00:00","og_image":[{"url":"http:\/\/pataconte.fr\/wp-content\/uploads\/2019\/07\/Composition-cest-quoi-cette-eau-l\u00e0-1024x512.jpg","type":"","width":"","height":""}],"twitter_card":"summary_large_image","twitter_misc":{"Dur\u00e9e de lecture estim\u00e9e":"2 minutes"},"schema":{"@context":"https:\/\/schema.org","@graph":[{"@type":"WebPage","@id":"https:\/\/pataconte.fr\/index.php\/les-spectacles\/les-valisettes\/oh-la-la-cest-quoi-cette-eau-la\/","url":"https:\/\/pataconte.fr\/index.php\/les-spectacles\/les-valisettes\/oh-la-la-cest-quoi-cette-eau-la\/","name":"Oh l\u00e0 l\u00e0, c'est quoi cette eau-l\u00e0 - Compagnie Pataconte","isPartOf":{"@id":"https:\/\/pataconte.fr\/#website"},"primaryImageOfPage":{"@id":"https:\/\/pataconte.fr\/index.php\/les-spectacles\/les-valisettes\/oh-la-la-cest-quoi-cette-eau-la\/#primaryimage"},"image":{"@id":"https:\/\/pataconte.fr\/index.php\/les-spectacles\/les-valisettes\/oh-la-la-cest-quoi-cette-eau-la\/#primaryimage"},"thumbnailUrl":"http:\/\/pataconte.fr\/wp-content\/uploads\/2021\/10\/DEBATS-JP-HELENE-3421-683x1024.jpg","datePublished":"2019-06-30T08:07:23+00:00","dateModified":"2022-03-14T12:41:08+00:00","breadcrumb":{"@id":"https:\/\/pataconte.fr\/index.php\/les-spectacles\/les-valisettes\/oh-la-la-cest-quoi-cette-eau-la\/#breadcrumb"},"inLanguage":"fr-FR","potentialAction":[{"@type":"ReadAction","target":["https:\/\/pataconte.fr\/index.php\/les-spectacles\/les-valisettes\/oh-la-la-cest-quoi-cette-eau-la\/"]}]},{"@type":"ImageObject","inLanguage":"fr-FR","@id":"https:\/\/pataconte.fr\/index.php\/les-spectacles\/les-valisettes\/oh-la-la-cest-quoi-cette-eau-la\/#primaryimage","url":"http:\/\/pataconte.fr\/wp-content\/uploads\/2021\/10\/DEBATS-JP-HELENE-3421-683x1024.jpg","contentUrl":"http:\/\/pataconte.fr\/wp-content\/uploads\/2021\/10\/DEBATS-JP-HELENE-3421-683x1024.jpg"},{"@type":"BreadcrumbList","@id":"https:\/\/pataconte.fr\/index.php\/les-spectacles\/les-valisettes\/oh-la-la-cest-quoi-cette-eau-la\/#breadcrumb","itemListElement":[{"@type":"ListItem","position":1,"name":"Accueil","item":"https:\/\/pataconte.fr\/"},{"@type":"ListItem","position":2,"name":"Spectacles","item":"https:\/\/pataconte.fr\/index.php\/les-spectacles\/"},{"@type":"ListItem","position":3,"name":"Les petites valisettes!","item":"https:\/\/pataconte.fr\/index.php\/les-spectacles\/les-valisettes\/"},{"@type":"ListItem","position":4,"name":"Oh l\u00e0 l\u00e0, c&rsquo;est quoi cette eau-l\u00e0"}]},{"@type":"WebSite","@id":"https:\/\/pataconte.fr\/#website","url":"https:\/\/pataconte.fr\/","name":"Compagnie Pataconte","description":"","publisher":{"@id":"https:\/\/pataconte.fr\/#organization"},"potentialAction":[{"@type":"SearchAction","target":{"@type":"EntryPoint","urlTemplate":"https:\/\/pataconte.fr\/?s={search_term_string}"},"query-input":{"@type":"PropertyValueSpecification","valueRequired":true,"valueName":"search_term_string"}}],"inLanguage":"fr-FR"},{"@type":"Organization","@id":"https:\/\/pataconte.fr\/#organization","name":"Compagnie Pataconte","url":"https:\/\/pataconte.fr\/","logo":{"@type":"ImageObject","inLanguage":"fr-FR","@id":"https:\/\/pataconte.fr\/#\/schema\/logo\/image\/","url":"https:\/\/pataconte.fr\/wp-content\/uploads\/2019\/06\/Logo-redessine\u0301.jpg","contentUrl":"https:\/\/pataconte.fr\/wp-content\/uploads\/2019\/06\/Logo-redessine\u0301.jpg","width":3049,"height":2881,"caption":"Compagnie Pataconte"},"image":{"@id":"https:\/\/pataconte.fr\/#\/schema\/logo\/image\/"}}]}},"acf":[],"_links":{"self":[{"href":"https:\/\/pataconte.fr\/index.php\/wp-json\/wp\/v2\/pages\/257","targetHints":{"allow":["GET"]}}],"collection":[{"href":"https:\/\/pataconte.fr\/index.php\/wp-json\/wp\/v2\/pages"}],"about":[{"href":"https:\/\/pataconte.fr\/index.php\/wp-json\/wp\/v2\/types\/page"}],"author":[{"embeddable":true,"href":"https:\/\/pataconte.fr\/index.php\/wp-json\/wp\/v2\/users\/1"}],"replies":[{"embeddable":true,"href":"https:\/\/pataconte.fr\/index.php\/wp-json\/wp\/v2\/comments?post=257"}],"version-history":[{"count":7,"href":"https:\/\/pataconte.fr\/index.php\/wp-json\/wp\/v2\/pages\/257\/revisions"}],"predecessor-version":[{"id":1283,"href":"https:\/\/pataconte.fr\/index.php\/wp-json\/wp\/v2\/pages\/257\/revisions\/1283"}],"up":[{"embeddable":true,"href":"https:\/\/pataconte.fr\/index.php\/wp-json\/wp\/v2\/pages\/101"}],"wp:attachment":[{"href":"https:\/\/pataconte.fr\/index.php\/wp-json\/wp\/v2\/media?parent=257"}],"curies":[{"name":"wp","href":"https:\/\/api.w.org\/{rel}","templated":true}]}}