{"id":255,"date":"2019-06-30T10:06:44","date_gmt":"2019-06-30T08:06:44","guid":{"rendered":"http:\/\/pataconte.fr\/?page_id=255"},"modified":"2023-04-13T15:22:32","modified_gmt":"2023-04-13T13:22:32","slug":"zim-boum-et-tralala","status":"publish","type":"page","link":"https:\/\/pataconte.fr\/index.php\/les-spectacles\/les-valisettes\/zim-boum-et-tralala\/","title":{"rendered":"Zim, boum et tralala!"},"content":{"rendered":"\n<figure class=\"wp-block-image\"><img fetchpriority=\"high\" decoding=\"async\" width=\"1024\" height=\"512\" src=\"https:\/\/pataconte.fr\/wp-content\/uploads\/2019\/07\/Composition-Zim-Boum-et-Tralala-1024x512.jpg\" alt=\"\" class=\"wp-image-391\" srcset=\"https:\/\/pataconte.fr\/wp-content\/uploads\/2019\/07\/Composition-Zim-Boum-et-Tralala-1024x512.jpg 1024w, https:\/\/pataconte.fr\/wp-content\/uploads\/2019\/07\/Composition-Zim-Boum-et-Tralala-300x150.jpg 300w, https:\/\/pataconte.fr\/wp-content\/uploads\/2019\/07\/Composition-Zim-Boum-et-Tralala-768x384.jpg 768w, https:\/\/pataconte.fr\/wp-content\/uploads\/2019\/07\/Composition-Zim-Boum-et-Tralala-1160x581.jpg 1160w\" sizes=\"(max-width: 1024px) 100vw, 1024px\" \/><\/figure>\n\n\n\n<figure class=\"wp-block-gallery has-nested-images columns-default is-cropped wp-block-gallery-1 is-layout-flex wp-block-gallery-is-layout-flex\">\n<figure class=\"wp-block-image size-large is-style-default\"><img decoding=\"async\" width=\"683\" height=\"1024\" data-id=\"1498\" src=\"https:\/\/pataconte.fr\/wp-content\/uploads\/2023\/04\/DEBATS-JP-HELENE-3282-683x1024.jpg\" alt=\"\" class=\"wp-image-1498\" srcset=\"https:\/\/pataconte.fr\/wp-content\/uploads\/2023\/04\/DEBATS-JP-HELENE-3282-683x1024.jpg 683w, https:\/\/pataconte.fr\/wp-content\/uploads\/2023\/04\/DEBATS-JP-HELENE-3282-200x300.jpg 200w, https:\/\/pataconte.fr\/wp-content\/uploads\/2023\/04\/DEBATS-JP-HELENE-3282-768x1152.jpg 768w, https:\/\/pataconte.fr\/wp-content\/uploads\/2023\/04\/DEBATS-JP-HELENE-3282-1024x1536.jpg 1024w, https:\/\/pataconte.fr\/wp-content\/uploads\/2023\/04\/DEBATS-JP-HELENE-3282-1365x2048.jpg 1365w, https:\/\/pataconte.fr\/wp-content\/uploads\/2023\/04\/DEBATS-JP-HELENE-3282-1160x1740.jpg 1160w, https:\/\/pataconte.fr\/wp-content\/uploads\/2023\/04\/DEBATS-JP-HELENE-3282-scaled.jpg 1707w\" sizes=\"(max-width: 683px) 100vw, 683px\" \/><\/figure>\n\n\n\n<figure class=\"wp-block-image size-large is-style-default\"><img decoding=\"async\" width=\"1024\" height=\"683\" data-id=\"1510\" src=\"https:\/\/pataconte.fr\/wp-content\/uploads\/2023\/04\/DEBATS-JP-HELENE-3234-1024x683.jpg\" alt=\"\" class=\"wp-image-1510\" srcset=\"https:\/\/pataconte.fr\/wp-content\/uploads\/2023\/04\/DEBATS-JP-HELENE-3234-1024x683.jpg 1024w, https:\/\/pataconte.fr\/wp-content\/uploads\/2023\/04\/DEBATS-JP-HELENE-3234-300x200.jpg 300w, https:\/\/pataconte.fr\/wp-content\/uploads\/2023\/04\/DEBATS-JP-HELENE-3234-768x512.jpg 768w, https:\/\/pataconte.fr\/wp-content\/uploads\/2023\/04\/DEBATS-JP-HELENE-3234-1536x1024.jpg 1536w, https:\/\/pataconte.fr\/wp-content\/uploads\/2023\/04\/DEBATS-JP-HELENE-3234-2048x1365.jpg 2048w, https:\/\/pataconte.fr\/wp-content\/uploads\/2023\/04\/DEBATS-JP-HELENE-3234-1160x773.jpg 1160w\" sizes=\"(max-width: 1024px) 100vw, 1024px\" \/><\/figure>\n\n\n\n<figure class=\"wp-block-image size-large is-style-default\"><img loading=\"lazy\" decoding=\"async\" width=\"683\" height=\"1024\" data-id=\"1500\" src=\"https:\/\/pataconte.fr\/wp-content\/uploads\/2023\/04\/DEBATS-JP-HELENE-3286-1-683x1024.jpg\" alt=\"\" class=\"wp-image-1500\" srcset=\"https:\/\/pataconte.fr\/wp-content\/uploads\/2023\/04\/DEBATS-JP-HELENE-3286-1-683x1024.jpg 683w, https:\/\/pataconte.fr\/wp-content\/uploads\/2023\/04\/DEBATS-JP-HELENE-3286-1-200x300.jpg 200w, https:\/\/pataconte.fr\/wp-content\/uploads\/2023\/04\/DEBATS-JP-HELENE-3286-1-768x1152.jpg 768w, https:\/\/pataconte.fr\/wp-content\/uploads\/2023\/04\/DEBATS-JP-HELENE-3286-1-1024x1536.jpg 1024w, https:\/\/pataconte.fr\/wp-content\/uploads\/2023\/04\/DEBATS-JP-HELENE-3286-1-1365x2048.jpg 1365w, https:\/\/pataconte.fr\/wp-content\/uploads\/2023\/04\/DEBATS-JP-HELENE-3286-1-1160x1740.jpg 1160w, https:\/\/pataconte.fr\/wp-content\/uploads\/2023\/04\/DEBATS-JP-HELENE-3286-1-scaled.jpg 1707w\" sizes=\"(max-width: 683px) 100vw, 683px\" \/><\/figure>\n\n\n\n<figure class=\"wp-block-image size-large is-style-default\"><img loading=\"lazy\" decoding=\"async\" width=\"1024\" height=\"683\" data-id=\"1502\" src=\"https:\/\/pataconte.fr\/wp-content\/uploads\/2023\/04\/DEBATS-JP-HELENE-3311-1-1024x683.jpg\" alt=\"\" class=\"wp-image-1502\" srcset=\"https:\/\/pataconte.fr\/wp-content\/uploads\/2023\/04\/DEBATS-JP-HELENE-3311-1-1024x683.jpg 1024w, https:\/\/pataconte.fr\/wp-content\/uploads\/2023\/04\/DEBATS-JP-HELENE-3311-1-300x200.jpg 300w, https:\/\/pataconte.fr\/wp-content\/uploads\/2023\/04\/DEBATS-JP-HELENE-3311-1-768x512.jpg 768w, https:\/\/pataconte.fr\/wp-content\/uploads\/2023\/04\/DEBATS-JP-HELENE-3311-1-1536x1024.jpg 1536w, https:\/\/pataconte.fr\/wp-content\/uploads\/2023\/04\/DEBATS-JP-HELENE-3311-1-2048x1365.jpg 2048w, https:\/\/pataconte.fr\/wp-content\/uploads\/2023\/04\/DEBATS-JP-HELENE-3311-1-1160x773.jpg 1160w\" sizes=\"(max-width: 1024px) 100vw, 1024px\" \/><\/figure>\n\n\n\n<figure class=\"wp-block-image size-large is-style-default\"><img loading=\"lazy\" decoding=\"async\" width=\"1024\" height=\"683\" data-id=\"1503\" src=\"https:\/\/pataconte.fr\/wp-content\/uploads\/2023\/04\/DEBATS-JP-HELENE-3334-1-1024x683.jpg\" alt=\"\" class=\"wp-image-1503\" srcset=\"https:\/\/pataconte.fr\/wp-content\/uploads\/2023\/04\/DEBATS-JP-HELENE-3334-1-1024x683.jpg 1024w, https:\/\/pataconte.fr\/wp-content\/uploads\/2023\/04\/DEBATS-JP-HELENE-3334-1-300x200.jpg 300w, https:\/\/pataconte.fr\/wp-content\/uploads\/2023\/04\/DEBATS-JP-HELENE-3334-1-768x512.jpg 768w, https:\/\/pataconte.fr\/wp-content\/uploads\/2023\/04\/DEBATS-JP-HELENE-3334-1-1536x1024.jpg 1536w, https:\/\/pataconte.fr\/wp-content\/uploads\/2023\/04\/DEBATS-JP-HELENE-3334-1-2048x1365.jpg 2048w, https:\/\/pataconte.fr\/wp-content\/uploads\/2023\/04\/DEBATS-JP-HELENE-3334-1-1160x773.jpg 1160w\" sizes=\"(max-width: 1024px) 100vw, 1024px\" \/><\/figure>\n\n\n\n<figure class=\"wp-block-image size-large is-style-default\"><img loading=\"lazy\" decoding=\"async\" width=\"1024\" height=\"683\" data-id=\"1504\" src=\"https:\/\/pataconte.fr\/wp-content\/uploads\/2023\/04\/DEBATS-JP-HELENE-3355-1-1024x683.jpg\" alt=\"\" class=\"wp-image-1504\" srcset=\"https:\/\/pataconte.fr\/wp-content\/uploads\/2023\/04\/DEBATS-JP-HELENE-3355-1-1024x683.jpg 1024w, https:\/\/pataconte.fr\/wp-content\/uploads\/2023\/04\/DEBATS-JP-HELENE-3355-1-300x200.jpg 300w, https:\/\/pataconte.fr\/wp-content\/uploads\/2023\/04\/DEBATS-JP-HELENE-3355-1-768x512.jpg 768w, https:\/\/pataconte.fr\/wp-content\/uploads\/2023\/04\/DEBATS-JP-HELENE-3355-1-1536x1024.jpg 1536w, https:\/\/pataconte.fr\/wp-content\/uploads\/2023\/04\/DEBATS-JP-HELENE-3355-1-2048x1365.jpg 2048w, https:\/\/pataconte.fr\/wp-content\/uploads\/2023\/04\/DEBATS-JP-HELENE-3355-1-1160x773.jpg 1160w\" sizes=\"(max-width: 1024px) 100vw, 1024px\" \/><\/figure>\n\n\n\n<figure class=\"wp-block-image size-large is-style-default\"><img loading=\"lazy\" decoding=\"async\" width=\"683\" height=\"1024\" data-id=\"1511\" src=\"https:\/\/pataconte.fr\/wp-content\/uploads\/2023\/04\/DEBATS-JP-HELENE-3374-683x1024.jpg\" alt=\"\" class=\"wp-image-1511\" srcset=\"https:\/\/pataconte.fr\/wp-content\/uploads\/2023\/04\/DEBATS-JP-HELENE-3374-683x1024.jpg 683w, https:\/\/pataconte.fr\/wp-content\/uploads\/2023\/04\/DEBATS-JP-HELENE-3374-200x300.jpg 200w, https:\/\/pataconte.fr\/wp-content\/uploads\/2023\/04\/DEBATS-JP-HELENE-3374-768x1152.jpg 768w, https:\/\/pataconte.fr\/wp-content\/uploads\/2023\/04\/DEBATS-JP-HELENE-3374-1024x1536.jpg 1024w, https:\/\/pataconte.fr\/wp-content\/uploads\/2023\/04\/DEBATS-JP-HELENE-3374-1365x2048.jpg 1365w, https:\/\/pataconte.fr\/wp-content\/uploads\/2023\/04\/DEBATS-JP-HELENE-3374-1160x1740.jpg 1160w, https:\/\/pataconte.fr\/wp-content\/uploads\/2023\/04\/DEBATS-JP-HELENE-3374-scaled.jpg 1707w\" sizes=\"(max-width: 683px) 100vw, 683px\" \/><\/figure>\n\n\n\n<figure class=\"wp-block-image size-large is-style-default\"><img loading=\"lazy\" decoding=\"async\" width=\"683\" height=\"1024\" data-id=\"1507\" src=\"https:\/\/pataconte.fr\/wp-content\/uploads\/2023\/04\/DEBATS-JP-HELENE-3397-1-683x1024.jpg\" alt=\"\" class=\"wp-image-1507\" srcset=\"https:\/\/pataconte.fr\/wp-content\/uploads\/2023\/04\/DEBATS-JP-HELENE-3397-1-683x1024.jpg 683w, https:\/\/pataconte.fr\/wp-content\/uploads\/2023\/04\/DEBATS-JP-HELENE-3397-1-200x300.jpg 200w, https:\/\/pataconte.fr\/wp-content\/uploads\/2023\/04\/DEBATS-JP-HELENE-3397-1-768x1152.jpg 768w, https:\/\/pataconte.fr\/wp-content\/uploads\/2023\/04\/DEBATS-JP-HELENE-3397-1-1024x1536.jpg 1024w, https:\/\/pataconte.fr\/wp-content\/uploads\/2023\/04\/DEBATS-JP-HELENE-3397-1-1365x2048.jpg 1365w, https:\/\/pataconte.fr\/wp-content\/uploads\/2023\/04\/DEBATS-JP-HELENE-3397-1-1160x1740.jpg 1160w, https:\/\/pataconte.fr\/wp-content\/uploads\/2023\/04\/DEBATS-JP-HELENE-3397-1-scaled.jpg 1707w\" sizes=\"(max-width: 683px) 100vw, 683px\" \/><\/figure>\n\n\n\n<figure class=\"wp-block-image size-large is-style-default\"><img loading=\"lazy\" decoding=\"async\" width=\"1024\" height=\"683\" data-id=\"1506\" src=\"https:\/\/pataconte.fr\/wp-content\/uploads\/2023\/04\/DEBATS-JP-HELENE-3380-1-1024x683.jpg\" alt=\"\" class=\"wp-image-1506\" srcset=\"https:\/\/pataconte.fr\/wp-content\/uploads\/2023\/04\/DEBATS-JP-HELENE-3380-1-1024x683.jpg 1024w, https:\/\/pataconte.fr\/wp-content\/uploads\/2023\/04\/DEBATS-JP-HELENE-3380-1-300x200.jpg 300w, https:\/\/pataconte.fr\/wp-content\/uploads\/2023\/04\/DEBATS-JP-HELENE-3380-1-768x512.jpg 768w, https:\/\/pataconte.fr\/wp-content\/uploads\/2023\/04\/DEBATS-JP-HELENE-3380-1-1536x1024.jpg 1536w, https:\/\/pataconte.fr\/wp-content\/uploads\/2023\/04\/DEBATS-JP-HELENE-3380-1-2048x1365.jpg 2048w, https:\/\/pataconte.fr\/wp-content\/uploads\/2023\/04\/DEBATS-JP-HELENE-3380-1-1160x773.jpg 1160w\" sizes=\"(max-width: 1024px) 100vw, 1024px\" \/><\/figure>\n\n\n\n<figure class=\"wp-block-image size-large is-style-default\"><img loading=\"lazy\" decoding=\"async\" width=\"1024\" height=\"683\" data-id=\"1508\" src=\"https:\/\/pataconte.fr\/wp-content\/uploads\/2023\/04\/DEBATS-JP-HELENE-3407-1-1024x683.jpg\" alt=\"\" class=\"wp-image-1508\" srcset=\"https:\/\/pataconte.fr\/wp-content\/uploads\/2023\/04\/DEBATS-JP-HELENE-3407-1-1024x683.jpg 1024w, https:\/\/pataconte.fr\/wp-content\/uploads\/2023\/04\/DEBATS-JP-HELENE-3407-1-300x200.jpg 300w, https:\/\/pataconte.fr\/wp-content\/uploads\/2023\/04\/DEBATS-JP-HELENE-3407-1-768x512.jpg 768w, https:\/\/pataconte.fr\/wp-content\/uploads\/2023\/04\/DEBATS-JP-HELENE-3407-1-1536x1024.jpg 1536w, https:\/\/pataconte.fr\/wp-content\/uploads\/2023\/04\/DEBATS-JP-HELENE-3407-1-2048x1365.jpg 2048w, https:\/\/pataconte.fr\/wp-content\/uploads\/2023\/04\/DEBATS-JP-HELENE-3407-1-1160x773.jpg 1160w\" sizes=\"(max-width: 1024px) 100vw, 1024px\" \/><\/figure>\n<\/figure>\n\n\n\n<hr class=\"wp-block-separator has-css-opacity\"\/>\n\n\n\n<p class=\"has-text-align-center\">Vous souhaitez nous faire un retour : laisser un message sur <a href=\"https:\/\/pataconte.fr\/index.php\/vos-retours\/\">le livre d&rsquo;or<\/a>. <br>Si vous \u00eates int\u00e9ress\u00e9 par nos spectacles, contactez-nous <a href=\"https:\/\/pataconte.fr\/index.php\/contact\/\">ici<\/a>.<\/p>\n","protected":false},"excerpt":{"rendered":"","protected":false},"author":1,"featured_media":0,"parent":101,"menu_order":6,"comment_status":"closed","ping_status":"closed","template":"","meta":{"footnotes":""},"class_list":["post-255","page","type-page","status-publish","hentry"],"yoast_head":"<!-- This site is optimized with the Yoast SEO plugin v26.8 - https:\/\/yoast.com\/product\/yoast-seo-wordpress\/ -->\n<title>Zim, boum et tralala! - Compagnie Pataconte<\/title>\n<meta name=\"robots\" content=\"index, follow, max-snippet:-1, max-image-preview:large, max-video-preview:-1\" \/>\n<link rel=\"canonical\" href=\"https:\/\/pataconte.fr\/index.php\/les-spectacles\/les-valisettes\/zim-boum-et-tralala\/\" \/>\n<meta property=\"og:locale\" content=\"fr_FR\" \/>\n<meta property=\"og:type\" content=\"article\" \/>\n<meta property=\"og:title\" content=\"Zim, boum et tralala! - Compagnie Pataconte\" \/>\n<meta property=\"og:url\" content=\"https:\/\/pataconte.fr\/index.php\/les-spectacles\/les-valisettes\/zim-boum-et-tralala\/\" \/>\n<meta property=\"og:site_name\" content=\"Compagnie Pataconte\" \/>\n<meta property=\"article:modified_time\" content=\"2023-04-13T13:22:32+00:00\" \/>\n<meta property=\"og:image\" content=\"http:\/\/pataconte.fr\/wp-content\/uploads\/2019\/07\/Composition-Zim-Boum-et-Tralala-1024x512.jpg\" \/>\n<meta name=\"twitter:card\" content=\"summary_large_image\" \/>\n<meta name=\"twitter:label1\" content=\"Dur\u00e9e de lecture estim\u00e9e\" \/>\n\t<meta name=\"twitter:data1\" content=\"3 minutes\" \/>\n<script type=\"application\/ld+json\" class=\"yoast-schema-graph\">{\"@context\":\"https:\/\/schema.org\",\"@graph\":[{\"@type\":\"WebPage\",\"@id\":\"https:\/\/pataconte.fr\/index.php\/les-spectacles\/les-valisettes\/zim-boum-et-tralala\/\",\"url\":\"https:\/\/pataconte.fr\/index.php\/les-spectacles\/les-valisettes\/zim-boum-et-tralala\/\",\"name\":\"Zim, boum et tralala! - Compagnie Pataconte\",\"isPartOf\":{\"@id\":\"https:\/\/pataconte.fr\/#website\"},\"primaryImageOfPage\":{\"@id\":\"https:\/\/pataconte.fr\/index.php\/les-spectacles\/les-valisettes\/zim-boum-et-tralala\/#primaryimage\"},\"image\":{\"@id\":\"https:\/\/pataconte.fr\/index.php\/les-spectacles\/les-valisettes\/zim-boum-et-tralala\/#primaryimage\"},\"thumbnailUrl\":\"http:\/\/pataconte.fr\/wp-content\/uploads\/2019\/07\/Composition-Zim-Boum-et-Tralala-1024x512.jpg\",\"datePublished\":\"2019-06-30T08:06:44+00:00\",\"dateModified\":\"2023-04-13T13:22:32+00:00\",\"breadcrumb\":{\"@id\":\"https:\/\/pataconte.fr\/index.php\/les-spectacles\/les-valisettes\/zim-boum-et-tralala\/#breadcrumb\"},\"inLanguage\":\"fr-FR\",\"potentialAction\":[{\"@type\":\"ReadAction\",\"target\":[\"https:\/\/pataconte.fr\/index.php\/les-spectacles\/les-valisettes\/zim-boum-et-tralala\/\"]}]},{\"@type\":\"ImageObject\",\"inLanguage\":\"fr-FR\",\"@id\":\"https:\/\/pataconte.fr\/index.php\/les-spectacles\/les-valisettes\/zim-boum-et-tralala\/#primaryimage\",\"url\":\"http:\/\/pataconte.fr\/wp-content\/uploads\/2019\/07\/Composition-Zim-Boum-et-Tralala-1024x512.jpg\",\"contentUrl\":\"http:\/\/pataconte.fr\/wp-content\/uploads\/2019\/07\/Composition-Zim-Boum-et-Tralala-1024x512.jpg\"},{\"@type\":\"BreadcrumbList\",\"@id\":\"https:\/\/pataconte.fr\/index.php\/les-spectacles\/les-valisettes\/zim-boum-et-tralala\/#breadcrumb\",\"itemListElement\":[{\"@type\":\"ListItem\",\"position\":1,\"name\":\"Accueil\",\"item\":\"https:\/\/pataconte.fr\/\"},{\"@type\":\"ListItem\",\"position\":2,\"name\":\"Spectacles\",\"item\":\"https:\/\/pataconte.fr\/index.php\/les-spectacles\/\"},{\"@type\":\"ListItem\",\"position\":3,\"name\":\"Les petites valisettes!\",\"item\":\"https:\/\/pataconte.fr\/index.php\/les-spectacles\/les-valisettes\/\"},{\"@type\":\"ListItem\",\"position\":4,\"name\":\"Zim, boum et tralala!\"}]},{\"@type\":\"WebSite\",\"@id\":\"https:\/\/pataconte.fr\/#website\",\"url\":\"https:\/\/pataconte.fr\/\",\"name\":\"Compagnie Pataconte\",\"description\":\"\",\"publisher\":{\"@id\":\"https:\/\/pataconte.fr\/#organization\"},\"potentialAction\":[{\"@type\":\"SearchAction\",\"target\":{\"@type\":\"EntryPoint\",\"urlTemplate\":\"https:\/\/pataconte.fr\/?s={search_term_string}\"},\"query-input\":{\"@type\":\"PropertyValueSpecification\",\"valueRequired\":true,\"valueName\":\"search_term_string\"}}],\"inLanguage\":\"fr-FR\"},{\"@type\":\"Organization\",\"@id\":\"https:\/\/pataconte.fr\/#organization\",\"name\":\"Compagnie Pataconte\",\"url\":\"https:\/\/pataconte.fr\/\",\"logo\":{\"@type\":\"ImageObject\",\"inLanguage\":\"fr-FR\",\"@id\":\"https:\/\/pataconte.fr\/#\/schema\/logo\/image\/\",\"url\":\"https:\/\/pataconte.fr\/wp-content\/uploads\/2019\/06\/Logo-redessine\u0301.jpg\",\"contentUrl\":\"https:\/\/pataconte.fr\/wp-content\/uploads\/2019\/06\/Logo-redessine\u0301.jpg\",\"width\":3049,\"height\":2881,\"caption\":\"Compagnie Pataconte\"},\"image\":{\"@id\":\"https:\/\/pataconte.fr\/#\/schema\/logo\/image\/\"}}]}<\/script>\n<!-- \/ Yoast SEO plugin. -->","yoast_head_json":{"title":"Zim, boum et tralala! - Compagnie Pataconte","robots":{"index":"index","follow":"follow","max-snippet":"max-snippet:-1","max-image-preview":"max-image-preview:large","max-video-preview":"max-video-preview:-1"},"canonical":"https:\/\/pataconte.fr\/index.php\/les-spectacles\/les-valisettes\/zim-boum-et-tralala\/","og_locale":"fr_FR","og_type":"article","og_title":"Zim, boum et tralala! - Compagnie Pataconte","og_url":"https:\/\/pataconte.fr\/index.php\/les-spectacles\/les-valisettes\/zim-boum-et-tralala\/","og_site_name":"Compagnie Pataconte","article_modified_time":"2023-04-13T13:22:32+00:00","og_image":[{"url":"http:\/\/pataconte.fr\/wp-content\/uploads\/2019\/07\/Composition-Zim-Boum-et-Tralala-1024x512.jpg","type":"","width":"","height":""}],"twitter_card":"summary_large_image","twitter_misc":{"Dur\u00e9e de lecture estim\u00e9e":"3 minutes"},"schema":{"@context":"https:\/\/schema.org","@graph":[{"@type":"WebPage","@id":"https:\/\/pataconte.fr\/index.php\/les-spectacles\/les-valisettes\/zim-boum-et-tralala\/","url":"https:\/\/pataconte.fr\/index.php\/les-spectacles\/les-valisettes\/zim-boum-et-tralala\/","name":"Zim, boum et tralala! - Compagnie Pataconte","isPartOf":{"@id":"https:\/\/pataconte.fr\/#website"},"primaryImageOfPage":{"@id":"https:\/\/pataconte.fr\/index.php\/les-spectacles\/les-valisettes\/zim-boum-et-tralala\/#primaryimage"},"image":{"@id":"https:\/\/pataconte.fr\/index.php\/les-spectacles\/les-valisettes\/zim-boum-et-tralala\/#primaryimage"},"thumbnailUrl":"http:\/\/pataconte.fr\/wp-content\/uploads\/2019\/07\/Composition-Zim-Boum-et-Tralala-1024x512.jpg","datePublished":"2019-06-30T08:06:44+00:00","dateModified":"2023-04-13T13:22:32+00:00","breadcrumb":{"@id":"https:\/\/pataconte.fr\/index.php\/les-spectacles\/les-valisettes\/zim-boum-et-tralala\/#breadcrumb"},"inLanguage":"fr-FR","potentialAction":[{"@type":"ReadAction","target":["https:\/\/pataconte.fr\/index.php\/les-spectacles\/les-valisettes\/zim-boum-et-tralala\/"]}]},{"@type":"ImageObject","inLanguage":"fr-FR","@id":"https:\/\/pataconte.fr\/index.php\/les-spectacles\/les-valisettes\/zim-boum-et-tralala\/#primaryimage","url":"http:\/\/pataconte.fr\/wp-content\/uploads\/2019\/07\/Composition-Zim-Boum-et-Tralala-1024x512.jpg","contentUrl":"http:\/\/pataconte.fr\/wp-content\/uploads\/2019\/07\/Composition-Zim-Boum-et-Tralala-1024x512.jpg"},{"@type":"BreadcrumbList","@id":"https:\/\/pataconte.fr\/index.php\/les-spectacles\/les-valisettes\/zim-boum-et-tralala\/#breadcrumb","itemListElement":[{"@type":"ListItem","position":1,"name":"Accueil","item":"https:\/\/pataconte.fr\/"},{"@type":"ListItem","position":2,"name":"Spectacles","item":"https:\/\/pataconte.fr\/index.php\/les-spectacles\/"},{"@type":"ListItem","position":3,"name":"Les petites valisettes!","item":"https:\/\/pataconte.fr\/index.php\/les-spectacles\/les-valisettes\/"},{"@type":"ListItem","position":4,"name":"Zim, boum et tralala!"}]},{"@type":"WebSite","@id":"https:\/\/pataconte.fr\/#website","url":"https:\/\/pataconte.fr\/","name":"Compagnie Pataconte","description":"","publisher":{"@id":"https:\/\/pataconte.fr\/#organization"},"potentialAction":[{"@type":"SearchAction","target":{"@type":"EntryPoint","urlTemplate":"https:\/\/pataconte.fr\/?s={search_term_string}"},"query-input":{"@type":"PropertyValueSpecification","valueRequired":true,"valueName":"search_term_string"}}],"inLanguage":"fr-FR"},{"@type":"Organization","@id":"https:\/\/pataconte.fr\/#organization","name":"Compagnie Pataconte","url":"https:\/\/pataconte.fr\/","logo":{"@type":"ImageObject","inLanguage":"fr-FR","@id":"https:\/\/pataconte.fr\/#\/schema\/logo\/image\/","url":"https:\/\/pataconte.fr\/wp-content\/uploads\/2019\/06\/Logo-redessine\u0301.jpg","contentUrl":"https:\/\/pataconte.fr\/wp-content\/uploads\/2019\/06\/Logo-redessine\u0301.jpg","width":3049,"height":2881,"caption":"Compagnie Pataconte"},"image":{"@id":"https:\/\/pataconte.fr\/#\/schema\/logo\/image\/"}}]}},"acf":[],"_links":{"self":[{"href":"https:\/\/pataconte.fr\/index.php\/wp-json\/wp\/v2\/pages\/255","targetHints":{"allow":["GET"]}}],"collection":[{"href":"https:\/\/pataconte.fr\/index.php\/wp-json\/wp\/v2\/pages"}],"about":[{"href":"https:\/\/pataconte.fr\/index.php\/wp-json\/wp\/v2\/types\/page"}],"author":[{"embeddable":true,"href":"https:\/\/pataconte.fr\/index.php\/wp-json\/wp\/v2\/users\/1"}],"replies":[{"embeddable":true,"href":"https:\/\/pataconte.fr\/index.php\/wp-json\/wp\/v2\/comments?post=255"}],"version-history":[{"count":5,"href":"https:\/\/pataconte.fr\/index.php\/wp-json\/wp\/v2\/pages\/255\/revisions"}],"predecessor-version":[{"id":1512,"href":"https:\/\/pataconte.fr\/index.php\/wp-json\/wp\/v2\/pages\/255\/revisions\/1512"}],"up":[{"embeddable":true,"href":"https:\/\/pataconte.fr\/index.php\/wp-json\/wp\/v2\/pages\/101"}],"wp:attachment":[{"href":"https:\/\/pataconte.fr\/index.php\/wp-json\/wp\/v2\/media?parent=255"}],"curies":[{"name":"wp","href":"https:\/\/api.w.org\/{rel}","templated":true}]}}