{"id":253,"date":"2019-06-30T10:06:22","date_gmt":"2019-06-30T08:06:22","guid":{"rendered":"http:\/\/pataconte.fr\/?page_id=253"},"modified":"2022-01-04T22:52:21","modified_gmt":"2022-01-04T21:52:21","slug":"rond-comme-une-galette","status":"publish","type":"page","link":"https:\/\/pataconte.fr\/index.php\/les-spectacles\/les-valisettes\/rond-comme-une-galette\/","title":{"rendered":"Rond comme une galette"},"content":{"rendered":"\n<figure class=\"wp-block-image\"><img fetchpriority=\"high\" decoding=\"async\" width=\"1024\" height=\"512\" src=\"https:\/\/pataconte.fr\/wp-content\/uploads\/2019\/07\/Composition-rond-comme-une-galette-1024x512.jpg\" alt=\"\" class=\"wp-image-390\" srcset=\"https:\/\/pataconte.fr\/wp-content\/uploads\/2019\/07\/Composition-rond-comme-une-galette-1024x512.jpg 1024w, https:\/\/pataconte.fr\/wp-content\/uploads\/2019\/07\/Composition-rond-comme-une-galette-300x150.jpg 300w, https:\/\/pataconte.fr\/wp-content\/uploads\/2019\/07\/Composition-rond-comme-une-galette-768x384.jpg 768w, https:\/\/pataconte.fr\/wp-content\/uploads\/2019\/07\/Composition-rond-comme-une-galette-1160x581.jpg 1160w\" sizes=\"(max-width: 1024px) 100vw, 1024px\" \/><\/figure>\n\n\n\n<figure class=\"wp-block-gallery columns-3 wp-block-gallery-1 is-layout-flex wp-block-gallery-is-layout-flex\"><ul class=\"blocks-gallery-grid\"><li class=\"blocks-gallery-item\"><figure><img decoding=\"async\" width=\"683\" height=\"1024\" src=\"https:\/\/pataconte.fr\/wp-content\/uploads\/2022\/01\/DEBATS-JP-HELENE-7707-683x1024.jpg\" alt=\"\" data-id=\"1164\" data-link=\"https:\/\/pataconte.fr\/index.php\/les-spectacles\/les-valisettes\/rond-comme-une-galette\/debats-jp-helene-7707\/\" class=\"wp-image-1164\" srcset=\"https:\/\/pataconte.fr\/wp-content\/uploads\/2022\/01\/DEBATS-JP-HELENE-7707-683x1024.jpg 683w, https:\/\/pataconte.fr\/wp-content\/uploads\/2022\/01\/DEBATS-JP-HELENE-7707-200x300.jpg 200w, https:\/\/pataconte.fr\/wp-content\/uploads\/2022\/01\/DEBATS-JP-HELENE-7707-768x1152.jpg 768w, https:\/\/pataconte.fr\/wp-content\/uploads\/2022\/01\/DEBATS-JP-HELENE-7707-1024x1536.jpg 1024w, https:\/\/pataconte.fr\/wp-content\/uploads\/2022\/01\/DEBATS-JP-HELENE-7707-1365x2048.jpg 1365w, https:\/\/pataconte.fr\/wp-content\/uploads\/2022\/01\/DEBATS-JP-HELENE-7707-1160x1740.jpg 1160w, https:\/\/pataconte.fr\/wp-content\/uploads\/2022\/01\/DEBATS-JP-HELENE-7707-scaled.jpg 1707w\" sizes=\"(max-width: 683px) 100vw, 683px\" \/><\/figure><\/li><li class=\"blocks-gallery-item\"><figure><img decoding=\"async\" width=\"683\" height=\"1024\" src=\"https:\/\/pataconte.fr\/wp-content\/uploads\/2022\/01\/DEBATS-JP-HELENE-7724-Copie-683x1024.jpg\" alt=\"\" data-id=\"1168\" data-link=\"https:\/\/pataconte.fr\/index.php\/les-spectacles\/les-valisettes\/rond-comme-une-galette\/debats-jp-helene-7724-copie\/\" class=\"wp-image-1168\" srcset=\"https:\/\/pataconte.fr\/wp-content\/uploads\/2022\/01\/DEBATS-JP-HELENE-7724-Copie-683x1024.jpg 683w, https:\/\/pataconte.fr\/wp-content\/uploads\/2022\/01\/DEBATS-JP-HELENE-7724-Copie-200x300.jpg 200w, https:\/\/pataconte.fr\/wp-content\/uploads\/2022\/01\/DEBATS-JP-HELENE-7724-Copie-768x1152.jpg 768w, https:\/\/pataconte.fr\/wp-content\/uploads\/2022\/01\/DEBATS-JP-HELENE-7724-Copie-1024x1536.jpg 1024w, https:\/\/pataconte.fr\/wp-content\/uploads\/2022\/01\/DEBATS-JP-HELENE-7724-Copie-1365x2048.jpg 1365w, https:\/\/pataconte.fr\/wp-content\/uploads\/2022\/01\/DEBATS-JP-HELENE-7724-Copie-1160x1740.jpg 1160w, https:\/\/pataconte.fr\/wp-content\/uploads\/2022\/01\/DEBATS-JP-HELENE-7724-Copie-scaled.jpg 1707w\" sizes=\"(max-width: 683px) 100vw, 683px\" \/><\/figure><\/li><li class=\"blocks-gallery-item\"><figure><img loading=\"lazy\" decoding=\"async\" width=\"683\" height=\"1024\" src=\"https:\/\/pataconte.fr\/wp-content\/uploads\/2022\/01\/DEBATS-JP-HELENE-7710-Copie-683x1024.jpg\" alt=\"\" data-id=\"1165\" data-link=\"https:\/\/pataconte.fr\/index.php\/les-spectacles\/les-valisettes\/rond-comme-une-galette\/debats-jp-helene-7710-copie\/\" class=\"wp-image-1165\" srcset=\"https:\/\/pataconte.fr\/wp-content\/uploads\/2022\/01\/DEBATS-JP-HELENE-7710-Copie-683x1024.jpg 683w, https:\/\/pataconte.fr\/wp-content\/uploads\/2022\/01\/DEBATS-JP-HELENE-7710-Copie-200x300.jpg 200w, https:\/\/pataconte.fr\/wp-content\/uploads\/2022\/01\/DEBATS-JP-HELENE-7710-Copie-768x1152.jpg 768w, https:\/\/pataconte.fr\/wp-content\/uploads\/2022\/01\/DEBATS-JP-HELENE-7710-Copie-1024x1536.jpg 1024w, https:\/\/pataconte.fr\/wp-content\/uploads\/2022\/01\/DEBATS-JP-HELENE-7710-Copie-1365x2048.jpg 1365w, https:\/\/pataconte.fr\/wp-content\/uploads\/2022\/01\/DEBATS-JP-HELENE-7710-Copie-1160x1740.jpg 1160w, https:\/\/pataconte.fr\/wp-content\/uploads\/2022\/01\/DEBATS-JP-HELENE-7710-Copie-scaled.jpg 1707w\" sizes=\"(max-width: 683px) 100vw, 683px\" \/><\/figure><\/li><li class=\"blocks-gallery-item\"><figure><img loading=\"lazy\" decoding=\"async\" width=\"1024\" height=\"1024\" src=\"https:\/\/pataconte.fr\/wp-content\/uploads\/2022\/01\/DEBATS-JP-HELENE-7730-1024x1024.jpg\" alt=\"\" data-id=\"1174\" data-full-url=\"https:\/\/pataconte.fr\/wp-content\/uploads\/2022\/01\/DEBATS-JP-HELENE-7730.jpg\" data-link=\"https:\/\/pataconte.fr\/index.php\/les-spectacles\/les-valisettes\/rond-comme-une-galette\/debats-jp-helene-7730\/\" class=\"wp-image-1174\" srcset=\"https:\/\/pataconte.fr\/wp-content\/uploads\/2022\/01\/DEBATS-JP-HELENE-7730-1024x1024.jpg 1024w, https:\/\/pataconte.fr\/wp-content\/uploads\/2022\/01\/DEBATS-JP-HELENE-7730-300x300.jpg 300w, https:\/\/pataconte.fr\/wp-content\/uploads\/2022\/01\/DEBATS-JP-HELENE-7730-150x150.jpg 150w, https:\/\/pataconte.fr\/wp-content\/uploads\/2022\/01\/DEBATS-JP-HELENE-7730-768x769.jpg 768w, https:\/\/pataconte.fr\/wp-content\/uploads\/2022\/01\/DEBATS-JP-HELENE-7730-1536x1536.jpg 1536w, https:\/\/pataconte.fr\/wp-content\/uploads\/2022\/01\/DEBATS-JP-HELENE-7730-2046x2048.jpg 2046w, https:\/\/pataconte.fr\/wp-content\/uploads\/2022\/01\/DEBATS-JP-HELENE-7730-1160x1161.jpg 1160w, https:\/\/pataconte.fr\/wp-content\/uploads\/2022\/01\/DEBATS-JP-HELENE-7730-75x75.jpg 75w\" sizes=\"(max-width: 1024px) 100vw, 1024px\" \/><\/figure><\/li><li class=\"blocks-gallery-item\"><figure><img loading=\"lazy\" decoding=\"async\" width=\"1024\" height=\"1024\" src=\"https:\/\/pataconte.fr\/wp-content\/uploads\/2022\/01\/DEBATS-JP-HELENE-7719-1024x1024.jpg\" alt=\"\" data-id=\"1173\" data-full-url=\"https:\/\/pataconte.fr\/wp-content\/uploads\/2022\/01\/DEBATS-JP-HELENE-7719-scaled.jpg\" data-link=\"https:\/\/pataconte.fr\/index.php\/les-spectacles\/les-valisettes\/rond-comme-une-galette\/debats-jp-helene-7719\/\" class=\"wp-image-1173\" srcset=\"https:\/\/pataconte.fr\/wp-content\/uploads\/2022\/01\/DEBATS-JP-HELENE-7719-1024x1024.jpg 1024w, https:\/\/pataconte.fr\/wp-content\/uploads\/2022\/01\/DEBATS-JP-HELENE-7719-300x300.jpg 300w, https:\/\/pataconte.fr\/wp-content\/uploads\/2022\/01\/DEBATS-JP-HELENE-7719-150x150.jpg 150w, https:\/\/pataconte.fr\/wp-content\/uploads\/2022\/01\/DEBATS-JP-HELENE-7719-768x769.jpg 768w, https:\/\/pataconte.fr\/wp-content\/uploads\/2022\/01\/DEBATS-JP-HELENE-7719-1534x1536.jpg 1534w, https:\/\/pataconte.fr\/wp-content\/uploads\/2022\/01\/DEBATS-JP-HELENE-7719-2046x2048.jpg 2046w, https:\/\/pataconte.fr\/wp-content\/uploads\/2022\/01\/DEBATS-JP-HELENE-7719-1160x1161.jpg 1160w, https:\/\/pataconte.fr\/wp-content\/uploads\/2022\/01\/DEBATS-JP-HELENE-7719-75x75.jpg 75w\" sizes=\"(max-width: 1024px) 100vw, 1024px\" \/><\/figure><\/li><li class=\"blocks-gallery-item\"><figure><img loading=\"lazy\" decoding=\"async\" width=\"806\" height=\"839\" src=\"https:\/\/pataconte.fr\/wp-content\/uploads\/2022\/01\/DEBATS-JP-HELENE-7607-Copie.jpg\" alt=\"\" data-id=\"1171\" data-link=\"https:\/\/pataconte.fr\/index.php\/les-spectacles\/les-valisettes\/rond-comme-une-galette\/debats-jp-helene-7607-copie\/\" class=\"wp-image-1171\" srcset=\"https:\/\/pataconte.fr\/wp-content\/uploads\/2022\/01\/DEBATS-JP-HELENE-7607-Copie.jpg 806w, https:\/\/pataconte.fr\/wp-content\/uploads\/2022\/01\/DEBATS-JP-HELENE-7607-Copie-288x300.jpg 288w, https:\/\/pataconte.fr\/wp-content\/uploads\/2022\/01\/DEBATS-JP-HELENE-7607-Copie-768x799.jpg 768w\" sizes=\"(max-width: 806px) 100vw, 806px\" \/><\/figure><\/li><li class=\"blocks-gallery-item\"><figure><img loading=\"lazy\" decoding=\"async\" width=\"1024\" height=\"633\" src=\"https:\/\/pataconte.fr\/wp-content\/uploads\/2022\/01\/DEBATS-JP-HELENE-7748-1024x633.jpg\" alt=\"\" data-id=\"1170\" data-link=\"https:\/\/pataconte.fr\/index.php\/les-spectacles\/les-valisettes\/rond-comme-une-galette\/debats-jp-helene-7748\/\" class=\"wp-image-1170\" srcset=\"https:\/\/pataconte.fr\/wp-content\/uploads\/2022\/01\/DEBATS-JP-HELENE-7748-1024x633.jpg 1024w, https:\/\/pataconte.fr\/wp-content\/uploads\/2022\/01\/DEBATS-JP-HELENE-7748-300x185.jpg 300w, https:\/\/pataconte.fr\/wp-content\/uploads\/2022\/01\/DEBATS-JP-HELENE-7748-768x475.jpg 768w, https:\/\/pataconte.fr\/wp-content\/uploads\/2022\/01\/DEBATS-JP-HELENE-7748-1536x949.jpg 1536w, https:\/\/pataconte.fr\/wp-content\/uploads\/2022\/01\/DEBATS-JP-HELENE-7748-2048x1266.jpg 2048w, https:\/\/pataconte.fr\/wp-content\/uploads\/2022\/01\/DEBATS-JP-HELENE-7748-1160x717.jpg 1160w\" sizes=\"(max-width: 1024px) 100vw, 1024px\" \/><\/figure><\/li><\/ul><\/figure>\n\n\n\n<hr class=\"wp-block-separator has-css-opacity\"\/>\n\n\n\n<p class=\"has-text-align-center\">Vous souhaitez nous faire un retour : laisser un message sur <a href=\"https:\/\/pataconte.fr\/index.php\/vos-retours\/\">le livre d&rsquo;or<\/a>. <br>Si vous \u00eates int\u00e9ress\u00e9 par nos spectacles, contactez-nous <a href=\"https:\/\/pataconte.fr\/index.php\/contact\/\">ici<\/a>.<\/p>\n","protected":false},"excerpt":{"rendered":"","protected":false},"author":1,"featured_media":0,"parent":101,"menu_order":5,"comment_status":"closed","ping_status":"closed","template":"","meta":{"footnotes":""},"class_list":["post-253","page","type-page","status-publish","hentry"],"yoast_head":"<!-- This site is optimized with the Yoast SEO plugin v26.8 - https:\/\/yoast.com\/product\/yoast-seo-wordpress\/ -->\n<title>Rond comme une galette - Compagnie Pataconte<\/title>\n<meta name=\"robots\" content=\"index, follow, max-snippet:-1, max-image-preview:large, max-video-preview:-1\" \/>\n<link rel=\"canonical\" href=\"https:\/\/pataconte.fr\/index.php\/les-spectacles\/les-valisettes\/rond-comme-une-galette\/\" \/>\n<meta property=\"og:locale\" content=\"fr_FR\" \/>\n<meta property=\"og:type\" content=\"article\" \/>\n<meta property=\"og:title\" content=\"Rond comme une galette - Compagnie Pataconte\" \/>\n<meta property=\"og:url\" content=\"https:\/\/pataconte.fr\/index.php\/les-spectacles\/les-valisettes\/rond-comme-une-galette\/\" \/>\n<meta property=\"og:site_name\" content=\"Compagnie Pataconte\" \/>\n<meta property=\"article:modified_time\" content=\"2022-01-04T21:52:21+00:00\" \/>\n<meta property=\"og:image\" content=\"http:\/\/pataconte.fr\/wp-content\/uploads\/2019\/07\/Composition-rond-comme-une-galette-1024x512.jpg\" \/>\n<meta name=\"twitter:card\" content=\"summary_large_image\" \/>\n<script type=\"application\/ld+json\" class=\"yoast-schema-graph\">{\"@context\":\"https:\/\/schema.org\",\"@graph\":[{\"@type\":\"WebPage\",\"@id\":\"https:\/\/pataconte.fr\/index.php\/les-spectacles\/les-valisettes\/rond-comme-une-galette\/\",\"url\":\"https:\/\/pataconte.fr\/index.php\/les-spectacles\/les-valisettes\/rond-comme-une-galette\/\",\"name\":\"Rond comme une galette - Compagnie Pataconte\",\"isPartOf\":{\"@id\":\"https:\/\/pataconte.fr\/#website\"},\"primaryImageOfPage\":{\"@id\":\"https:\/\/pataconte.fr\/index.php\/les-spectacles\/les-valisettes\/rond-comme-une-galette\/#primaryimage\"},\"image\":{\"@id\":\"https:\/\/pataconte.fr\/index.php\/les-spectacles\/les-valisettes\/rond-comme-une-galette\/#primaryimage\"},\"thumbnailUrl\":\"http:\/\/pataconte.fr\/wp-content\/uploads\/2019\/07\/Composition-rond-comme-une-galette-1024x512.jpg\",\"datePublished\":\"2019-06-30T08:06:22+00:00\",\"dateModified\":\"2022-01-04T21:52:21+00:00\",\"breadcrumb\":{\"@id\":\"https:\/\/pataconte.fr\/index.php\/les-spectacles\/les-valisettes\/rond-comme-une-galette\/#breadcrumb\"},\"inLanguage\":\"fr-FR\",\"potentialAction\":[{\"@type\":\"ReadAction\",\"target\":[\"https:\/\/pataconte.fr\/index.php\/les-spectacles\/les-valisettes\/rond-comme-une-galette\/\"]}]},{\"@type\":\"ImageObject\",\"inLanguage\":\"fr-FR\",\"@id\":\"https:\/\/pataconte.fr\/index.php\/les-spectacles\/les-valisettes\/rond-comme-une-galette\/#primaryimage\",\"url\":\"http:\/\/pataconte.fr\/wp-content\/uploads\/2019\/07\/Composition-rond-comme-une-galette-1024x512.jpg\",\"contentUrl\":\"http:\/\/pataconte.fr\/wp-content\/uploads\/2019\/07\/Composition-rond-comme-une-galette-1024x512.jpg\"},{\"@type\":\"BreadcrumbList\",\"@id\":\"https:\/\/pataconte.fr\/index.php\/les-spectacles\/les-valisettes\/rond-comme-une-galette\/#breadcrumb\",\"itemListElement\":[{\"@type\":\"ListItem\",\"position\":1,\"name\":\"Accueil\",\"item\":\"https:\/\/pataconte.fr\/\"},{\"@type\":\"ListItem\",\"position\":2,\"name\":\"Spectacles\",\"item\":\"https:\/\/pataconte.fr\/index.php\/les-spectacles\/\"},{\"@type\":\"ListItem\",\"position\":3,\"name\":\"Les petites valisettes!\",\"item\":\"https:\/\/pataconte.fr\/index.php\/les-spectacles\/les-valisettes\/\"},{\"@type\":\"ListItem\",\"position\":4,\"name\":\"Rond comme une galette\"}]},{\"@type\":\"WebSite\",\"@id\":\"https:\/\/pataconte.fr\/#website\",\"url\":\"https:\/\/pataconte.fr\/\",\"name\":\"Compagnie Pataconte\",\"description\":\"\",\"publisher\":{\"@id\":\"https:\/\/pataconte.fr\/#organization\"},\"potentialAction\":[{\"@type\":\"SearchAction\",\"target\":{\"@type\":\"EntryPoint\",\"urlTemplate\":\"https:\/\/pataconte.fr\/?s={search_term_string}\"},\"query-input\":{\"@type\":\"PropertyValueSpecification\",\"valueRequired\":true,\"valueName\":\"search_term_string\"}}],\"inLanguage\":\"fr-FR\"},{\"@type\":\"Organization\",\"@id\":\"https:\/\/pataconte.fr\/#organization\",\"name\":\"Compagnie Pataconte\",\"url\":\"https:\/\/pataconte.fr\/\",\"logo\":{\"@type\":\"ImageObject\",\"inLanguage\":\"fr-FR\",\"@id\":\"https:\/\/pataconte.fr\/#\/schema\/logo\/image\/\",\"url\":\"https:\/\/pataconte.fr\/wp-content\/uploads\/2019\/06\/Logo-redessine\u0301.jpg\",\"contentUrl\":\"https:\/\/pataconte.fr\/wp-content\/uploads\/2019\/06\/Logo-redessine\u0301.jpg\",\"width\":3049,\"height\":2881,\"caption\":\"Compagnie Pataconte\"},\"image\":{\"@id\":\"https:\/\/pataconte.fr\/#\/schema\/logo\/image\/\"}}]}<\/script>\n<!-- \/ Yoast SEO plugin. -->","yoast_head_json":{"title":"Rond comme une galette - Compagnie Pataconte","robots":{"index":"index","follow":"follow","max-snippet":"max-snippet:-1","max-image-preview":"max-image-preview:large","max-video-preview":"max-video-preview:-1"},"canonical":"https:\/\/pataconte.fr\/index.php\/les-spectacles\/les-valisettes\/rond-comme-une-galette\/","og_locale":"fr_FR","og_type":"article","og_title":"Rond comme une galette - Compagnie Pataconte","og_url":"https:\/\/pataconte.fr\/index.php\/les-spectacles\/les-valisettes\/rond-comme-une-galette\/","og_site_name":"Compagnie Pataconte","article_modified_time":"2022-01-04T21:52:21+00:00","og_image":[{"url":"http:\/\/pataconte.fr\/wp-content\/uploads\/2019\/07\/Composition-rond-comme-une-galette-1024x512.jpg","type":"","width":"","height":""}],"twitter_card":"summary_large_image","schema":{"@context":"https:\/\/schema.org","@graph":[{"@type":"WebPage","@id":"https:\/\/pataconte.fr\/index.php\/les-spectacles\/les-valisettes\/rond-comme-une-galette\/","url":"https:\/\/pataconte.fr\/index.php\/les-spectacles\/les-valisettes\/rond-comme-une-galette\/","name":"Rond comme une galette - Compagnie Pataconte","isPartOf":{"@id":"https:\/\/pataconte.fr\/#website"},"primaryImageOfPage":{"@id":"https:\/\/pataconte.fr\/index.php\/les-spectacles\/les-valisettes\/rond-comme-une-galette\/#primaryimage"},"image":{"@id":"https:\/\/pataconte.fr\/index.php\/les-spectacles\/les-valisettes\/rond-comme-une-galette\/#primaryimage"},"thumbnailUrl":"http:\/\/pataconte.fr\/wp-content\/uploads\/2019\/07\/Composition-rond-comme-une-galette-1024x512.jpg","datePublished":"2019-06-30T08:06:22+00:00","dateModified":"2022-01-04T21:52:21+00:00","breadcrumb":{"@id":"https:\/\/pataconte.fr\/index.php\/les-spectacles\/les-valisettes\/rond-comme-une-galette\/#breadcrumb"},"inLanguage":"fr-FR","potentialAction":[{"@type":"ReadAction","target":["https:\/\/pataconte.fr\/index.php\/les-spectacles\/les-valisettes\/rond-comme-une-galette\/"]}]},{"@type":"ImageObject","inLanguage":"fr-FR","@id":"https:\/\/pataconte.fr\/index.php\/les-spectacles\/les-valisettes\/rond-comme-une-galette\/#primaryimage","url":"http:\/\/pataconte.fr\/wp-content\/uploads\/2019\/07\/Composition-rond-comme-une-galette-1024x512.jpg","contentUrl":"http:\/\/pataconte.fr\/wp-content\/uploads\/2019\/07\/Composition-rond-comme-une-galette-1024x512.jpg"},{"@type":"BreadcrumbList","@id":"https:\/\/pataconte.fr\/index.php\/les-spectacles\/les-valisettes\/rond-comme-une-galette\/#breadcrumb","itemListElement":[{"@type":"ListItem","position":1,"name":"Accueil","item":"https:\/\/pataconte.fr\/"},{"@type":"ListItem","position":2,"name":"Spectacles","item":"https:\/\/pataconte.fr\/index.php\/les-spectacles\/"},{"@type":"ListItem","position":3,"name":"Les petites valisettes!","item":"https:\/\/pataconte.fr\/index.php\/les-spectacles\/les-valisettes\/"},{"@type":"ListItem","position":4,"name":"Rond comme une galette"}]},{"@type":"WebSite","@id":"https:\/\/pataconte.fr\/#website","url":"https:\/\/pataconte.fr\/","name":"Compagnie Pataconte","description":"","publisher":{"@id":"https:\/\/pataconte.fr\/#organization"},"potentialAction":[{"@type":"SearchAction","target":{"@type":"EntryPoint","urlTemplate":"https:\/\/pataconte.fr\/?s={search_term_string}"},"query-input":{"@type":"PropertyValueSpecification","valueRequired":true,"valueName":"search_term_string"}}],"inLanguage":"fr-FR"},{"@type":"Organization","@id":"https:\/\/pataconte.fr\/#organization","name":"Compagnie Pataconte","url":"https:\/\/pataconte.fr\/","logo":{"@type":"ImageObject","inLanguage":"fr-FR","@id":"https:\/\/pataconte.fr\/#\/schema\/logo\/image\/","url":"https:\/\/pataconte.fr\/wp-content\/uploads\/2019\/06\/Logo-redessine\u0301.jpg","contentUrl":"https:\/\/pataconte.fr\/wp-content\/uploads\/2019\/06\/Logo-redessine\u0301.jpg","width":3049,"height":2881,"caption":"Compagnie Pataconte"},"image":{"@id":"https:\/\/pataconte.fr\/#\/schema\/logo\/image\/"}}]}},"acf":[],"_links":{"self":[{"href":"https:\/\/pataconte.fr\/index.php\/wp-json\/wp\/v2\/pages\/253","targetHints":{"allow":["GET"]}}],"collection":[{"href":"https:\/\/pataconte.fr\/index.php\/wp-json\/wp\/v2\/pages"}],"about":[{"href":"https:\/\/pataconte.fr\/index.php\/wp-json\/wp\/v2\/types\/page"}],"author":[{"embeddable":true,"href":"https:\/\/pataconte.fr\/index.php\/wp-json\/wp\/v2\/users\/1"}],"replies":[{"embeddable":true,"href":"https:\/\/pataconte.fr\/index.php\/wp-json\/wp\/v2\/comments?post=253"}],"version-history":[{"count":4,"href":"https:\/\/pataconte.fr\/index.php\/wp-json\/wp\/v2\/pages\/253\/revisions"}],"predecessor-version":[{"id":1175,"href":"https:\/\/pataconte.fr\/index.php\/wp-json\/wp\/v2\/pages\/253\/revisions\/1175"}],"up":[{"embeddable":true,"href":"https:\/\/pataconte.fr\/index.php\/wp-json\/wp\/v2\/pages\/101"}],"wp:attachment":[{"href":"https:\/\/pataconte.fr\/index.php\/wp-json\/wp\/v2\/media?parent=253"}],"curies":[{"name":"wp","href":"https:\/\/api.w.org\/{rel}","templated":true}]}}