{"id":17,"date":"2019-06-22T16:18:13","date_gmt":"2019-06-22T14:18:13","guid":{"rendered":"http:\/\/localhost:8080\/wp\/?page_id=15"},"modified":"2024-08-17T15:40:11","modified_gmt":"2024-08-17T13:40:11","slug":"accueil","status":"publish","type":"page","link":"https:\/\/pataconte.fr\/index.php\/accueil\/","title":{"rendered":"Compagnie Pataconte"},"content":{"rendered":"\n<div class=\"wp-block-columns are-vertically-aligned-top is-layout-flex wp-container-core-columns-is-layout-9d6595d7 wp-block-columns-is-layout-flex\">\n<div class=\"wp-block-column is-vertically-aligned-top is-layout-flow wp-block-column-is-layout-flow\" style=\"flex-basis:33.34%\">\n<div class=\"wp-block-columns is-layout-flex wp-container-core-columns-is-layout-9d6595d7 wp-block-columns-is-layout-flex\">\n<div class=\"wp-block-column is-layout-flow wp-block-column-is-layout-flow\" style=\"flex-basis:60%\"><\/div>\n<\/div>\n<\/div>\n\n\n\n<div class=\"wp-block-column is-vertically-aligned-top is-layout-flow wp-block-column-is-layout-flow\" style=\"flex-basis:70%\"><\/div>\n\n\n\n<div class=\"wp-block-column is-layout-flow wp-block-column-is-layout-flow\" style=\"flex-basis:33.33%\"><\/div>\n<\/div>\n\n\n\n<div class=\"wp-block-columns is-layout-flex wp-container-core-columns-is-layout-9d6595d7 wp-block-columns-is-layout-flex\">\n<div class=\"wp-block-column is-layout-flow wp-block-column-is-layout-flow\" style=\"flex-basis:18.75%\">\n<figure class=\"wp-block-image size-large is-resized is-style-default\"><img fetchpriority=\"high\" decoding=\"async\" src=\"https:\/\/pataconte.fr\/wp-content\/uploads\/2024\/08\/DSC04674recadree-771x1024.jpg\" alt=\"\" class=\"wp-image-1728\" width=\"197\" height=\"263\" srcset=\"https:\/\/pataconte.fr\/wp-content\/uploads\/2024\/08\/DSC04674recadree-771x1024.jpg 771w, https:\/\/pataconte.fr\/wp-content\/uploads\/2024\/08\/DSC04674recadree-226x300.jpg 226w, https:\/\/pataconte.fr\/wp-content\/uploads\/2024\/08\/DSC04674recadree-768x1020.jpg 768w, https:\/\/pataconte.fr\/wp-content\/uploads\/2024\/08\/DSC04674recadree.jpg 813w\" sizes=\"(max-width: 197px) 100vw, 197px\" \/><\/figure>\n<\/div>\n\n\n\n<div class=\"wp-block-column is-layout-flow wp-block-column-is-layout-flow\" style=\"flex-basis:37.5%\">\n<figure class=\"wp-block-image size-large is-resized is-style-default\"><img decoding=\"async\" src=\"https:\/\/pataconte.fr\/wp-content\/uploads\/2024\/08\/DSC06682-1024x683.jpg\" alt=\"\" class=\"wp-image-1725\" width=\"394\" height=\"263\" srcset=\"https:\/\/pataconte.fr\/wp-content\/uploads\/2024\/08\/DSC06682-1024x683.jpg 1024w, https:\/\/pataconte.fr\/wp-content\/uploads\/2024\/08\/DSC06682-300x200.jpg 300w, https:\/\/pataconte.fr\/wp-content\/uploads\/2024\/08\/DSC06682-768x512.jpg 768w, https:\/\/pataconte.fr\/wp-content\/uploads\/2024\/08\/DSC06682-1536x1024.jpg 1536w, https:\/\/pataconte.fr\/wp-content\/uploads\/2024\/08\/DSC06682-2048x1365.jpg 2048w, https:\/\/pataconte.fr\/wp-content\/uploads\/2024\/08\/DSC06682-1160x773.jpg 1160w\" sizes=\"(max-width: 394px) 100vw, 394px\" \/><\/figure>\n<\/div>\n\n\n\n<div class=\"wp-block-column is-layout-flow wp-block-column-is-layout-flow\" style=\"flex-basis:18.75%\">\n<figure class=\"wp-block-image size-large is-resized is-style-default\"><img decoding=\"async\" src=\"https:\/\/pataconte.fr\/wp-content\/uploads\/2024\/08\/85-681x1024.jpg\" alt=\"\" class=\"wp-image-1727\" width=\"163\" height=\"263\"\/><\/figure>\n<\/div>\n\n\n\n<div class=\"wp-block-column is-layout-flow wp-block-column-is-layout-flow\" style=\"flex-basis:25%\">\n<figure class=\"wp-block-image size-large is-resized is-style-default\"><img loading=\"lazy\" decoding=\"async\" src=\"https:\/\/pataconte.fr\/wp-content\/uploads\/2024\/08\/DSC04308-871x1024.jpg\" alt=\"\" class=\"wp-image-1729\" width=\"210\" height=\"263\"\/><\/figure>\n<\/div>\n<\/div>\n\n\n<p><img loading=\"lazy\" decoding=\"async\" class=\"wp-image-185 alignleft\" src=\"https:\/\/pataconte.fr\/wp-content\/uploads\/2019\/06\/Logo-redessine\u0301-300x283.jpg\" alt=\"\" width=\"201\" height=\"190\" srcset=\"https:\/\/pataconte.fr\/wp-content\/uploads\/2019\/06\/Logo-redessine\u0301-300x283.jpg 300w, https:\/\/pataconte.fr\/wp-content\/uploads\/2019\/06\/Logo-redessine\u0301-768x726.jpg 768w, https:\/\/pataconte.fr\/wp-content\/uploads\/2019\/06\/Logo-redessine\u0301-1024x968.jpg 1024w, https:\/\/pataconte.fr\/wp-content\/uploads\/2019\/06\/Logo-redessine\u0301-1140x1077.jpg 1140w\" sizes=\"(max-width: 201px) 100vw, 201px\" \/><\/p>\n<p>P\u00e2te \u00e0 tarte, p\u00e2te \u00e0 bises, p\u00e2te \u00e0 choux, p\u00e2te \u00e0 cr\u00eapes, p\u00e2te \u00e0 pain, p\u00e2te \u00e0 sel, p\u00e2te \u00e0 sucre, p\u00e2te \u00e0 tartiner, p\u00e2te \u00e0 fixe, p\u00e2te \u00e0 bois, p\u00e2te \u00e0 papier, p\u00e2te \u00e0 modeler, p\u00e2te \u00e0 contes\u2026<\/p>\n<p>De mots en images, d\u2019images en livres, de livres en objets, d\u2019objets en sons, de sons en m\u00e9lodies, de m\u00e9lodies en mots\u2026La compagnie Pataconte propose des spectacles pour tr\u00e8s jeune public (de 0 \u00e0 7 ans) dont la mati\u00e8re premi\u00e8re est la narration&nbsp;: contes traditionnels, comptines, chansons, randonn\u00e9es et autres r\u00e9cits sont malax\u00e9s, tritur\u00e9s, mis en forme, en volume et en musique&nbsp;!<\/p>\n<p>Chaque spectacle de la compagnie Pataconte est une red\u00e9couverte d\u2019histoires ou de th\u00e8mes familiers o\u00f9 petits et grands se retrouvent, chacun \u00e0 leur niveau de lecture.<\/p>\n<p>Entrez dans l\u2019univers de la compagnie Pataconte et laissez-vous emporter par la gourmandise des mots, la musicalit\u00e9 du violon et la fantaisie des couleurs.<\/p>\n\n\n<p>Pour voir tous nos spectacles, <a href=\"https:\/\/pataconte.fr\/index.php\/les-spectacles\/\">c&rsquo;est ici<\/a>.<\/p>\n","protected":false},"excerpt":{"rendered":"<p>P\u00e2te \u00e0 tarte, p\u00e2te \u00e0 bises, p\u00e2te \u00e0 choux, p\u00e2te \u00e0 cr\u00eapes, p\u00e2te \u00e0 pain, p\u00e2te \u00e0 sel, p\u00e2te \u00e0 sucre, p\u00e2te \u00e0 tartiner, p\u00e2te \u00e0 fixe, p\u00e2te \u00e0 bois, p\u00e2te \u00e0 papier, p\u00e2te \u00e0 modeler, p\u00e2te \u00e0 contes\u2026 De mots en images, d\u2019images en livres, de livres en objets, d\u2019objets en sons, de sons en m\u00e9lodies, de m\u00e9lodies en mots\u2026La compagnie Pataconte propose des spectacles pour tr\u00e8s jeune public (de 0 \u00e0 7 ans) dont la mati\u00e8re premi\u00e8re est la narration&nbsp;: contes traditionnels, comptines, chansons, randonn\u00e9es et autres r\u00e9cits sont malax\u00e9s, tritur\u00e9s, mis en forme, en volume et en musique&nbsp;! Chaque spectacle de la compagnie Pataconte est une red\u00e9couverte d\u2019histoires ou de th\u00e8mes familiers o\u00f9 petits et grands se retrouvent, chacun \u00e0 leur niveau de lecture. Entrez dans l\u2019univers de la compagnie Pataconte et laissez-vous emporter par la gourmandise des mots, la musicalit\u00e9 du violon et la fantaisie des couleurs. Pour voir tous nos spectacles, c&rsquo;est ici.<\/p>\n","protected":false},"author":1,"featured_media":0,"parent":0,"menu_order":1,"comment_status":"closed","ping_status":"closed","template":"","meta":{"footnotes":""},"class_list":["post-17","page","type-page","status-publish","hentry"],"yoast_head":"<!-- This site is optimized with the Yoast SEO plugin v26.8 - https:\/\/yoast.com\/product\/yoast-seo-wordpress\/ -->\n<title>Compagnie Pataconte - Compagnie Pataconte<\/title>\n<meta name=\"description\" content=\"La compagnie Pataconte propose des spectacles pour tr\u00e8s jeune public (de 0 \u00e0 7 ans) dont la mati\u00e8re premi\u00e8re est la narration : contes traditionnels, comptines, chansons, randonn\u00e9es et autres r\u00e9cits sont malax\u00e9s, tritur\u00e9s, mis en forme, en volume et en musique !\" \/>\n<meta name=\"robots\" content=\"index, follow, max-snippet:-1, max-image-preview:large, max-video-preview:-1\" \/>\n<link rel=\"canonical\" href=\"https:\/\/pataconte.fr\/index.php\/accueil\/\" \/>\n<meta property=\"og:locale\" content=\"fr_FR\" \/>\n<meta property=\"og:type\" content=\"article\" \/>\n<meta property=\"og:title\" content=\"Compagnie Pataconte - Compagnie Pataconte\" \/>\n<meta property=\"og:description\" content=\"La compagnie Pataconte propose des spectacles pour tr\u00e8s jeune public (de 0 \u00e0 7 ans) dont la mati\u00e8re premi\u00e8re est la narration : contes traditionnels, comptines, chansons, randonn\u00e9es et autres r\u00e9cits sont malax\u00e9s, tritur\u00e9s, mis en forme, en volume et en musique !\" \/>\n<meta property=\"og:url\" content=\"https:\/\/pataconte.fr\/index.php\/accueil\/\" \/>\n<meta property=\"og:site_name\" content=\"Compagnie Pataconte\" \/>\n<meta property=\"article:modified_time\" content=\"2024-08-17T13:40:11+00:00\" \/>\n<meta property=\"og:image\" content=\"https:\/\/pataconte.fr\/wp-content\/uploads\/2024\/08\/DSC04674recadree-771x1024.jpg\" \/>\n<meta name=\"twitter:card\" content=\"summary_large_image\" \/>\n<meta name=\"twitter:label1\" content=\"Dur\u00e9e de lecture estim\u00e9e\" \/>\n\t<meta name=\"twitter:data1\" content=\"2 minutes\" \/>\n<script type=\"application\/ld+json\" class=\"yoast-schema-graph\">{\"@context\":\"https:\/\/schema.org\",\"@graph\":[{\"@type\":\"WebPage\",\"@id\":\"https:\/\/pataconte.fr\/index.php\/accueil\/\",\"url\":\"https:\/\/pataconte.fr\/index.php\/accueil\/\",\"name\":\"Compagnie Pataconte - Compagnie Pataconte\",\"isPartOf\":{\"@id\":\"https:\/\/pataconte.fr\/#website\"},\"primaryImageOfPage\":{\"@id\":\"https:\/\/pataconte.fr\/index.php\/accueil\/#primaryimage\"},\"image\":{\"@id\":\"https:\/\/pataconte.fr\/index.php\/accueil\/#primaryimage\"},\"thumbnailUrl\":\"https:\/\/pataconte.fr\/wp-content\/uploads\/2024\/08\/DSC04674recadree-771x1024.jpg\",\"datePublished\":\"2019-06-22T14:18:13+00:00\",\"dateModified\":\"2024-08-17T13:40:11+00:00\",\"description\":\"La compagnie Pataconte propose des spectacles pour tr\u00e8s jeune public (de 0 \u00e0 7 ans) dont la mati\u00e8re premi\u00e8re est la narration : contes traditionnels, comptines, chansons, randonn\u00e9es et autres r\u00e9cits sont malax\u00e9s, tritur\u00e9s, mis en forme, en volume et en musique !\",\"breadcrumb\":{\"@id\":\"https:\/\/pataconte.fr\/index.php\/accueil\/#breadcrumb\"},\"inLanguage\":\"fr-FR\",\"potentialAction\":[{\"@type\":\"ReadAction\",\"target\":[\"https:\/\/pataconte.fr\/index.php\/accueil\/\"]}]},{\"@type\":\"ImageObject\",\"inLanguage\":\"fr-FR\",\"@id\":\"https:\/\/pataconte.fr\/index.php\/accueil\/#primaryimage\",\"url\":\"https:\/\/pataconte.fr\/wp-content\/uploads\/2024\/08\/DSC04674recadree.jpg\",\"contentUrl\":\"https:\/\/pataconte.fr\/wp-content\/uploads\/2024\/08\/DSC04674recadree.jpg\",\"width\":813,\"height\":1080},{\"@type\":\"BreadcrumbList\",\"@id\":\"https:\/\/pataconte.fr\/index.php\/accueil\/#breadcrumb\",\"itemListElement\":[{\"@type\":\"ListItem\",\"position\":1,\"name\":\"Accueil\",\"item\":\"https:\/\/pataconte.fr\/\"},{\"@type\":\"ListItem\",\"position\":2,\"name\":\"Compagnie Pataconte\"}]},{\"@type\":\"WebSite\",\"@id\":\"https:\/\/pataconte.fr\/#website\",\"url\":\"https:\/\/pataconte.fr\/\",\"name\":\"Compagnie Pataconte\",\"description\":\"\",\"publisher\":{\"@id\":\"https:\/\/pataconte.fr\/#organization\"},\"potentialAction\":[{\"@type\":\"SearchAction\",\"target\":{\"@type\":\"EntryPoint\",\"urlTemplate\":\"https:\/\/pataconte.fr\/?s={search_term_string}\"},\"query-input\":{\"@type\":\"PropertyValueSpecification\",\"valueRequired\":true,\"valueName\":\"search_term_string\"}}],\"inLanguage\":\"fr-FR\"},{\"@type\":\"Organization\",\"@id\":\"https:\/\/pataconte.fr\/#organization\",\"name\":\"Compagnie Pataconte\",\"url\":\"https:\/\/pataconte.fr\/\",\"logo\":{\"@type\":\"ImageObject\",\"inLanguage\":\"fr-FR\",\"@id\":\"https:\/\/pataconte.fr\/#\/schema\/logo\/image\/\",\"url\":\"https:\/\/pataconte.fr\/wp-content\/uploads\/2019\/06\/Logo-redessine\u0301.jpg\",\"contentUrl\":\"https:\/\/pataconte.fr\/wp-content\/uploads\/2019\/06\/Logo-redessine\u0301.jpg\",\"width\":3049,\"height\":2881,\"caption\":\"Compagnie Pataconte\"},\"image\":{\"@id\":\"https:\/\/pataconte.fr\/#\/schema\/logo\/image\/\"}}]}<\/script>\n<!-- \/ Yoast SEO plugin. -->","yoast_head_json":{"title":"Compagnie Pataconte - Compagnie Pataconte","description":"La compagnie Pataconte propose des spectacles pour tr\u00e8s jeune public (de 0 \u00e0 7 ans) dont la mati\u00e8re premi\u00e8re est la narration : contes traditionnels, comptines, chansons, randonn\u00e9es et autres r\u00e9cits sont malax\u00e9s, tritur\u00e9s, mis en forme, en volume et en musique !","robots":{"index":"index","follow":"follow","max-snippet":"max-snippet:-1","max-image-preview":"max-image-preview:large","max-video-preview":"max-video-preview:-1"},"canonical":"https:\/\/pataconte.fr\/index.php\/accueil\/","og_locale":"fr_FR","og_type":"article","og_title":"Compagnie Pataconte - Compagnie Pataconte","og_description":"La compagnie Pataconte propose des spectacles pour tr\u00e8s jeune public (de 0 \u00e0 7 ans) dont la mati\u00e8re premi\u00e8re est la narration : contes traditionnels, comptines, chansons, randonn\u00e9es et autres r\u00e9cits sont malax\u00e9s, tritur\u00e9s, mis en forme, en volume et en musique !","og_url":"https:\/\/pataconte.fr\/index.php\/accueil\/","og_site_name":"Compagnie Pataconte","article_modified_time":"2024-08-17T13:40:11+00:00","og_image":[{"url":"https:\/\/pataconte.fr\/wp-content\/uploads\/2024\/08\/DSC04674recadree-771x1024.jpg","type":"","width":"","height":""}],"twitter_card":"summary_large_image","twitter_misc":{"Dur\u00e9e de lecture estim\u00e9e":"2 minutes"},"schema":{"@context":"https:\/\/schema.org","@graph":[{"@type":"WebPage","@id":"https:\/\/pataconte.fr\/index.php\/accueil\/","url":"https:\/\/pataconte.fr\/index.php\/accueil\/","name":"Compagnie Pataconte - Compagnie Pataconte","isPartOf":{"@id":"https:\/\/pataconte.fr\/#website"},"primaryImageOfPage":{"@id":"https:\/\/pataconte.fr\/index.php\/accueil\/#primaryimage"},"image":{"@id":"https:\/\/pataconte.fr\/index.php\/accueil\/#primaryimage"},"thumbnailUrl":"https:\/\/pataconte.fr\/wp-content\/uploads\/2024\/08\/DSC04674recadree-771x1024.jpg","datePublished":"2019-06-22T14:18:13+00:00","dateModified":"2024-08-17T13:40:11+00:00","description":"La compagnie Pataconte propose des spectacles pour tr\u00e8s jeune public (de 0 \u00e0 7 ans) dont la mati\u00e8re premi\u00e8re est la narration : contes traditionnels, comptines, chansons, randonn\u00e9es et autres r\u00e9cits sont malax\u00e9s, tritur\u00e9s, mis en forme, en volume et en musique !","breadcrumb":{"@id":"https:\/\/pataconte.fr\/index.php\/accueil\/#breadcrumb"},"inLanguage":"fr-FR","potentialAction":[{"@type":"ReadAction","target":["https:\/\/pataconte.fr\/index.php\/accueil\/"]}]},{"@type":"ImageObject","inLanguage":"fr-FR","@id":"https:\/\/pataconte.fr\/index.php\/accueil\/#primaryimage","url":"https:\/\/pataconte.fr\/wp-content\/uploads\/2024\/08\/DSC04674recadree.jpg","contentUrl":"https:\/\/pataconte.fr\/wp-content\/uploads\/2024\/08\/DSC04674recadree.jpg","width":813,"height":1080},{"@type":"BreadcrumbList","@id":"https:\/\/pataconte.fr\/index.php\/accueil\/#breadcrumb","itemListElement":[{"@type":"ListItem","position":1,"name":"Accueil","item":"https:\/\/pataconte.fr\/"},{"@type":"ListItem","position":2,"name":"Compagnie Pataconte"}]},{"@type":"WebSite","@id":"https:\/\/pataconte.fr\/#website","url":"https:\/\/pataconte.fr\/","name":"Compagnie Pataconte","description":"","publisher":{"@id":"https:\/\/pataconte.fr\/#organization"},"potentialAction":[{"@type":"SearchAction","target":{"@type":"EntryPoint","urlTemplate":"https:\/\/pataconte.fr\/?s={search_term_string}"},"query-input":{"@type":"PropertyValueSpecification","valueRequired":true,"valueName":"search_term_string"}}],"inLanguage":"fr-FR"},{"@type":"Organization","@id":"https:\/\/pataconte.fr\/#organization","name":"Compagnie Pataconte","url":"https:\/\/pataconte.fr\/","logo":{"@type":"ImageObject","inLanguage":"fr-FR","@id":"https:\/\/pataconte.fr\/#\/schema\/logo\/image\/","url":"https:\/\/pataconte.fr\/wp-content\/uploads\/2019\/06\/Logo-redessine\u0301.jpg","contentUrl":"https:\/\/pataconte.fr\/wp-content\/uploads\/2019\/06\/Logo-redessine\u0301.jpg","width":3049,"height":2881,"caption":"Compagnie Pataconte"},"image":{"@id":"https:\/\/pataconte.fr\/#\/schema\/logo\/image\/"}}]}},"acf":[],"_links":{"self":[{"href":"https:\/\/pataconte.fr\/index.php\/wp-json\/wp\/v2\/pages\/17","targetHints":{"allow":["GET"]}}],"collection":[{"href":"https:\/\/pataconte.fr\/index.php\/wp-json\/wp\/v2\/pages"}],"about":[{"href":"https:\/\/pataconte.fr\/index.php\/wp-json\/wp\/v2\/types\/page"}],"author":[{"embeddable":true,"href":"https:\/\/pataconte.fr\/index.php\/wp-json\/wp\/v2\/users\/1"}],"replies":[{"embeddable":true,"href":"https:\/\/pataconte.fr\/index.php\/wp-json\/wp\/v2\/comments?post=17"}],"version-history":[{"count":35,"href":"https:\/\/pataconte.fr\/index.php\/wp-json\/wp\/v2\/pages\/17\/revisions"}],"predecessor-version":[{"id":1734,"href":"https:\/\/pataconte.fr\/index.php\/wp-json\/wp\/v2\/pages\/17\/revisions\/1734"}],"wp:attachment":[{"href":"https:\/\/pataconte.fr\/index.php\/wp-json\/wp\/v2\/media?parent=17"}],"curies":[{"name":"wp","href":"https:\/\/api.w.org\/{rel}","templated":true}]}}