{"id":103,"date":"2019-06-22T18:39:12","date_gmt":"2019-06-22T16:39:12","guid":{"rendered":"http:\/\/localhost:8080\/wp\/?page_id=103"},"modified":"2024-10-15T16:40:18","modified_gmt":"2024-10-15T14:40:18","slug":"cric-crac-croc","status":"publish","type":"page","link":"https:\/\/pataconte.fr\/index.php\/les-spectacles\/les-valisettes\/cric-crac-croc\/","title":{"rendered":"Cric, crac, croc!"},"content":{"rendered":"\n<div style=\"height:100px\" aria-hidden=\"true\" class=\"wp-block-spacer\"><\/div>\n\n\n\n<figure class=\"wp-block-gallery has-nested-images columns-default is-cropped wp-block-gallery-1 is-layout-flex wp-block-gallery-is-layout-flex\">\n<figure class=\"wp-block-image size-full is-style-default\"><img fetchpriority=\"high\" decoding=\"async\" width=\"812\" height=\"812\" data-id=\"1942\" src=\"https:\/\/pataconte.fr\/wp-content\/uploads\/2024\/10\/image00017.jpeg\" alt=\"\" class=\"wp-image-1942\" srcset=\"https:\/\/pataconte.fr\/wp-content\/uploads\/2024\/10\/image00017.jpeg 812w, https:\/\/pataconte.fr\/wp-content\/uploads\/2024\/10\/image00017-300x300.jpeg 300w, https:\/\/pataconte.fr\/wp-content\/uploads\/2024\/10\/image00017-150x150.jpeg 150w, https:\/\/pataconte.fr\/wp-content\/uploads\/2024\/10\/image00017-768x768.jpeg 768w, https:\/\/pataconte.fr\/wp-content\/uploads\/2024\/10\/image00017-75x75.jpeg 75w\" sizes=\"(max-width: 812px) 100vw, 812px\" \/><\/figure>\n\n\n\n<figure class=\"wp-block-image size-full is-style-default\"><img decoding=\"async\" width=\"847\" height=\"847\" data-id=\"1935\" src=\"https:\/\/pataconte.fr\/wp-content\/uploads\/2024\/10\/image00010.jpeg\" alt=\"\" class=\"wp-image-1935\" srcset=\"https:\/\/pataconte.fr\/wp-content\/uploads\/2024\/10\/image00010.jpeg 847w, https:\/\/pataconte.fr\/wp-content\/uploads\/2024\/10\/image00010-300x300.jpeg 300w, https:\/\/pataconte.fr\/wp-content\/uploads\/2024\/10\/image00010-150x150.jpeg 150w, https:\/\/pataconte.fr\/wp-content\/uploads\/2024\/10\/image00010-768x768.jpeg 768w, https:\/\/pataconte.fr\/wp-content\/uploads\/2024\/10\/image00010-75x75.jpeg 75w\" sizes=\"(max-width: 847px) 100vw, 847px\" \/><\/figure>\n\n\n\n<figure class=\"wp-block-image size-large is-style-default\"><img decoding=\"async\" width=\"768\" height=\"1024\" data-id=\"1940\" src=\"https:\/\/pataconte.fr\/wp-content\/uploads\/2024\/10\/image00015-768x1024.jpeg\" alt=\"\" class=\"wp-image-1940\" srcset=\"https:\/\/pataconte.fr\/wp-content\/uploads\/2024\/10\/image00015-768x1024.jpeg 768w, https:\/\/pataconte.fr\/wp-content\/uploads\/2024\/10\/image00015-225x300.jpeg 225w, https:\/\/pataconte.fr\/wp-content\/uploads\/2024\/10\/image00015-1152x1536.jpeg 1152w, https:\/\/pataconte.fr\/wp-content\/uploads\/2024\/10\/image00015-1160x1547.jpeg 1160w, https:\/\/pataconte.fr\/wp-content\/uploads\/2024\/10\/image00015.jpeg 1200w\" sizes=\"(max-width: 768px) 100vw, 768px\" \/><\/figure>\n\n\n\n<figure class=\"wp-block-image size-full is-style-default\"><img loading=\"lazy\" decoding=\"async\" width=\"523\" height=\"523\" data-id=\"1927\" src=\"https:\/\/pataconte.fr\/wp-content\/uploads\/2024\/10\/image00002.jpeg\" alt=\"\" class=\"wp-image-1927\" srcset=\"https:\/\/pataconte.fr\/wp-content\/uploads\/2024\/10\/image00002.jpeg 523w, https:\/\/pataconte.fr\/wp-content\/uploads\/2024\/10\/image00002-300x300.jpeg 300w, https:\/\/pataconte.fr\/wp-content\/uploads\/2024\/10\/image00002-150x150.jpeg 150w, https:\/\/pataconte.fr\/wp-content\/uploads\/2024\/10\/image00002-75x75.jpeg 75w\" sizes=\"(max-width: 523px) 100vw, 523px\" \/><\/figure>\n\n\n\n<figure class=\"wp-block-image size-full is-style-default\"><img loading=\"lazy\" decoding=\"async\" width=\"823\" height=\"823\" data-id=\"1943\" src=\"https:\/\/pataconte.fr\/wp-content\/uploads\/2024\/10\/image00018.jpeg\" alt=\"\" class=\"wp-image-1943\" srcset=\"https:\/\/pataconte.fr\/wp-content\/uploads\/2024\/10\/image00018.jpeg 823w, https:\/\/pataconte.fr\/wp-content\/uploads\/2024\/10\/image00018-300x300.jpeg 300w, https:\/\/pataconte.fr\/wp-content\/uploads\/2024\/10\/image00018-150x150.jpeg 150w, https:\/\/pataconte.fr\/wp-content\/uploads\/2024\/10\/image00018-768x768.jpeg 768w, https:\/\/pataconte.fr\/wp-content\/uploads\/2024\/10\/image00018-75x75.jpeg 75w\" sizes=\"(max-width: 823px) 100vw, 823px\" \/><\/figure>\n\n\n\n<figure class=\"wp-block-image size-large is-style-default\"><img loading=\"lazy\" decoding=\"async\" width=\"919\" height=\"950\" data-id=\"1932\" src=\"https:\/\/pataconte.fr\/wp-content\/uploads\/2024\/10\/image00007.jpeg\" alt=\"\" class=\"wp-image-1932\" srcset=\"https:\/\/pataconte.fr\/wp-content\/uploads\/2024\/10\/image00007.jpeg 919w, https:\/\/pataconte.fr\/wp-content\/uploads\/2024\/10\/image00007-290x300.jpeg 290w, https:\/\/pataconte.fr\/wp-content\/uploads\/2024\/10\/image00007-768x794.jpeg 768w\" sizes=\"(max-width: 919px) 100vw, 919px\" \/><\/figure>\n\n\n\n<figure class=\"wp-block-image size-large is-style-default\"><img loading=\"lazy\" decoding=\"async\" width=\"663\" height=\"663\" data-id=\"1931\" src=\"https:\/\/pataconte.fr\/wp-content\/uploads\/2024\/10\/image00006.jpeg\" alt=\"\" class=\"wp-image-1931\" srcset=\"https:\/\/pataconte.fr\/wp-content\/uploads\/2024\/10\/image00006.jpeg 663w, https:\/\/pataconte.fr\/wp-content\/uploads\/2024\/10\/image00006-300x300.jpeg 300w, https:\/\/pataconte.fr\/wp-content\/uploads\/2024\/10\/image00006-150x150.jpeg 150w, https:\/\/pataconte.fr\/wp-content\/uploads\/2024\/10\/image00006-75x75.jpeg 75w\" sizes=\"(max-width: 663px) 100vw, 663px\" \/><\/figure>\n\n\n\n<figure class=\"wp-block-image size-large is-style-default\"><img loading=\"lazy\" decoding=\"async\" width=\"702\" height=\"702\" data-id=\"1937\" src=\"https:\/\/pataconte.fr\/wp-content\/uploads\/2024\/10\/image00012.jpeg\" alt=\"\" class=\"wp-image-1937\" srcset=\"https:\/\/pataconte.fr\/wp-content\/uploads\/2024\/10\/image00012.jpeg 702w, https:\/\/pataconte.fr\/wp-content\/uploads\/2024\/10\/image00012-300x300.jpeg 300w, https:\/\/pataconte.fr\/wp-content\/uploads\/2024\/10\/image00012-150x150.jpeg 150w, https:\/\/pataconte.fr\/wp-content\/uploads\/2024\/10\/image00012-75x75.jpeg 75w\" sizes=\"(max-width: 702px) 100vw, 702px\" \/><\/figure>\n<\/figure>\n\n\n\n<div class=\"wp-block-media-text alignwide is-stacked-on-mobile\"><figure class=\"wp-block-media-text__media\"><img loading=\"lazy\" decoding=\"async\" width=\"683\" height=\"1024\" src=\"https:\/\/pataconte.fr\/wp-content\/uploads\/2024\/08\/cric-crac-croc-base-683x1024.jpg\" alt=\"\" class=\"wp-image-1754 size-full\" srcset=\"https:\/\/pataconte.fr\/wp-content\/uploads\/2024\/08\/cric-crac-croc-base-683x1024.jpg 683w, https:\/\/pataconte.fr\/wp-content\/uploads\/2024\/08\/cric-crac-croc-base-200x300.jpg 200w, https:\/\/pataconte.fr\/wp-content\/uploads\/2024\/08\/cric-crac-croc-base-768x1152.jpg 768w, https:\/\/pataconte.fr\/wp-content\/uploads\/2024\/08\/cric-crac-croc-base-1024x1536.jpg 1024w, https:\/\/pataconte.fr\/wp-content\/uploads\/2024\/08\/cric-crac-croc-base-1365x2048.jpg 1365w, https:\/\/pataconte.fr\/wp-content\/uploads\/2024\/08\/cric-crac-croc-base-1160x1740.jpg 1160w, https:\/\/pataconte.fr\/wp-content\/uploads\/2024\/08\/cric-crac-croc-base-scaled.jpg 1707w\" sizes=\"(max-width: 683px) 100vw, 683px\" \/><\/figure><div class=\"wp-block-media-text__content\">\n<p> <\/p>\n\n\n\n<p>Petit Bonhomme a faim, tr\u00e8s faim, une faim de loup!<\/p>\n\n\n\n<p><strong>CRIC!<\/strong> <strong>CRAC! CROC!<\/strong> Il a mang\u00e9 un \u0153uf&#8230;<\/p>\n\n\n\n<p><strong><strong>CRIC!<\/strong> <strong>CRAC! CROC!<\/strong><\/strong> La poule et ses poussins&#8230;<\/p>\n\n\n\n<p><strong><strong>CRIC!<\/strong> <strong>CRAC! CROC!<\/strong><\/strong> la cloche et le lapin&#8230;<\/p>\n\n\n\n<p>Et il a encore faim!<\/p>\n\n\n\n<p>Mais comment peut-il manger tout \u00e7a? <\/p>\n\n\n\n<p>Tout est en chocolat!!! <\/p>\n\n\n\n<p>Attention, il ne faut pas manger n&rsquo;importe quoi: Les l\u00e9gumes, \u00e7a c&rsquo;est bon! Hop, Petit Bonhomme enfile ses bottes, il prend son panier et file au potager.<\/p>\n\n\n\n<p>Chouette! des carottes! <\/p>\n\n\n\n<p>Ohhh&#8230;des poireaux! <\/p>\n\n\n\n<p>Ahhh&#8230;des patates!<\/p>\n\n\n\n<p>Et l\u00e0, regardez! le grand, le gros, l&rsquo;\u00e9norme navet&#8230;<\/p>\n\n\n\n<p>Une histoire qui titille les papilles et emm\u00e8ne petits et grands dans un univers gourmand o\u00f9 fruits, g\u00e2teaux, l\u00e9gumes et confiseries se c\u00f4toient gaiement! <\/p>\n\n\n\n<figure class=\"wp-block-image size-full is-style-default\"><img loading=\"lazy\" decoding=\"async\" width=\"636\" height=\"636\" src=\"https:\/\/pataconte.fr\/wp-content\/uploads\/2024\/10\/image00001.jpeg\" alt=\"\" class=\"wp-image-1926\" srcset=\"https:\/\/pataconte.fr\/wp-content\/uploads\/2024\/10\/image00001.jpeg 636w, https:\/\/pataconte.fr\/wp-content\/uploads\/2024\/10\/image00001-300x300.jpeg 300w, https:\/\/pataconte.fr\/wp-content\/uploads\/2024\/10\/image00001-150x150.jpeg 150w, https:\/\/pataconte.fr\/wp-content\/uploads\/2024\/10\/image00001-75x75.jpeg 75w\" sizes=\"(max-width: 636px) 100vw, 636px\" \/><\/figure>\n<\/div><\/div>\n\n\n\n<div style=\"height:100px\" aria-hidden=\"true\" class=\"wp-block-spacer\"><\/div>\n\n\n\n<hr class=\"wp-block-separator has-css-opacity\"\/>\n\n\n\n<p class=\"has-text-align-center\">Vous souhaitez nous faire un retour : laisser un message sur <a href=\"https:\/\/pataconte.fr\/index.php\/vos-retours\/\">le livre d&rsquo;or<\/a>. <br>Si vous \u00eates int\u00e9ress\u00e9 par nos spectacles, contactez-nous <a href=\"https:\/\/pataconte.fr\/index.php\/contact\/\">ici<\/a>.<\/p>\n","protected":false},"excerpt":{"rendered":"","protected":false},"author":1,"featured_media":0,"parent":101,"menu_order":1,"comment_status":"closed","ping_status":"closed","template":"","meta":{"footnotes":""},"class_list":["post-103","page","type-page","status-publish","hentry"],"yoast_head":"<!-- This site is optimized with the Yoast SEO plugin v26.8 - https:\/\/yoast.com\/product\/yoast-seo-wordpress\/ -->\n<title>Cric, crac, croc! - Compagnie Pataconte<\/title>\n<meta name=\"robots\" content=\"index, follow, max-snippet:-1, max-image-preview:large, max-video-preview:-1\" \/>\n<link rel=\"canonical\" href=\"https:\/\/pataconte.fr\/index.php\/les-spectacles\/les-valisettes\/cric-crac-croc\/\" \/>\n<meta property=\"og:locale\" content=\"fr_FR\" \/>\n<meta property=\"og:type\" content=\"article\" \/>\n<meta property=\"og:title\" content=\"Cric, crac, croc! - Compagnie Pataconte\" \/>\n<meta property=\"og:url\" content=\"https:\/\/pataconte.fr\/index.php\/les-spectacles\/les-valisettes\/cric-crac-croc\/\" \/>\n<meta property=\"og:site_name\" content=\"Compagnie Pataconte\" \/>\n<meta property=\"article:modified_time\" content=\"2024-10-15T14:40:18+00:00\" \/>\n<meta property=\"og:image\" content=\"https:\/\/pataconte.fr\/wp-content\/uploads\/2024\/10\/image00017.jpeg\" \/>\n<meta name=\"twitter:card\" content=\"summary_large_image\" \/>\n<meta name=\"twitter:label1\" content=\"Dur\u00e9e de lecture estim\u00e9e\" \/>\n\t<meta name=\"twitter:data1\" content=\"3 minutes\" \/>\n<script type=\"application\/ld+json\" class=\"yoast-schema-graph\">{\"@context\":\"https:\/\/schema.org\",\"@graph\":[{\"@type\":\"WebPage\",\"@id\":\"https:\/\/pataconte.fr\/index.php\/les-spectacles\/les-valisettes\/cric-crac-croc\/\",\"url\":\"https:\/\/pataconte.fr\/index.php\/les-spectacles\/les-valisettes\/cric-crac-croc\/\",\"name\":\"Cric, crac, croc! - Compagnie Pataconte\",\"isPartOf\":{\"@id\":\"https:\/\/pataconte.fr\/#website\"},\"primaryImageOfPage\":{\"@id\":\"https:\/\/pataconte.fr\/index.php\/les-spectacles\/les-valisettes\/cric-crac-croc\/#primaryimage\"},\"image\":{\"@id\":\"https:\/\/pataconte.fr\/index.php\/les-spectacles\/les-valisettes\/cric-crac-croc\/#primaryimage\"},\"thumbnailUrl\":\"https:\/\/pataconte.fr\/wp-content\/uploads\/2024\/10\/image00017.jpeg\",\"datePublished\":\"2019-06-22T16:39:12+00:00\",\"dateModified\":\"2024-10-15T14:40:18+00:00\",\"breadcrumb\":{\"@id\":\"https:\/\/pataconte.fr\/index.php\/les-spectacles\/les-valisettes\/cric-crac-croc\/#breadcrumb\"},\"inLanguage\":\"fr-FR\",\"potentialAction\":[{\"@type\":\"ReadAction\",\"target\":[\"https:\/\/pataconte.fr\/index.php\/les-spectacles\/les-valisettes\/cric-crac-croc\/\"]}]},{\"@type\":\"ImageObject\",\"inLanguage\":\"fr-FR\",\"@id\":\"https:\/\/pataconte.fr\/index.php\/les-spectacles\/les-valisettes\/cric-crac-croc\/#primaryimage\",\"url\":\"https:\/\/pataconte.fr\/wp-content\/uploads\/2024\/10\/image00017.jpeg\",\"contentUrl\":\"https:\/\/pataconte.fr\/wp-content\/uploads\/2024\/10\/image00017.jpeg\",\"width\":812,\"height\":812},{\"@type\":\"BreadcrumbList\",\"@id\":\"https:\/\/pataconte.fr\/index.php\/les-spectacles\/les-valisettes\/cric-crac-croc\/#breadcrumb\",\"itemListElement\":[{\"@type\":\"ListItem\",\"position\":1,\"name\":\"Accueil\",\"item\":\"https:\/\/pataconte.fr\/\"},{\"@type\":\"ListItem\",\"position\":2,\"name\":\"Spectacles\",\"item\":\"https:\/\/pataconte.fr\/index.php\/les-spectacles\/\"},{\"@type\":\"ListItem\",\"position\":3,\"name\":\"Les petites valisettes!\",\"item\":\"https:\/\/pataconte.fr\/index.php\/les-spectacles\/les-valisettes\/\"},{\"@type\":\"ListItem\",\"position\":4,\"name\":\"Cric, crac, croc!\"}]},{\"@type\":\"WebSite\",\"@id\":\"https:\/\/pataconte.fr\/#website\",\"url\":\"https:\/\/pataconte.fr\/\",\"name\":\"Compagnie Pataconte\",\"description\":\"\",\"publisher\":{\"@id\":\"https:\/\/pataconte.fr\/#organization\"},\"potentialAction\":[{\"@type\":\"SearchAction\",\"target\":{\"@type\":\"EntryPoint\",\"urlTemplate\":\"https:\/\/pataconte.fr\/?s={search_term_string}\"},\"query-input\":{\"@type\":\"PropertyValueSpecification\",\"valueRequired\":true,\"valueName\":\"search_term_string\"}}],\"inLanguage\":\"fr-FR\"},{\"@type\":\"Organization\",\"@id\":\"https:\/\/pataconte.fr\/#organization\",\"name\":\"Compagnie Pataconte\",\"url\":\"https:\/\/pataconte.fr\/\",\"logo\":{\"@type\":\"ImageObject\",\"inLanguage\":\"fr-FR\",\"@id\":\"https:\/\/pataconte.fr\/#\/schema\/logo\/image\/\",\"url\":\"https:\/\/pataconte.fr\/wp-content\/uploads\/2019\/06\/Logo-redessine\u0301.jpg\",\"contentUrl\":\"https:\/\/pataconte.fr\/wp-content\/uploads\/2019\/06\/Logo-redessine\u0301.jpg\",\"width\":3049,\"height\":2881,\"caption\":\"Compagnie Pataconte\"},\"image\":{\"@id\":\"https:\/\/pataconte.fr\/#\/schema\/logo\/image\/\"}}]}<\/script>\n<!-- \/ Yoast SEO plugin. -->","yoast_head_json":{"title":"Cric, crac, croc! - Compagnie Pataconte","robots":{"index":"index","follow":"follow","max-snippet":"max-snippet:-1","max-image-preview":"max-image-preview:large","max-video-preview":"max-video-preview:-1"},"canonical":"https:\/\/pataconte.fr\/index.php\/les-spectacles\/les-valisettes\/cric-crac-croc\/","og_locale":"fr_FR","og_type":"article","og_title":"Cric, crac, croc! - Compagnie Pataconte","og_url":"https:\/\/pataconte.fr\/index.php\/les-spectacles\/les-valisettes\/cric-crac-croc\/","og_site_name":"Compagnie Pataconte","article_modified_time":"2024-10-15T14:40:18+00:00","og_image":[{"url":"https:\/\/pataconte.fr\/wp-content\/uploads\/2024\/10\/image00017.jpeg","type":"","width":"","height":""}],"twitter_card":"summary_large_image","twitter_misc":{"Dur\u00e9e de lecture estim\u00e9e":"3 minutes"},"schema":{"@context":"https:\/\/schema.org","@graph":[{"@type":"WebPage","@id":"https:\/\/pataconte.fr\/index.php\/les-spectacles\/les-valisettes\/cric-crac-croc\/","url":"https:\/\/pataconte.fr\/index.php\/les-spectacles\/les-valisettes\/cric-crac-croc\/","name":"Cric, crac, croc! - Compagnie Pataconte","isPartOf":{"@id":"https:\/\/pataconte.fr\/#website"},"primaryImageOfPage":{"@id":"https:\/\/pataconte.fr\/index.php\/les-spectacles\/les-valisettes\/cric-crac-croc\/#primaryimage"},"image":{"@id":"https:\/\/pataconte.fr\/index.php\/les-spectacles\/les-valisettes\/cric-crac-croc\/#primaryimage"},"thumbnailUrl":"https:\/\/pataconte.fr\/wp-content\/uploads\/2024\/10\/image00017.jpeg","datePublished":"2019-06-22T16:39:12+00:00","dateModified":"2024-10-15T14:40:18+00:00","breadcrumb":{"@id":"https:\/\/pataconte.fr\/index.php\/les-spectacles\/les-valisettes\/cric-crac-croc\/#breadcrumb"},"inLanguage":"fr-FR","potentialAction":[{"@type":"ReadAction","target":["https:\/\/pataconte.fr\/index.php\/les-spectacles\/les-valisettes\/cric-crac-croc\/"]}]},{"@type":"ImageObject","inLanguage":"fr-FR","@id":"https:\/\/pataconte.fr\/index.php\/les-spectacles\/les-valisettes\/cric-crac-croc\/#primaryimage","url":"https:\/\/pataconte.fr\/wp-content\/uploads\/2024\/10\/image00017.jpeg","contentUrl":"https:\/\/pataconte.fr\/wp-content\/uploads\/2024\/10\/image00017.jpeg","width":812,"height":812},{"@type":"BreadcrumbList","@id":"https:\/\/pataconte.fr\/index.php\/les-spectacles\/les-valisettes\/cric-crac-croc\/#breadcrumb","itemListElement":[{"@type":"ListItem","position":1,"name":"Accueil","item":"https:\/\/pataconte.fr\/"},{"@type":"ListItem","position":2,"name":"Spectacles","item":"https:\/\/pataconte.fr\/index.php\/les-spectacles\/"},{"@type":"ListItem","position":3,"name":"Les petites valisettes!","item":"https:\/\/pataconte.fr\/index.php\/les-spectacles\/les-valisettes\/"},{"@type":"ListItem","position":4,"name":"Cric, crac, croc!"}]},{"@type":"WebSite","@id":"https:\/\/pataconte.fr\/#website","url":"https:\/\/pataconte.fr\/","name":"Compagnie Pataconte","description":"","publisher":{"@id":"https:\/\/pataconte.fr\/#organization"},"potentialAction":[{"@type":"SearchAction","target":{"@type":"EntryPoint","urlTemplate":"https:\/\/pataconte.fr\/?s={search_term_string}"},"query-input":{"@type":"PropertyValueSpecification","valueRequired":true,"valueName":"search_term_string"}}],"inLanguage":"fr-FR"},{"@type":"Organization","@id":"https:\/\/pataconte.fr\/#organization","name":"Compagnie Pataconte","url":"https:\/\/pataconte.fr\/","logo":{"@type":"ImageObject","inLanguage":"fr-FR","@id":"https:\/\/pataconte.fr\/#\/schema\/logo\/image\/","url":"https:\/\/pataconte.fr\/wp-content\/uploads\/2019\/06\/Logo-redessine\u0301.jpg","contentUrl":"https:\/\/pataconte.fr\/wp-content\/uploads\/2019\/06\/Logo-redessine\u0301.jpg","width":3049,"height":2881,"caption":"Compagnie Pataconte"},"image":{"@id":"https:\/\/pataconte.fr\/#\/schema\/logo\/image\/"}}]}},"acf":[],"_links":{"self":[{"href":"https:\/\/pataconte.fr\/index.php\/wp-json\/wp\/v2\/pages\/103","targetHints":{"allow":["GET"]}}],"collection":[{"href":"https:\/\/pataconte.fr\/index.php\/wp-json\/wp\/v2\/pages"}],"about":[{"href":"https:\/\/pataconte.fr\/index.php\/wp-json\/wp\/v2\/types\/page"}],"author":[{"embeddable":true,"href":"https:\/\/pataconte.fr\/index.php\/wp-json\/wp\/v2\/users\/1"}],"replies":[{"embeddable":true,"href":"https:\/\/pataconte.fr\/index.php\/wp-json\/wp\/v2\/comments?post=103"}],"version-history":[{"count":16,"href":"https:\/\/pataconte.fr\/index.php\/wp-json\/wp\/v2\/pages\/103\/revisions"}],"predecessor-version":[{"id":1946,"href":"https:\/\/pataconte.fr\/index.php\/wp-json\/wp\/v2\/pages\/103\/revisions\/1946"}],"up":[{"embeddable":true,"href":"https:\/\/pataconte.fr\/index.php\/wp-json\/wp\/v2\/pages\/101"}],"wp:attachment":[{"href":"https:\/\/pataconte.fr\/index.php\/wp-json\/wp\/v2\/media?parent=103"}],"curies":[{"name":"wp","href":"https:\/\/api.w.org\/{rel}","templated":true}]}}